{"id":932,"date":"2024-12-05T14:53:52","date_gmt":"2024-12-05T11:53:52","guid":{"rendered":"https:\/\/beytepeenerji.com\/?page_id=932"},"modified":"2024-12-05T15:00:48","modified_gmt":"2024-12-05T12:00:48","slug":"seral-makina","status":"publish","type":"page","link":"https:\/\/beytepeenerji.com\/en\/seral-makina\/","title":{"rendered":"Seral Makina"},"content":{"rendered":"<div data-elementor-type=\"wp-page\" data-elementor-id=\"932\" class=\"elementor elementor-932\">\n\t\t\t\t<div class=\"elementor-element elementor-element-5d4f7f1 e-flex e-con-boxed e-con e-parent\" data-id=\"5d4f7f1\" data-element_type=\"container\">\n\t\t\t\t\t<div class=\"e-con-inner\">\n\t\t<div class=\"elementor-element elementor-element-c983ce2 e-con-full e-flex e-con e-child\" data-id=\"c983ce2\" data-element_type=\"container\">\n\t\t\t\t<div class=\"elementor-element elementor-element-63c9f55 elementor-widget elementor-widget-text-editor\" data-id=\"63c9f55\" data-element_type=\"widget\" data-widget_type=\"text-editor.default\">\n\t\t\t\t<div class=\"elementor-widget-container\">\n\t\t\t<style>\/*! elementor - v3.21.0 - 18-04-2024 *\/\n.elementor-widget-text-editor.elementor-drop-cap-view-stacked .elementor-drop-cap{background-color:#69727d;color:#fff}.elementor-widget-text-editor.elementor-drop-cap-view-framed .elementor-drop-cap{color:#69727d;border:3px solid;background-color:transparent}.elementor-widget-text-editor:not(.elementor-drop-cap-view-default) .elementor-drop-cap{margin-top:8px}.elementor-widget-text-editor:not(.elementor-drop-cap-view-default) .elementor-drop-cap-letter{width:1em;height:1em}.elementor-widget-text-editor .elementor-drop-cap{float:left;text-align:center;line-height:1;font-size:50px}.elementor-widget-text-editor .elementor-drop-cap-letter{display:inline-block}<\/style>\t\t\t\t<table width=\"579\"><tbody><tr><td>Project Power:<\/td><td>451 kWP<\/td><\/tr><tr><td>Annual Generation:<\/td><td>656.548,353 kWh \/ y\u0131l<\/td><\/tr><tr class=\"bg-white\"><td>Completion Date:<\/td><td>Ekim 2023<\/td><\/tr><tr><td>Number of Trees Saved:<\/td><td colspan=\"2\">890 Adet\u00a0<\/td><\/tr><tr class=\"bg-white\"><td>Avoided Annual Carbon Emissions:<\/td><td colspan=\"2\">380 ton<\/td><\/tr><tr><td>Annual Household Consumption Equivalent:<\/td><td colspan=\"2\">250 Adet<\/td><\/tr><\/tbody><\/table>\t\t\t\t\t\t<\/div>\n\t\t\t\t<\/div>\n\t\t\t\t<\/div>\n\t\t<div class=\"elementor-element elementor-element-8848926 e-con-full e-flex e-con e-child\" data-id=\"8848926\" data-element_type=\"container\">\n\t\t\t\t<div class=\"elementor-element elementor-element-233a844 elementor-widget elementor-widget-tm_imagebox_element\" data-id=\"233a844\" data-element_type=\"widget\" data-widget_type=\"tm_imagebox_element.default\">\n\t\t\t\t<div class=\"elementor-widget-container\">\n\t\t\t<div class=\"tm-single-image-wrapper  imagestyle-one wpb_single_image vc_align_\">\n<div class=\"tm-single-image-inner\">\n\t<img decoding=\"async\" src=\"https:\/\/beytepeenerji.com\/wp-content\/uploads\/2024\/12\/seral-makina-4-1024x576.jpg\" class=\"tm-single-image-img\" alt=\"Image\" \/>\t<div class=\"tm-desctext\">\n\t\t\t<\/div>\n<\/div>\n<\/div>\n\n\n\t\t<\/div>\n\t\t\t\t<\/div>\n\t\t\t\t<\/div>\n\t\t\t\t\t<\/div>\n\t\t\t\t<\/div>\n\t\t<div class=\"elementor-element elementor-element-26d2767 e-flex e-con-boxed e-con e-parent\" data-id=\"26d2767\" data-element_type=\"container\">\n\t\t\t\t\t<div class=\"e-con-inner\">\n\t\t\t\t<div class=\"elementor-element elementor-element-a62f4fd elementor-widget elementor-widget-image-gallery\" data-id=\"a62f4fd\" data-element_type=\"widget\" data-widget_type=\"image-gallery.default\">\n\t\t\t\t<div class=\"elementor-widget-container\">\n\t\t\t<style>\/*! elementor - v3.21.0 - 18-04-2024 *\/\n.elementor-image-gallery .gallery-item{display:inline-block;text-align:center;vertical-align:top;width:100%;max-width:100%;margin:0 auto}.elementor-image-gallery .gallery-item img{margin:0 auto}.elementor-image-gallery .gallery-item .gallery-caption{margin:0}.elementor-image-gallery figure img{display:block}.elementor-image-gallery figure figcaption{width:100%}.gallery-spacing-custom .elementor-image-gallery .gallery-icon{padding:0}@media (min-width:768px){.elementor-image-gallery .gallery-columns-2 .gallery-item{max-width:50%}.elementor-image-gallery .gallery-columns-3 .gallery-item{max-width:33.33%}.elementor-image-gallery .gallery-columns-4 .gallery-item{max-width:25%}.elementor-image-gallery .gallery-columns-5 .gallery-item{max-width:20%}.elementor-image-gallery .gallery-columns-6 .gallery-item{max-width:16.666%}.elementor-image-gallery .gallery-columns-7 .gallery-item{max-width:14.28%}.elementor-image-gallery .gallery-columns-8 .gallery-item{max-width:12.5%}.elementor-image-gallery .gallery-columns-9 .gallery-item{max-width:11.11%}.elementor-image-gallery .gallery-columns-10 .gallery-item{max-width:10%}}@media (min-width:480px) and (max-width:767px){.elementor-image-gallery .gallery.gallery-columns-2 .gallery-item,.elementor-image-gallery .gallery.gallery-columns-3 .gallery-item,.elementor-image-gallery .gallery.gallery-columns-4 .gallery-item,.elementor-image-gallery .gallery.gallery-columns-5 .gallery-item,.elementor-image-gallery .gallery.gallery-columns-6 .gallery-item,.elementor-image-gallery .gallery.gallery-columns-7 .gallery-item,.elementor-image-gallery .gallery.gallery-columns-8 .gallery-item,.elementor-image-gallery .gallery.gallery-columns-9 .gallery-item,.elementor-image-gallery .gallery.gallery-columns-10 .gallery-item{max-width:50%}}@media (max-width:479px){.elementor-image-gallery .gallery.gallery-columns-2 .gallery-item,.elementor-image-gallery .gallery.gallery-columns-3 .gallery-item,.elementor-image-gallery .gallery.gallery-columns-4 .gallery-item,.elementor-image-gallery .gallery.gallery-columns-5 .gallery-item,.elementor-image-gallery .gallery.gallery-columns-6 .gallery-item,.elementor-image-gallery .gallery.gallery-columns-7 .gallery-item,.elementor-image-gallery .gallery.gallery-columns-8 .gallery-item,.elementor-image-gallery .gallery.gallery-columns-9 .gallery-item,.elementor-image-gallery .gallery.gallery-columns-10 .gallery-item{max-width:100%}}<\/style>\t\t<div class=\"elementor-image-gallery\">\n\t\t\t<div id='gallery-1' class='gallery galleryid-932 gallery-columns-3 gallery-size-full'><figure class='gallery-item'>\n\t\t\t<div class='gallery-icon landscape'>\n\t\t\t\t<a data-elementor-open-lightbox=\"yes\" data-elementor-lightbox-slideshow=\"a62f4fd\" data-elementor-lightbox-title=\"DCIM100MEDIADJI_0036.JPG\" data-e-action-hash=\"#elementor-action%3Aaction%3Dlightbox%26settings%3DeyJpZCI6OTM3LCJ1cmwiOiJodHRwczpcL1wvYmV5dGVwZWVuZXJqaS5jb21cL3dwLWNvbnRlbnRcL3VwbG9hZHNcLzIwMjRcLzEyXC9zZXJhbC1tYWtpbmEtMS5qcGciLCJzbGlkZXNob3ciOiJhNjJmNGZkIn0%3D\" href='https:\/\/beytepeenerji.com\/wp-content\/uploads\/2024\/12\/seral-makina-1.jpg'><img fetchpriority=\"high\" decoding=\"async\" width=\"1600\" height=\"900\" src=\"https:\/\/beytepeenerji.com\/wp-content\/uploads\/2024\/12\/seral-makina-1.jpg\" class=\"attachment-full size-full\" alt=\"\" aria-describedby=\"gallery-1-937\" srcset=\"https:\/\/beytepeenerji.com\/wp-content\/uploads\/2024\/12\/seral-makina-1.jpg 1600w, https:\/\/beytepeenerji.com\/wp-content\/uploads\/2024\/12\/seral-makina-1-300x169.jpg 300w, https:\/\/beytepeenerji.com\/wp-content\/uploads\/2024\/12\/seral-makina-1-1024x576.jpg 1024w, https:\/\/beytepeenerji.com\/wp-content\/uploads\/2024\/12\/seral-makina-1-768x432.jpg 768w, https:\/\/beytepeenerji.com\/wp-content\/uploads\/2024\/12\/seral-makina-1-1536x864.jpg 1536w, https:\/\/beytepeenerji.com\/wp-content\/uploads\/2024\/12\/seral-makina-1-18x10.jpg 18w, https:\/\/beytepeenerji.com\/wp-content\/uploads\/2024\/12\/seral-makina-1-520x293.jpg 520w, https:\/\/beytepeenerji.com\/wp-content\/uploads\/2024\/12\/seral-makina-1-650x366.jpg 650w\" sizes=\"(max-width: 1600px) 100vw, 1600px\" data-id=\"937\" \/><\/a>\n\t\t\t<\/div>\n\t\t\t\t<figcaption class='wp-caption-text gallery-caption' id='gallery-1-937'>\n\t\t\t\tDCIM100MEDIADJI_0036.JPG\n\t\t\t\t<\/figcaption><\/figure><figure class='gallery-item'>\n\t\t\t<div class='gallery-icon landscape'>\n\t\t\t\t<a data-elementor-open-lightbox=\"yes\" data-elementor-lightbox-slideshow=\"a62f4fd\" data-elementor-lightbox-title=\"DCIM100MEDIADJI_0037.JPG\" data-e-action-hash=\"#elementor-action%3Aaction%3Dlightbox%26settings%3DeyJpZCI6OTM4LCJ1cmwiOiJodHRwczpcL1wvYmV5dGVwZWVuZXJqaS5jb21cL3dwLWNvbnRlbnRcL3VwbG9hZHNcLzIwMjRcLzEyXC9zZXJhbC1tYWtpbmEtMi5qcGciLCJzbGlkZXNob3ciOiJhNjJmNGZkIn0%3D\" href='https:\/\/beytepeenerji.com\/wp-content\/uploads\/2024\/12\/seral-makina-2.jpg'><img decoding=\"async\" width=\"1600\" height=\"900\" src=\"https:\/\/beytepeenerji.com\/wp-content\/uploads\/2024\/12\/seral-makina-2.jpg\" class=\"attachment-full size-full\" alt=\"\" aria-describedby=\"gallery-1-938\" srcset=\"https:\/\/beytepeenerji.com\/wp-content\/uploads\/2024\/12\/seral-makina-2.jpg 1600w, https:\/\/beytepeenerji.com\/wp-content\/uploads\/2024\/12\/seral-makina-2-300x169.jpg 300w, https:\/\/beytepeenerji.com\/wp-content\/uploads\/2024\/12\/seral-makina-2-1024x576.jpg 1024w, https:\/\/beytepeenerji.com\/wp-content\/uploads\/2024\/12\/seral-makina-2-768x432.jpg 768w, https:\/\/beytepeenerji.com\/wp-content\/uploads\/2024\/12\/seral-makina-2-1536x864.jpg 1536w, https:\/\/beytepeenerji.com\/wp-content\/uploads\/2024\/12\/seral-makina-2-18x10.jpg 18w, https:\/\/beytepeenerji.com\/wp-content\/uploads\/2024\/12\/seral-makina-2-520x293.jpg 520w, https:\/\/beytepeenerji.com\/wp-content\/uploads\/2024\/12\/seral-makina-2-650x366.jpg 650w\" sizes=\"(max-width: 1600px) 100vw, 1600px\" data-id=\"938\" \/><\/a>\n\t\t\t<\/div>\n\t\t\t\t<figcaption class='wp-caption-text gallery-caption' id='gallery-1-938'>\n\t\t\t\tDCIM100MEDIADJI_0037.JPG\n\t\t\t\t<\/figcaption><\/figure><figure class='gallery-item'>\n\t\t\t<div class='gallery-icon landscape'>\n\t\t\t\t<a data-elementor-open-lightbox=\"yes\" data-elementor-lightbox-slideshow=\"a62f4fd\" data-elementor-lightbox-title=\"DCIM100MEDIADJI_0040.JPG\" data-e-action-hash=\"#elementor-action%3Aaction%3Dlightbox%26settings%3DeyJpZCI6OTM5LCJ1cmwiOiJodHRwczpcL1wvYmV5dGVwZWVuZXJqaS5jb21cL3dwLWNvbnRlbnRcL3VwbG9hZHNcLzIwMjRcLzEyXC9zZXJhbC1tYWtpbmEtMy5qcGciLCJzbGlkZXNob3ciOiJhNjJmNGZkIn0%3D\" href='https:\/\/beytepeenerji.com\/wp-content\/uploads\/2024\/12\/seral-makina-3.jpg'><img decoding=\"async\" width=\"1600\" height=\"900\" src=\"https:\/\/beytepeenerji.com\/wp-content\/uploads\/2024\/12\/seral-makina-3.jpg\" class=\"attachment-full size-full\" alt=\"\" aria-describedby=\"gallery-1-939\" srcset=\"https:\/\/beytepeenerji.com\/wp-content\/uploads\/2024\/12\/seral-makina-3.jpg 1600w, https:\/\/beytepeenerji.com\/wp-content\/uploads\/2024\/12\/seral-makina-3-300x169.jpg 300w, https:\/\/beytepeenerji.com\/wp-content\/uploads\/2024\/12\/seral-makina-3-1024x576.jpg 1024w, https:\/\/beytepeenerji.com\/wp-content\/uploads\/2024\/12\/seral-makina-3-768x432.jpg 768w, https:\/\/beytepeenerji.com\/wp-content\/uploads\/2024\/12\/seral-makina-3-1536x864.jpg 1536w, https:\/\/beytepeenerji.com\/wp-content\/uploads\/2024\/12\/seral-makina-3-18x10.jpg 18w, https:\/\/beytepeenerji.com\/wp-content\/uploads\/2024\/12\/seral-makina-3-520x293.jpg 520w, https:\/\/beytepeenerji.com\/wp-content\/uploads\/2024\/12\/seral-makina-3-650x366.jpg 650w\" sizes=\"(max-width: 1600px) 100vw, 1600px\" data-id=\"939\" \/><\/a>\n\t\t\t<\/div>\n\t\t\t\t<figcaption class='wp-caption-text gallery-caption' id='gallery-1-939'>\n\t\t\t\tDCIM100MEDIADJI_0040.JPG\n\t\t\t\t<\/figcaption><\/figure>\n\t\t<\/div>\n\t\t<\/div>\n\t\t\t\t<\/div>\n\t\t\t\t<\/div>\n\t\t\t\t\t<\/div>\n\t\t\t\t<\/div>\n\t\t\t\t<\/div>","protected":false},"excerpt":{"rendered":"<p>Proje G\u00fcc\u00fc: 451 kWP Y\u0131ll\u0131k \u00dcretim: 656.548,353 kWh \/ y\u0131l Tamamlanma Tarihi: Ekim 2023 Kurtar\u0131lan A\u011fa\u00e7 Say\u0131s\u0131: 890 Adet\u00a0 Engellenen Y\u0131ll\u0131k Karbon Emisyonu: 380 ton Y\u0131ll\u0131k Hane T\u00fcketim Kar\u015f\u0131l\u0131\u011f\u0131: 250 Adet DCIM100MEDIADJI_0036.JPG DCIM100MEDIADJI_0037.JPG DCIM100MEDIADJI_0040.JPG<\/p>","protected":false},"author":1,"featured_media":0,"parent":0,"menu_order":0,"comment_status":"closed","ping_status":"closed","template":"","meta":{"footnotes":""},"_links":{"self":[{"href":"https:\/\/beytepeenerji.com\/en\/wp-json\/wp\/v2\/pages\/932"}],"collection":[{"href":"https:\/\/beytepeenerji.com\/en\/wp-json\/wp\/v2\/pages"}],"about":[{"href":"https:\/\/beytepeenerji.com\/en\/wp-json\/wp\/v2\/types\/page"}],"author":[{"embeddable":true,"href":"https:\/\/beytepeenerji.com\/en\/wp-json\/wp\/v2\/users\/1"}],"replies":[{"embeddable":true,"href":"https:\/\/beytepeenerji.com\/en\/wp-json\/wp\/v2\/comments?post=932"}],"version-history":[{"count":7,"href":"https:\/\/beytepeenerji.com\/en\/wp-json\/wp\/v2\/pages\/932\/revisions"}],"predecessor-version":[{"id":944,"href":"https:\/\/beytepeenerji.com\/en\/wp-json\/wp\/v2\/pages\/932\/revisions\/944"}],"wp:attachment":[{"href":"https:\/\/beytepeenerji.com\/en\/wp-json\/wp\/v2\/media?parent=932"}],"curies":[{"name":"wp","href":"https:\/\/api.w.org\/{rel}","templated":true}]}}