{"id":910,"date":"2024-11-30T10:04:04","date_gmt":"2024-11-30T07:04:04","guid":{"rendered":"https:\/\/beytepeenerji.com\/?page_id=910"},"modified":"2025-09-23T09:30:12","modified_gmt":"2025-09-23T06:30:12","slug":"gunil-ges","status":"publish","type":"page","link":"https:\/\/beytepeenerji.com\/en\/gunil-ges\/","title":{"rendered":"G\u00fcnil GES"},"content":{"rendered":"<div data-elementor-type=\"wp-page\" data-elementor-id=\"910\" class=\"elementor elementor-910\">\n\t\t\t\t<div class=\"elementor-element elementor-element-6c791a7 e-flex e-con-boxed e-con e-parent\" data-id=\"6c791a7\" data-element_type=\"container\">\n\t\t\t\t\t<div class=\"e-con-inner\">\n\t\t<div class=\"elementor-element elementor-element-7a8fc63 e-con-full e-flex e-con e-child\" data-id=\"7a8fc63\" data-element_type=\"container\">\n\t\t\t\t<div class=\"elementor-element elementor-element-3cf149b elementor-widget elementor-widget-text-editor\" data-id=\"3cf149b\" data-element_type=\"widget\" data-widget_type=\"text-editor.default\">\n\t\t\t\t<div class=\"elementor-widget-container\">\n\t\t\t<style>\/*! elementor - v3.21.0 - 18-04-2024 *\/\n.elementor-widget-text-editor.elementor-drop-cap-view-stacked .elementor-drop-cap{background-color:#69727d;color:#fff}.elementor-widget-text-editor.elementor-drop-cap-view-framed .elementor-drop-cap{color:#69727d;border:3px solid;background-color:transparent}.elementor-widget-text-editor:not(.elementor-drop-cap-view-default) .elementor-drop-cap{margin-top:8px}.elementor-widget-text-editor:not(.elementor-drop-cap-view-default) .elementor-drop-cap-letter{width:1em;height:1em}.elementor-widget-text-editor .elementor-drop-cap{float:left;text-align:center;line-height:1;font-size:50px}.elementor-widget-text-editor .elementor-drop-cap-letter{display:inline-block}<\/style>\t\t\t\t<table width=\"579\"><tbody><tr><td>Project Power:<\/td><td>2000 kWP<\/td><\/tr><tr><td>Annual Generation:<\/td><td>2.911.522,629 kWh \/ y\u0131l<\/td><\/tr><tr class=\"bg-white\"><td>Completion Date:<\/td><td>Haziran 2024<\/td><\/tr><tr><td>Number of Trees Saved:<\/td><td colspan=\"2\">4100 Adet<\/td><\/tr><tr class=\"bg-white\"><td>Avoided Annual Carbon Emissions:<\/td><td colspan=\"2\">1900 ton<\/td><\/tr><tr><td>Annual Household Consumption Equivalent:<\/td><td colspan=\"2\">1200 Adet<\/td><\/tr><\/tbody><\/table>\t\t\t\t\t\t<\/div>\n\t\t\t\t<\/div>\n\t\t\t\t<\/div>\n\t\t<div class=\"elementor-element elementor-element-c5f690c e-con-full e-flex e-con e-child\" data-id=\"c5f690c\" data-element_type=\"container\">\n\t\t\t\t<div class=\"elementor-element elementor-element-4c29362 elementor-widget elementor-widget-video\" data-id=\"4c29362\" data-element_type=\"widget\" data-settings=\"{&quot;youtube_url&quot;:&quot;https:\\\/\\\/youtu.be\\\/N3AgUUShpVg?si=trwVGm5LsJI4PQT5&quot;,&quot;video_type&quot;:&quot;youtube&quot;,&quot;controls&quot;:&quot;yes&quot;}\" data-widget_type=\"video.default\">\n\t\t\t\t<div class=\"elementor-widget-container\">\n\t\t\t<style>\/*! elementor - v3.21.0 - 18-04-2024 *\/\n.elementor-widget-video .elementor-widget-container{overflow:hidden;transform:translateZ(0)}.elementor-widget-video .elementor-wrapper{aspect-ratio:var(--video-aspect-ratio)}.elementor-widget-video .elementor-wrapper iframe,.elementor-widget-video .elementor-wrapper video{height:100%;width:100%;display:flex;border:none;background-color:#000}@supports not (aspect-ratio:1\/1){.elementor-widget-video .elementor-wrapper{position:relative;overflow:hidden;height:0;padding-bottom:calc(100% \/ var(--video-aspect-ratio))}.elementor-widget-video .elementor-wrapper iframe,.elementor-widget-video .elementor-wrapper video{position:absolute;top:0;right:0;bottom:0;left:0}}.elementor-widget-video .elementor-open-inline .elementor-custom-embed-image-overlay{position:absolute;top:0;right:0;bottom:0;left:0;background-size:cover;background-position:50%}.elementor-widget-video .elementor-custom-embed-image-overlay{cursor:pointer;text-align:center}.elementor-widget-video .elementor-custom-embed-image-overlay:hover .elementor-custom-embed-play i{opacity:1}.elementor-widget-video .elementor-custom-embed-image-overlay img{display:block;width:100%;aspect-ratio:var(--video-aspect-ratio);-o-object-fit:cover;object-fit:cover;-o-object-position:center center;object-position:center center}@supports not (aspect-ratio:1\/1){.elementor-widget-video .elementor-custom-embed-image-overlay{position:relative;overflow:hidden;height:0;padding-bottom:calc(100% \/ var(--video-aspect-ratio))}.elementor-widget-video .elementor-custom-embed-image-overlay img{position:absolute;top:0;right:0;bottom:0;left:0}}.elementor-widget-video .e-hosted-video .elementor-video{-o-object-fit:cover;object-fit:cover}.e-con-inner>.elementor-widget-video,.e-con>.elementor-widget-video{width:var(--container-widget-width);--flex-grow:var(--container-widget-flex-grow)}<\/style>\t\t<div class=\"elementor-wrapper elementor-open-inline\">\n\t\t\t<div class=\"elementor-video\"><\/div>\t\t<\/div>\n\t\t\t\t<\/div>\n\t\t\t\t<\/div>\n\t\t\t\t<\/div>\n\t\t\t\t\t<\/div>\n\t\t\t\t<\/div>\n\t\t<div class=\"elementor-element elementor-element-1a6140a e-flex e-con-boxed e-con e-parent\" data-id=\"1a6140a\" data-element_type=\"container\">\n\t\t\t\t\t<div class=\"e-con-inner\">\n\t\t\t\t<div class=\"elementor-element elementor-element-0badba0 elementor-widget elementor-widget-image-gallery\" data-id=\"0badba0\" data-element_type=\"widget\" data-widget_type=\"image-gallery.default\">\n\t\t\t\t<div class=\"elementor-widget-container\">\n\t\t\t<style>\/*! elementor - v3.21.0 - 18-04-2024 *\/\n.elementor-image-gallery .gallery-item{display:inline-block;text-align:center;vertical-align:top;width:100%;max-width:100%;margin:0 auto}.elementor-image-gallery .gallery-item img{margin:0 auto}.elementor-image-gallery .gallery-item .gallery-caption{margin:0}.elementor-image-gallery figure img{display:block}.elementor-image-gallery figure figcaption{width:100%}.gallery-spacing-custom .elementor-image-gallery .gallery-icon{padding:0}@media (min-width:768px){.elementor-image-gallery .gallery-columns-2 .gallery-item{max-width:50%}.elementor-image-gallery .gallery-columns-3 .gallery-item{max-width:33.33%}.elementor-image-gallery .gallery-columns-4 .gallery-item{max-width:25%}.elementor-image-gallery .gallery-columns-5 .gallery-item{max-width:20%}.elementor-image-gallery .gallery-columns-6 .gallery-item{max-width:16.666%}.elementor-image-gallery .gallery-columns-7 .gallery-item{max-width:14.28%}.elementor-image-gallery .gallery-columns-8 .gallery-item{max-width:12.5%}.elementor-image-gallery .gallery-columns-9 .gallery-item{max-width:11.11%}.elementor-image-gallery .gallery-columns-10 .gallery-item{max-width:10%}}@media (min-width:480px) and (max-width:767px){.elementor-image-gallery .gallery.gallery-columns-2 .gallery-item,.elementor-image-gallery .gallery.gallery-columns-3 .gallery-item,.elementor-image-gallery .gallery.gallery-columns-4 .gallery-item,.elementor-image-gallery .gallery.gallery-columns-5 .gallery-item,.elementor-image-gallery .gallery.gallery-columns-6 .gallery-item,.elementor-image-gallery .gallery.gallery-columns-7 .gallery-item,.elementor-image-gallery .gallery.gallery-columns-8 .gallery-item,.elementor-image-gallery .gallery.gallery-columns-9 .gallery-item,.elementor-image-gallery .gallery.gallery-columns-10 .gallery-item{max-width:50%}}@media (max-width:479px){.elementor-image-gallery .gallery.gallery-columns-2 .gallery-item,.elementor-image-gallery .gallery.gallery-columns-3 .gallery-item,.elementor-image-gallery .gallery.gallery-columns-4 .gallery-item,.elementor-image-gallery .gallery.gallery-columns-5 .gallery-item,.elementor-image-gallery .gallery.gallery-columns-6 .gallery-item,.elementor-image-gallery .gallery.gallery-columns-7 .gallery-item,.elementor-image-gallery .gallery.gallery-columns-8 .gallery-item,.elementor-image-gallery .gallery.gallery-columns-9 .gallery-item,.elementor-image-gallery .gallery.gallery-columns-10 .gallery-item{max-width:100%}}<\/style>\t\t<div class=\"elementor-image-gallery\">\n\t\t\t<div id='gallery-1' class='gallery galleryid-910 gallery-columns-4 gallery-size-medium'><figure class='gallery-item'>\n\t\t\t<div class='gallery-icon landscape'>\n\t\t\t\t<a data-elementor-open-lightbox=\"yes\" data-elementor-lightbox-slideshow=\"0badba0\" data-elementor-lightbox-title=\"Gunil Ges Beytepe Enerji (4)\" data-e-action-hash=\"#elementor-action%3Aaction%3Dlightbox%26settings%3DeyJpZCI6OTE2LCJ1cmwiOiJodHRwczpcL1wvYmV5dGVwZWVuZXJqaS5jb21cL3dwLWNvbnRlbnRcL3VwbG9hZHNcLzIwMjRcLzExXC9HdW5pbC1HZXMtQmV5dGVwZS1FbmVyamktNC0xLmpwZyIsInNsaWRlc2hvdyI6IjBiYWRiYTAifQ%3D%3D\" href='https:\/\/beytepeenerji.com\/wp-content\/uploads\/2024\/11\/Gunil-Ges-Beytepe-Enerji-4-1.jpg'><img decoding=\"async\" width=\"300\" height=\"141\" src=\"https:\/\/beytepeenerji.com\/wp-content\/uploads\/2024\/11\/Gunil-Ges-Beytepe-Enerji-4-1-300x141.jpg\" class=\"attachment-medium size-medium\" alt=\"\" srcset=\"https:\/\/beytepeenerji.com\/wp-content\/uploads\/2024\/11\/Gunil-Ges-Beytepe-Enerji-4-1-300x141.jpg 300w, https:\/\/beytepeenerji.com\/wp-content\/uploads\/2024\/11\/Gunil-Ges-Beytepe-Enerji-4-1-1024x480.jpg 1024w, https:\/\/beytepeenerji.com\/wp-content\/uploads\/2024\/11\/Gunil-Ges-Beytepe-Enerji-4-1-768x360.jpg 768w, https:\/\/beytepeenerji.com\/wp-content\/uploads\/2024\/11\/Gunil-Ges-Beytepe-Enerji-4-1-18x8.jpg 18w, https:\/\/beytepeenerji.com\/wp-content\/uploads\/2024\/11\/Gunil-Ges-Beytepe-Enerji-4-1-1170x550.jpg 1170w, https:\/\/beytepeenerji.com\/wp-content\/uploads\/2024\/11\/Gunil-Ges-Beytepe-Enerji-4-1-520x244.jpg 520w, https:\/\/beytepeenerji.com\/wp-content\/uploads\/2024\/11\/Gunil-Ges-Beytepe-Enerji-4-1-650x305.jpg 650w, https:\/\/beytepeenerji.com\/wp-content\/uploads\/2024\/11\/Gunil-Ges-Beytepe-Enerji-4-1.jpg 1341w\" sizes=\"(max-width: 300px) 100vw, 300px\" data-id=\"916\" \/><\/a>\n\t\t\t<\/div><\/figure><figure class='gallery-item'>\n\t\t\t<div class='gallery-icon landscape'>\n\t\t\t\t<a data-elementor-open-lightbox=\"yes\" data-elementor-lightbox-slideshow=\"0badba0\" data-elementor-lightbox-title=\"Gunil Ges Beytepe Enerji (5)\" data-e-action-hash=\"#elementor-action%3Aaction%3Dlightbox%26settings%3DeyJpZCI6OTE3LCJ1cmwiOiJodHRwczpcL1wvYmV5dGVwZWVuZXJqaS5jb21cL3dwLWNvbnRlbnRcL3VwbG9hZHNcLzIwMjRcLzExXC9HdW5pbC1HZXMtQmV5dGVwZS1FbmVyamktNS5qcGciLCJzbGlkZXNob3ciOiIwYmFkYmEwIn0%3D\" href='https:\/\/beytepeenerji.com\/wp-content\/uploads\/2024\/11\/Gunil-Ges-Beytepe-Enerji-5.jpg'><img decoding=\"async\" width=\"300\" height=\"141\" src=\"https:\/\/beytepeenerji.com\/wp-content\/uploads\/2024\/11\/Gunil-Ges-Beytepe-Enerji-5-300x141.jpg\" class=\"attachment-medium size-medium\" alt=\"\" srcset=\"https:\/\/beytepeenerji.com\/wp-content\/uploads\/2024\/11\/Gunil-Ges-Beytepe-Enerji-5-300x141.jpg 300w, https:\/\/beytepeenerji.com\/wp-content\/uploads\/2024\/11\/Gunil-Ges-Beytepe-Enerji-5-1024x480.jpg 1024w, https:\/\/beytepeenerji.com\/wp-content\/uploads\/2024\/11\/Gunil-Ges-Beytepe-Enerji-5-768x360.jpg 768w, https:\/\/beytepeenerji.com\/wp-content\/uploads\/2024\/11\/Gunil-Ges-Beytepe-Enerji-5-18x8.jpg 18w, https:\/\/beytepeenerji.com\/wp-content\/uploads\/2024\/11\/Gunil-Ges-Beytepe-Enerji-5-1170x550.jpg 1170w, https:\/\/beytepeenerji.com\/wp-content\/uploads\/2024\/11\/Gunil-Ges-Beytepe-Enerji-5-520x244.jpg 520w, https:\/\/beytepeenerji.com\/wp-content\/uploads\/2024\/11\/Gunil-Ges-Beytepe-Enerji-5-650x305.jpg 650w, https:\/\/beytepeenerji.com\/wp-content\/uploads\/2024\/11\/Gunil-Ges-Beytepe-Enerji-5.jpg 1341w\" sizes=\"(max-width: 300px) 100vw, 300px\" data-id=\"917\" \/><\/a>\n\t\t\t<\/div><\/figure><figure class='gallery-item'>\n\t\t\t<div class='gallery-icon landscape'>\n\t\t\t\t<a data-elementor-open-lightbox=\"yes\" data-elementor-lightbox-slideshow=\"0badba0\" data-elementor-lightbox-title=\"Gunil Ges Beytepe Enerji (6)\" data-e-action-hash=\"#elementor-action%3Aaction%3Dlightbox%26settings%3DeyJpZCI6OTE4LCJ1cmwiOiJodHRwczpcL1wvYmV5dGVwZWVuZXJqaS5jb21cL3dwLWNvbnRlbnRcL3VwbG9hZHNcLzIwMjRcLzExXC9HdW5pbC1HZXMtQmV5dGVwZS1FbmVyamktNi5qcGciLCJzbGlkZXNob3ciOiIwYmFkYmEwIn0%3D\" href='https:\/\/beytepeenerji.com\/wp-content\/uploads\/2024\/11\/Gunil-Ges-Beytepe-Enerji-6.jpg'><img decoding=\"async\" width=\"300\" height=\"141\" src=\"https:\/\/beytepeenerji.com\/wp-content\/uploads\/2024\/11\/Gunil-Ges-Beytepe-Enerji-6-300x141.jpg\" class=\"attachment-medium size-medium\" alt=\"\" srcset=\"https:\/\/beytepeenerji.com\/wp-content\/uploads\/2024\/11\/Gunil-Ges-Beytepe-Enerji-6-300x141.jpg 300w, https:\/\/beytepeenerji.com\/wp-content\/uploads\/2024\/11\/Gunil-Ges-Beytepe-Enerji-6-1024x480.jpg 1024w, https:\/\/beytepeenerji.com\/wp-content\/uploads\/2024\/11\/Gunil-Ges-Beytepe-Enerji-6-768x360.jpg 768w, https:\/\/beytepeenerji.com\/wp-content\/uploads\/2024\/11\/Gunil-Ges-Beytepe-Enerji-6-18x8.jpg 18w, https:\/\/beytepeenerji.com\/wp-content\/uploads\/2024\/11\/Gunil-Ges-Beytepe-Enerji-6-1170x550.jpg 1170w, https:\/\/beytepeenerji.com\/wp-content\/uploads\/2024\/11\/Gunil-Ges-Beytepe-Enerji-6-520x244.jpg 520w, https:\/\/beytepeenerji.com\/wp-content\/uploads\/2024\/11\/Gunil-Ges-Beytepe-Enerji-6-650x305.jpg 650w, https:\/\/beytepeenerji.com\/wp-content\/uploads\/2024\/11\/Gunil-Ges-Beytepe-Enerji-6.jpg 1341w\" sizes=\"(max-width: 300px) 100vw, 300px\" data-id=\"918\" \/><\/a>\n\t\t\t<\/div><\/figure><figure class='gallery-item'>\n\t\t\t<div class='gallery-icon landscape'>\n\t\t\t\t<a data-elementor-open-lightbox=\"yes\" data-elementor-lightbox-slideshow=\"0badba0\" data-elementor-lightbox-title=\"Gunil Ges Beytepe Enerji (1)\" data-e-action-hash=\"#elementor-action%3Aaction%3Dlightbox%26settings%3DeyJpZCI6OTE5LCJ1cmwiOiJodHRwczpcL1wvYmV5dGVwZWVuZXJqaS5jb21cL3dwLWNvbnRlbnRcL3VwbG9hZHNcLzIwMjRcLzExXC9HdW5pbC1HZXMtQmV5dGVwZS1FbmVyamktMS5qcGciLCJzbGlkZXNob3ciOiIwYmFkYmEwIn0%3D\" href='https:\/\/beytepeenerji.com\/wp-content\/uploads\/2024\/11\/Gunil-Ges-Beytepe-Enerji-1.jpg'><img loading=\"lazy\" decoding=\"async\" width=\"300\" height=\"141\" src=\"https:\/\/beytepeenerji.com\/wp-content\/uploads\/2024\/11\/Gunil-Ges-Beytepe-Enerji-1-300x141.jpg\" class=\"attachment-medium size-medium\" alt=\"\" srcset=\"https:\/\/beytepeenerji.com\/wp-content\/uploads\/2024\/11\/Gunil-Ges-Beytepe-Enerji-1-300x141.jpg 300w, https:\/\/beytepeenerji.com\/wp-content\/uploads\/2024\/11\/Gunil-Ges-Beytepe-Enerji-1-1024x480.jpg 1024w, https:\/\/beytepeenerji.com\/wp-content\/uploads\/2024\/11\/Gunil-Ges-Beytepe-Enerji-1-768x360.jpg 768w, https:\/\/beytepeenerji.com\/wp-content\/uploads\/2024\/11\/Gunil-Ges-Beytepe-Enerji-1-18x8.jpg 18w, https:\/\/beytepeenerji.com\/wp-content\/uploads\/2024\/11\/Gunil-Ges-Beytepe-Enerji-1-1170x550.jpg 1170w, https:\/\/beytepeenerji.com\/wp-content\/uploads\/2024\/11\/Gunil-Ges-Beytepe-Enerji-1-520x244.jpg 520w, https:\/\/beytepeenerji.com\/wp-content\/uploads\/2024\/11\/Gunil-Ges-Beytepe-Enerji-1-650x305.jpg 650w, https:\/\/beytepeenerji.com\/wp-content\/uploads\/2024\/11\/Gunil-Ges-Beytepe-Enerji-1.jpg 1341w\" sizes=\"(max-width: 300px) 100vw, 300px\" data-id=\"919\" \/><\/a>\n\t\t\t<\/div><\/figure><figure class='gallery-item'>\n\t\t\t<div class='gallery-icon landscape'>\n\t\t\t\t<a data-elementor-open-lightbox=\"yes\" data-elementor-lightbox-slideshow=\"0badba0\" data-elementor-lightbox-title=\"Gunil Ges Beytepe Enerji (2)\" data-e-action-hash=\"#elementor-action%3Aaction%3Dlightbox%26settings%3DeyJpZCI6OTIwLCJ1cmwiOiJodHRwczpcL1wvYmV5dGVwZWVuZXJqaS5jb21cL3dwLWNvbnRlbnRcL3VwbG9hZHNcLzIwMjRcLzExXC9HdW5pbC1HZXMtQmV5dGVwZS1FbmVyamktMi5qcGciLCJzbGlkZXNob3ciOiIwYmFkYmEwIn0%3D\" href='https:\/\/beytepeenerji.com\/wp-content\/uploads\/2024\/11\/Gunil-Ges-Beytepe-Enerji-2.jpg'><img loading=\"lazy\" decoding=\"async\" width=\"300\" height=\"141\" src=\"https:\/\/beytepeenerji.com\/wp-content\/uploads\/2024\/11\/Gunil-Ges-Beytepe-Enerji-2-300x141.jpg\" class=\"attachment-medium size-medium\" alt=\"\" srcset=\"https:\/\/beytepeenerji.com\/wp-content\/uploads\/2024\/11\/Gunil-Ges-Beytepe-Enerji-2-300x141.jpg 300w, https:\/\/beytepeenerji.com\/wp-content\/uploads\/2024\/11\/Gunil-Ges-Beytepe-Enerji-2-1024x480.jpg 1024w, https:\/\/beytepeenerji.com\/wp-content\/uploads\/2024\/11\/Gunil-Ges-Beytepe-Enerji-2-768x360.jpg 768w, https:\/\/beytepeenerji.com\/wp-content\/uploads\/2024\/11\/Gunil-Ges-Beytepe-Enerji-2-18x8.jpg 18w, https:\/\/beytepeenerji.com\/wp-content\/uploads\/2024\/11\/Gunil-Ges-Beytepe-Enerji-2-1170x550.jpg 1170w, https:\/\/beytepeenerji.com\/wp-content\/uploads\/2024\/11\/Gunil-Ges-Beytepe-Enerji-2-520x244.jpg 520w, https:\/\/beytepeenerji.com\/wp-content\/uploads\/2024\/11\/Gunil-Ges-Beytepe-Enerji-2-650x305.jpg 650w, https:\/\/beytepeenerji.com\/wp-content\/uploads\/2024\/11\/Gunil-Ges-Beytepe-Enerji-2.jpg 1341w\" sizes=\"(max-width: 300px) 100vw, 300px\" data-id=\"920\" \/><\/a>\n\t\t\t<\/div><\/figure><figure class='gallery-item'>\n\t\t\t<div class='gallery-icon landscape'>\n\t\t\t\t<a data-elementor-open-lightbox=\"yes\" data-elementor-lightbox-slideshow=\"0badba0\" data-elementor-lightbox-title=\"Gunil Ges Beytepe Enerji (3)\" data-e-action-hash=\"#elementor-action%3Aaction%3Dlightbox%26settings%3DeyJpZCI6OTIxLCJ1cmwiOiJodHRwczpcL1wvYmV5dGVwZWVuZXJqaS5jb21cL3dwLWNvbnRlbnRcL3VwbG9hZHNcLzIwMjRcLzExXC9HdW5pbC1HZXMtQmV5dGVwZS1FbmVyamktMy5qcGciLCJzbGlkZXNob3ciOiIwYmFkYmEwIn0%3D\" href='https:\/\/beytepeenerji.com\/wp-content\/uploads\/2024\/11\/Gunil-Ges-Beytepe-Enerji-3.jpg'><img loading=\"lazy\" decoding=\"async\" width=\"300\" height=\"141\" src=\"https:\/\/beytepeenerji.com\/wp-content\/uploads\/2024\/11\/Gunil-Ges-Beytepe-Enerji-3-300x141.jpg\" class=\"attachment-medium size-medium\" alt=\"\" srcset=\"https:\/\/beytepeenerji.com\/wp-content\/uploads\/2024\/11\/Gunil-Ges-Beytepe-Enerji-3-300x141.jpg 300w, https:\/\/beytepeenerji.com\/wp-content\/uploads\/2024\/11\/Gunil-Ges-Beytepe-Enerji-3-1024x480.jpg 1024w, https:\/\/beytepeenerji.com\/wp-content\/uploads\/2024\/11\/Gunil-Ges-Beytepe-Enerji-3-768x360.jpg 768w, https:\/\/beytepeenerji.com\/wp-content\/uploads\/2024\/11\/Gunil-Ges-Beytepe-Enerji-3-18x8.jpg 18w, https:\/\/beytepeenerji.com\/wp-content\/uploads\/2024\/11\/Gunil-Ges-Beytepe-Enerji-3-1170x550.jpg 1170w, https:\/\/beytepeenerji.com\/wp-content\/uploads\/2024\/11\/Gunil-Ges-Beytepe-Enerji-3-520x244.jpg 520w, https:\/\/beytepeenerji.com\/wp-content\/uploads\/2024\/11\/Gunil-Ges-Beytepe-Enerji-3-650x305.jpg 650w, https:\/\/beytepeenerji.com\/wp-content\/uploads\/2024\/11\/Gunil-Ges-Beytepe-Enerji-3.jpg 1341w\" sizes=\"(max-width: 300px) 100vw, 300px\" data-id=\"921\" \/><\/a>\n\t\t\t<\/div><\/figure>\n\t\t<\/div>\n\t\t<\/div>\n\t\t\t\t<\/div>\n\t\t\t\t<\/div>\n\t\t\t\t\t<\/div>\n\t\t\t\t<\/div>\n\t\t\t\t<\/div>","protected":false},"excerpt":{"rendered":"<p>Proje G\u00fcc\u00fc: 2000 kWP Y\u0131ll\u0131k \u00dcretim: 2.911.522,629 kWh \/ y\u0131l Tamamlanma Tarihi: Haziran 2024 Kurtar\u0131lan A\u011fa\u00e7 Say\u0131s\u0131: 4100 Adet Engellenen Y\u0131ll\u0131k Karbon Emisyonu: 1900 ton Y\u0131ll\u0131k Hane T\u00fcketim Kar\u015f\u0131l\u0131\u011f\u0131: 1200 Adet https:\/\/youtu.be\/N3AgUUShpVg?si=trwVGm5LsJI4PQT5<\/p>","protected":false},"author":1,"featured_media":0,"parent":0,"menu_order":0,"comment_status":"closed","ping_status":"closed","template":"","meta":{"footnotes":""},"_links":{"self":[{"href":"https:\/\/beytepeenerji.com\/en\/wp-json\/wp\/v2\/pages\/910"}],"collection":[{"href":"https:\/\/beytepeenerji.com\/en\/wp-json\/wp\/v2\/pages"}],"about":[{"href":"https:\/\/beytepeenerji.com\/en\/wp-json\/wp\/v2\/types\/page"}],"author":[{"embeddable":true,"href":"https:\/\/beytepeenerji.com\/en\/wp-json\/wp\/v2\/users\/1"}],"replies":[{"embeddable":true,"href":"https:\/\/beytepeenerji.com\/en\/wp-json\/wp\/v2\/comments?post=910"}],"version-history":[{"count":16,"href":"https:\/\/beytepeenerji.com\/en\/wp-json\/wp\/v2\/pages\/910\/revisions"}],"predecessor-version":[{"id":980,"href":"https:\/\/beytepeenerji.com\/en\/wp-json\/wp\/v2\/pages\/910\/revisions\/980"}],"wp:attachment":[{"href":"https:\/\/beytepeenerji.com\/en\/wp-json\/wp\/v2\/media?parent=910"}],"curies":[{"name":"wp","href":"https:\/\/api.w.org\/{rel}","templated":true}]}}