{"id":685,"date":"2024-04-23T15:56:27","date_gmt":"2024-04-23T12:56:27","guid":{"rendered":"https:\/\/epoxdemo.com.tr\/beytepeenerji\/?page_id=685"},"modified":"2024-04-23T15:56:57","modified_gmt":"2024-04-23T12:56:57","slug":"cerez-politikasi","status":"publish","type":"page","link":"https:\/\/beytepeenerji.com\/en\/cerez-politikasi\/","title":{"rendered":"Cookie Policy"},"content":{"rendered":"<div data-elementor-type=\"wp-page\" data-elementor-id=\"685\" class=\"elementor elementor-685\">\n\t\t\t\t<div class=\"elementor-element elementor-element-9057921 e-flex e-con-boxed e-con e-parent\" data-id=\"9057921\" data-element_type=\"container\">\n\t\t\t\t\t<div class=\"e-con-inner\">\n\t\t\t\t<div class=\"elementor-element elementor-element-294fc49 elementor-widget elementor-widget-text-editor\" data-id=\"294fc49\" data-element_type=\"widget\" data-widget_type=\"text-editor.default\">\n\t\t\t\t<div class=\"elementor-widget-container\">\n\t\t\t<style>\/*! elementor - v3.21.0 - 18-04-2024 *\/\n.elementor-widget-text-editor.elementor-drop-cap-view-stacked .elementor-drop-cap{background-color:#69727d;color:#fff}.elementor-widget-text-editor.elementor-drop-cap-view-framed .elementor-drop-cap{color:#69727d;border:3px solid;background-color:transparent}.elementor-widget-text-editor:not(.elementor-drop-cap-view-default) .elementor-drop-cap{margin-top:8px}.elementor-widget-text-editor:not(.elementor-drop-cap-view-default) .elementor-drop-cap-letter{width:1em;height:1em}.elementor-widget-text-editor .elementor-drop-cap{float:left;text-align:center;line-height:1;font-size:50px}.elementor-widget-text-editor .elementor-drop-cap-letter{display:inline-block}<\/style>\t\t\t\t<p><strong>Beytepe Dan\u0131\u015fmanl\u0131k Elektrik Enerji \u0130n\u015faat San. ve Tic. A.\u015e. <\/strong>taraf\u0131ndan gizlili\u011finize sayg\u0131 duyulmakta ve veri g\u00fcvenli\u011finize \u00f6nem verilmektedir. Bu kapsamda sizleri \u201c\u00c7erez\u201d (Cookie) hakk\u0131nda bilgilendirmek ve ayd\u0131nlatmak amac\u0131yla bu metin haz\u0131rlanm\u0131\u015ft\u0131r.<\/p><p><strong>Bilgilendirme<\/strong><\/p><ul><li>Bir\u00e7ok web sitesi, teknik, i\u015flevsel, deneyim kalitesini artt\u0131rmak ve benzeri bir\u00e7ok sebepten \u201c\u00c7erez\u201d (Cookie) kullanmaktad\u0131r. A\u015fa\u011f\u0131da \u201c\u00e7erez\u201d (Cookie) kullan\u0131m\u0131m\u0131z, kullan\u0131c\u0131lar\u0131n bu \u00e7erezleri \u00e7e\u015fitli mecralarda nas\u0131l y\u00f6netebilece\u011fi a\u00e7\u0131klanmaktad\u0131r.<\/li><li>Bu dok\u00fcmanda a\u00e7\u0131klanan bilgiler, Ki\u015fisel Verilerin Korunmas\u0131 Kanunu \u00e7er\u00e7evesinde sitemizden eri\u015filebilen Ayd\u0131nlatma ve A\u00e7\u0131k R\u0131za metni ile bir b\u00fct\u00fcn olarak de\u011ferlendirilmelidir.<\/li><\/ul><p><strong>\u00c7erez (Cookie) Nedir?<\/strong><\/p><ul><li>\u00c7erez (Cookie), herhangi bir \u0130nternet sitesi taraf\u0131ndan bilgisayara b\u0131rak\u0131lan bir t\u00fcr tan\u0131mlama dosyas\u0131d\u0131r. \u00c7erez dosyalar\u0131nda oturum bilgileri ve benzeri veriler saklan\u0131r. \u00c7erez kullanan bir site ziyaret edildi\u011finde bu site, eri\u015fimin yap\u0131ld\u0131\u011f\u0131 taray\u0131c\u0131ya sabit diske bir ya da daha fazla \u00e7erez b\u0131rakma konusunda talep g\u00f6nderebilir.<\/li><li>\u00c7erezler, siteyi ziyaret eden ki\u015filere ait isim, ya\u015f, adres, cinsiyet gibi ki\u015fisel verileri bar\u0131nd\u0131rmazlar.<\/li><li>\u00c7erezler hakk\u0131nda daha detayl\u0131 bilgi edinmek i\u00e7in l\u00fctfen\u00a0<a href=\"https:\/\/www.aboutcookies.org\/\">www.aboutcookies.org<\/a>\u00a0ve\u00a0<a href=\"https:\/\/www.allaboutcookies.org\/\">www.allaboutcookies.org<\/a>\u00a0sitelerini ziyaret ediniz.<\/li><\/ul><p><strong>\u00c7erez (Cookie) Tipleri Nelerdir?<\/strong><\/p><ul><li>\u00c7erez\u2019ler, kullan\u0131m amac\u0131, s\u00fcreleri ve olu\u015fturanlar a\u00e7\u0131s\u0131ndan \u00e7e\u015fitli tiplere ayr\u0131l\u0131rlar.<\/li><li>\u00c7erez\u2019i olu\u015fturan ve yerle\u015ftiren taraf\u0131n kim oldu\u011funa ba\u011fl\u0131 olarak web sitesi \u00e7erezleri ve \u00fc\u00e7\u00fcnc\u00fc taraf \u00e7erezleri kullan\u0131lmaktad\u0131r. \u00dc\u00e7\u00fcnc\u00fc taraf \u00e7erezleri, web sitesinin i\u015f ortaklar\u0131na, hizmet sa\u011flay\u0131c\u0131lar\u0131na ve i\u015f birlikteliklerine ba\u011fl\u0131 olarak farkl\u0131 \u015firketler taraf\u0131ndan y\u00f6netilebilmektedir.<\/li><li>\u00c7erezin kullan\u0131mda kald\u0131\u011f\u0131 s\u00fcreye ba\u011fl\u0131 olarak session (oturum) \u00e7erezleri ve kal\u0131c\u0131 \u00e7erezler kullan\u0131labilmektedir. Oturum \u00e7erezleri, ziyaret\u00e7inin web sitesini ziyaret etmeyi b\u0131rakt\u0131\u011f\u0131 an silinmektedir. Kal\u0131c\u0131 \u00e7erezler ise \u00e7erezin kullan\u0131m amac\u0131na ba\u011fl\u0131 olarak belirlenmi\u015f s\u00fcrelerde ziyaret bitmi\u015f olsa bile kullan\u0131c\u0131n\u0131n ziyaret\u00e7inin cihaz\u0131nda kalmaktad\u0131r.<\/li><li>\u00c7erezlerin kullan\u0131m amac\u0131na ba\u011fl\u0131 olarak web sitesinde reklam ve hedefleme \u00e7erezleri, deneyim ki\u015fiselle\u015ftirme \u00e7erezleri, do\u011frulama \u00e7erezleri, analiz\/analitik \u00e7erezler ve teknik \u00e7erezler kullan\u0131labilmektedir.<\/li><\/ul><p><strong>\u00c7erezler Neden Kullan\u0131l\u0131r?<\/strong><\/p><ul><li>Web sitesinde \u00e7erezler, a\u015fa\u011f\u0131daki ama\u00e7lar i\u00e7in kullan\u0131labilir.<\/li><li>Ziyaret ve deneyim ki\u015fiselle\u015ftirme, hedefleme, do\u011fru ve amaca d\u00f6n\u00fck reklam ve tan\u0131t\u0131m faaliyetleri<\/li><li>Web sitesi ve bile\u015fenlerinin i\u015flevlerinin do\u011fru, kolay ve daha verimli \u00e7al\u0131\u015fmas\u0131<\/li><li>Web sitesini, kaynak kullan\u0131m\u0131, eri\u015fen bilgisi, ziyaret\u00e7i say\u0131s\u0131 ve platformlar\u0131n\u0131n tespiti gibi bilgileri analiz ederek performans\u0131 artt\u0131rmak ve kullan\u0131c\u0131 deneyimini iyile\u015ftirmek<\/li><li>Web sitesinin \u00e7al\u0131\u015fmas\u0131 i\u00e7in gerekli olan i\u015flevleri yerine getirmek<\/li><\/ul><p><strong>\u00c7erez Kullan\u0131m\u0131na Dair Ki\u015fisel Tercih Y\u00f6netimini Nas\u0131l Yapabilirsiniz?<\/strong><\/p><p>Web sitemizin \u00e7al\u0131\u015fmas\u0131 i\u00e7in gerekli olan baz\u0131 konularda \u00e7erez kullan\u0131m\u0131n\u0131 tercihe ba\u011fl\u0131 olarak devre d\u0131\u015f\u0131 b\u0131rakmak, web sitesinin do\u011fru \u00e7al\u0131\u015fmas\u0131na engel olabilmektedir. Bu tip \u00e7erezler ile ilgili terchilerinizi de\u011fi\u015ftirdi\u011finizde web sitemizden edinece\u011finiz bilgi ve ziyaret deneyiminizin aksamaya u\u011framayaca\u011f\u0131n\u0131 garanti edemeyiz.<\/p>\t\t\t\t\t\t<\/div>\n\t\t\t\t<\/div>\n\t\t\t\t\t<\/div>\n\t\t\t\t<\/div>\n\t\t\t\t<\/div>","protected":false},"excerpt":{"rendered":"<p>Beytepe Dan\u0131\u015fmanl\u0131k Elektrik Enerji \u0130n\u015faat San. ve Tic. A.\u015e. taraf\u0131ndan gizlili\u011finize sayg\u0131 duyulmakta ve veri g\u00fcvenli\u011finize \u00f6nem verilmektedir. Bu kapsamda sizleri \u201c\u00c7erez\u201d (Cookie) hakk\u0131nda bilgilendirmek ve ayd\u0131nlatmak amac\u0131yla bu metin haz\u0131rlanm\u0131\u015ft\u0131r. Bilgilendirme Bir\u00e7ok web sitesi, teknik, i\u015flevsel, deneyim kalitesini artt\u0131rmak ve benzeri bir\u00e7ok sebepten \u201c\u00c7erez\u201d (Cookie) kullanmaktad\u0131r. A\u015fa\u011f\u0131da \u201c\u00e7erez\u201d (Cookie) kullan\u0131m\u0131m\u0131z, kullan\u0131c\u0131lar\u0131n bu \u00e7erezleri \u00e7e\u015fitli &hellip; <a href=\"https:\/\/beytepeenerji.com\/en\/cerez-politikasi\/\" class=\"more-link\">Continue reading <span class=\"screen-reader-text\">Cookie Policy<\/span><\/a><\/p>","protected":false},"author":1,"featured_media":0,"parent":0,"menu_order":0,"comment_status":"closed","ping_status":"closed","template":"","meta":{"footnotes":""},"_links":{"self":[{"href":"https:\/\/beytepeenerji.com\/en\/wp-json\/wp\/v2\/pages\/685"}],"collection":[{"href":"https:\/\/beytepeenerji.com\/en\/wp-json\/wp\/v2\/pages"}],"about":[{"href":"https:\/\/beytepeenerji.com\/en\/wp-json\/wp\/v2\/types\/page"}],"author":[{"embeddable":true,"href":"https:\/\/beytepeenerji.com\/en\/wp-json\/wp\/v2\/users\/1"}],"replies":[{"embeddable":true,"href":"https:\/\/beytepeenerji.com\/en\/wp-json\/wp\/v2\/comments?post=685"}],"version-history":[{"count":4,"href":"https:\/\/beytepeenerji.com\/en\/wp-json\/wp\/v2\/pages\/685\/revisions"}],"predecessor-version":[{"id":689,"href":"https:\/\/beytepeenerji.com\/en\/wp-json\/wp\/v2\/pages\/685\/revisions\/689"}],"wp:attachment":[{"href":"https:\/\/beytepeenerji.com\/en\/wp-json\/wp\/v2\/media?parent=685"}],"curies":[{"name":"wp","href":"https:\/\/api.w.org\/{rel}","templated":true}]}}