{"id":608,"date":"2024-04-22T17:48:51","date_gmt":"2024-04-22T14:48:51","guid":{"rendered":"https:\/\/epoxdemo.com.tr\/beytepeenerji\/?page_id=608"},"modified":"2024-04-22T17:50:25","modified_gmt":"2024-04-22T14:50:25","slug":"guven-makina-ges","status":"publish","type":"page","link":"https:\/\/beytepeenerji.com\/en\/guven-makina-ges\/","title":{"rendered":"G\u00fcven Makina GES"},"content":{"rendered":"<div data-elementor-type=\"wp-page\" data-elementor-id=\"608\" class=\"elementor elementor-608\">\n\t\t\t\t<div class=\"elementor-element elementor-element-3d33554 e-flex e-con-boxed e-con e-parent\" data-id=\"3d33554\" data-element_type=\"container\">\n\t\t\t\t\t<div class=\"e-con-inner\">\n\t\t<div class=\"elementor-element elementor-element-5703271 e-con-full e-flex e-con e-child\" data-id=\"5703271\" data-element_type=\"container\">\n\t\t\t\t<div class=\"elementor-element elementor-element-9c92c1e elementor-widget elementor-widget-text-editor\" data-id=\"9c92c1e\" data-element_type=\"widget\" data-widget_type=\"text-editor.default\">\n\t\t\t\t<div class=\"elementor-widget-container\">\n\t\t\t<style>\/*! elementor - v3.21.0 - 18-04-2024 *\/\n.elementor-widget-text-editor.elementor-drop-cap-view-stacked .elementor-drop-cap{background-color:#69727d;color:#fff}.elementor-widget-text-editor.elementor-drop-cap-view-framed .elementor-drop-cap{color:#69727d;border:3px solid;background-color:transparent}.elementor-widget-text-editor:not(.elementor-drop-cap-view-default) .elementor-drop-cap{margin-top:8px}.elementor-widget-text-editor:not(.elementor-drop-cap-view-default) .elementor-drop-cap-letter{width:1em;height:1em}.elementor-widget-text-editor .elementor-drop-cap{float:left;text-align:center;line-height:1;font-size:50px}.elementor-widget-text-editor .elementor-drop-cap-letter{display:inline-block}<\/style>\t\t\t\t<p>1687 trees were saved as part of the project, which has an annual production of 1,067 kWh\/year and is due to be completed in April 2023.\nThe annual amount of carbon emissions avoided by the project is 709 tons. The annual household consumption equivalent is 378 units.<\/p>\t\t\t\t\t\t<\/div>\n\t\t\t\t<\/div>\n\t\t\t\t<\/div>\n\t\t<div class=\"elementor-element elementor-element-0010679 e-con-full e-flex e-con e-child\" data-id=\"0010679\" data-element_type=\"container\">\n\t\t\t\t<div class=\"elementor-element elementor-element-812b483 elementor-widget elementor-widget-text-editor\" data-id=\"812b483\" data-element_type=\"widget\" data-widget_type=\"text-editor.default\">\n\t\t\t\t<div class=\"elementor-widget-container\">\n\t\t\t\t\t\t\t<table width=\"579\"><thead><\/thead><tbody><tr><td>Project Power:<\/td><td>762,3\u00a0kWP<\/td><\/tr><tr><td>Annual Generation:<\/td><td>1.067\u00a0kWh \/ year<\/td><\/tr><tr class=\"bg-white\"><td>Completion Date:<\/td><td>April 2023<\/td><\/tr><tr><td>Number of Trees Saved:<\/td><td colspan=\"2\">1687 units\u00a0<\/td><\/tr><tr class=\"bg-white\"><td>Avoided Annual Carbon Emissions:<\/td><td colspan=\"2\">709 tons<\/td><\/tr><tr><td>Annual Household Consumption Equivalent:<\/td><td colspan=\"2\">378 units<\/td><\/tr><\/tbody><\/table>\t\t\t\t\t\t<\/div>\n\t\t\t\t<\/div>\n\t\t\t\t<\/div>\n\t\t<div class=\"elementor-element elementor-element-fd6c06f e-con-full e-flex e-con e-child\" data-id=\"fd6c06f\" data-element_type=\"container\">\n\t\t\t\t<div class=\"elementor-element elementor-element-6b2e0e2 elementor-widget elementor-widget-video\" data-id=\"6b2e0e2\" data-element_type=\"widget\" data-settings=\"{&quot;youtube_url&quot;:&quot;https:\\\/\\\/youtu.be\\\/p6LDz4ZQqBM&quot;,&quot;video_type&quot;:&quot;youtube&quot;,&quot;controls&quot;:&quot;yes&quot;}\" data-widget_type=\"video.default\">\n\t\t\t\t<div class=\"elementor-widget-container\">\n\t\t\t<style>\/*! elementor - v3.21.0 - 18-04-2024 *\/\n.elementor-widget-video .elementor-widget-container{overflow:hidden;transform:translateZ(0)}.elementor-widget-video .elementor-wrapper{aspect-ratio:var(--video-aspect-ratio)}.elementor-widget-video .elementor-wrapper iframe,.elementor-widget-video .elementor-wrapper video{height:100%;width:100%;display:flex;border:none;background-color:#000}@supports not (aspect-ratio:1\/1){.elementor-widget-video .elementor-wrapper{position:relative;overflow:hidden;height:0;padding-bottom:calc(100% \/ var(--video-aspect-ratio))}.elementor-widget-video .elementor-wrapper iframe,.elementor-widget-video .elementor-wrapper video{position:absolute;top:0;right:0;bottom:0;left:0}}.elementor-widget-video .elementor-open-inline .elementor-custom-embed-image-overlay{position:absolute;top:0;right:0;bottom:0;left:0;background-size:cover;background-position:50%}.elementor-widget-video .elementor-custom-embed-image-overlay{cursor:pointer;text-align:center}.elementor-widget-video .elementor-custom-embed-image-overlay:hover .elementor-custom-embed-play i{opacity:1}.elementor-widget-video .elementor-custom-embed-image-overlay img{display:block;width:100%;aspect-ratio:var(--video-aspect-ratio);-o-object-fit:cover;object-fit:cover;-o-object-position:center center;object-position:center center}@supports not (aspect-ratio:1\/1){.elementor-widget-video .elementor-custom-embed-image-overlay{position:relative;overflow:hidden;height:0;padding-bottom:calc(100% \/ var(--video-aspect-ratio))}.elementor-widget-video .elementor-custom-embed-image-overlay img{position:absolute;top:0;right:0;bottom:0;left:0}}.elementor-widget-video .e-hosted-video .elementor-video{-o-object-fit:cover;object-fit:cover}.e-con-inner>.elementor-widget-video,.e-con>.elementor-widget-video{width:var(--container-widget-width);--flex-grow:var(--container-widget-flex-grow)}<\/style>\t\t<div class=\"elementor-wrapper elementor-open-inline\">\n\t\t\t<div class=\"elementor-video\"><\/div>\t\t<\/div>\n\t\t\t\t<\/div>\n\t\t\t\t<\/div>\n\t\t\t\t<\/div>\n\t\t\t\t\t<\/div>\n\t\t\t\t<\/div>\n\t\t<div class=\"elementor-element elementor-element-b7c3e4c e-flex e-con-boxed e-con e-parent\" data-id=\"b7c3e4c\" data-element_type=\"container\">\n\t\t\t\t\t<div class=\"e-con-inner\">\n\t\t\t\t<div class=\"elementor-element elementor-element-173b7e3 elementor-widget elementor-widget-image-gallery\" data-id=\"173b7e3\" data-element_type=\"widget\" data-widget_type=\"image-gallery.default\">\n\t\t\t\t<div class=\"elementor-widget-container\">\n\t\t\t<style>\/*! elementor - v3.21.0 - 18-04-2024 *\/\n.elementor-image-gallery .gallery-item{display:inline-block;text-align:center;vertical-align:top;width:100%;max-width:100%;margin:0 auto}.elementor-image-gallery .gallery-item img{margin:0 auto}.elementor-image-gallery .gallery-item .gallery-caption{margin:0}.elementor-image-gallery figure img{display:block}.elementor-image-gallery figure figcaption{width:100%}.gallery-spacing-custom .elementor-image-gallery .gallery-icon{padding:0}@media (min-width:768px){.elementor-image-gallery .gallery-columns-2 .gallery-item{max-width:50%}.elementor-image-gallery .gallery-columns-3 .gallery-item{max-width:33.33%}.elementor-image-gallery .gallery-columns-4 .gallery-item{max-width:25%}.elementor-image-gallery .gallery-columns-5 .gallery-item{max-width:20%}.elementor-image-gallery .gallery-columns-6 .gallery-item{max-width:16.666%}.elementor-image-gallery .gallery-columns-7 .gallery-item{max-width:14.28%}.elementor-image-gallery .gallery-columns-8 .gallery-item{max-width:12.5%}.elementor-image-gallery .gallery-columns-9 .gallery-item{max-width:11.11%}.elementor-image-gallery .gallery-columns-10 .gallery-item{max-width:10%}}@media (min-width:480px) and (max-width:767px){.elementor-image-gallery .gallery.gallery-columns-2 .gallery-item,.elementor-image-gallery .gallery.gallery-columns-3 .gallery-item,.elementor-image-gallery .gallery.gallery-columns-4 .gallery-item,.elementor-image-gallery .gallery.gallery-columns-5 .gallery-item,.elementor-image-gallery .gallery.gallery-columns-6 .gallery-item,.elementor-image-gallery .gallery.gallery-columns-7 .gallery-item,.elementor-image-gallery .gallery.gallery-columns-8 .gallery-item,.elementor-image-gallery .gallery.gallery-columns-9 .gallery-item,.elementor-image-gallery .gallery.gallery-columns-10 .gallery-item{max-width:50%}}@media (max-width:479px){.elementor-image-gallery .gallery.gallery-columns-2 .gallery-item,.elementor-image-gallery .gallery.gallery-columns-3 .gallery-item,.elementor-image-gallery .gallery.gallery-columns-4 .gallery-item,.elementor-image-gallery .gallery.gallery-columns-5 .gallery-item,.elementor-image-gallery .gallery.gallery-columns-6 .gallery-item,.elementor-image-gallery .gallery.gallery-columns-7 .gallery-item,.elementor-image-gallery .gallery.gallery-columns-8 .gallery-item,.elementor-image-gallery .gallery.gallery-columns-9 .gallery-item,.elementor-image-gallery .gallery.gallery-columns-10 .gallery-item{max-width:100%}}<\/style>\t\t<div class=\"elementor-image-gallery\">\n\t\t\t<div id='gallery-1' class='gallery galleryid-608 gallery-columns-4 gallery-size-medium'><figure class='gallery-item'>\n\t\t\t<div class='gallery-icon landscape'>\n\t\t\t\t<a data-elementor-open-lightbox=\"yes\" data-elementor-lightbox-slideshow=\"173b7e3\" data-e-action-hash=\"#elementor-action%3Aaction%3Dlightbox%26settings%3DeyJpZCI6NjExLCJ1cmwiOiJodHRwczpcL1wvYmV5dGVwZWVuZXJqaS5jb21cL3dwLWNvbnRlbnRcL3VwbG9hZHNcLzIwMjRcLzA0XC8xLTguanBlZyIsInNsaWRlc2hvdyI6IjE3M2I3ZTMifQ%3D%3D\" href='https:\/\/beytepeenerji.com\/wp-content\/uploads\/2024\/04\/1-8.jpeg'><img fetchpriority=\"high\" decoding=\"async\" width=\"300\" height=\"169\" src=\"https:\/\/beytepeenerji.com\/wp-content\/uploads\/2024\/04\/1-8-300x169.jpeg\" class=\"attachment-medium size-medium\" alt=\"\" srcset=\"https:\/\/beytepeenerji.com\/wp-content\/uploads\/2024\/04\/1-8-300x169.jpeg 300w, https:\/\/beytepeenerji.com\/wp-content\/uploads\/2024\/04\/1-8-1024x576.jpeg 1024w, https:\/\/beytepeenerji.com\/wp-content\/uploads\/2024\/04\/1-8-768x432.jpeg 768w, https:\/\/beytepeenerji.com\/wp-content\/uploads\/2024\/04\/1-8-1536x864.jpeg 1536w, https:\/\/beytepeenerji.com\/wp-content\/uploads\/2024\/04\/1-8-520x293.jpeg 520w, https:\/\/beytepeenerji.com\/wp-content\/uploads\/2024\/04\/1-8-650x366.jpeg 650w, https:\/\/beytepeenerji.com\/wp-content\/uploads\/2024\/04\/1-8.jpeg 1920w\" sizes=\"(max-width: 300px) 100vw, 300px\" data-id=\"611\" \/><\/a>\n\t\t\t<\/div><\/figure><figure class='gallery-item'>\n\t\t\t<div class='gallery-icon landscape'>\n\t\t\t\t<a data-elementor-open-lightbox=\"yes\" data-elementor-lightbox-slideshow=\"173b7e3\" data-e-action-hash=\"#elementor-action%3Aaction%3Dlightbox%26settings%3DeyJpZCI6NjEyLCJ1cmwiOiJodHRwczpcL1wvYmV5dGVwZWVuZXJqaS5jb21cL3dwLWNvbnRlbnRcL3VwbG9hZHNcLzIwMjRcLzA0XC8yLTguanBlZyIsInNsaWRlc2hvdyI6IjE3M2I3ZTMifQ%3D%3D\" href='https:\/\/beytepeenerji.com\/wp-content\/uploads\/2024\/04\/2-8.jpeg'><img decoding=\"async\" width=\"300\" height=\"169\" src=\"https:\/\/beytepeenerji.com\/wp-content\/uploads\/2024\/04\/2-8-300x169.jpeg\" class=\"attachment-medium size-medium\" alt=\"\" srcset=\"https:\/\/beytepeenerji.com\/wp-content\/uploads\/2024\/04\/2-8-300x169.jpeg 300w, https:\/\/beytepeenerji.com\/wp-content\/uploads\/2024\/04\/2-8-1024x576.jpeg 1024w, https:\/\/beytepeenerji.com\/wp-content\/uploads\/2024\/04\/2-8-768x432.jpeg 768w, https:\/\/beytepeenerji.com\/wp-content\/uploads\/2024\/04\/2-8-1536x864.jpeg 1536w, https:\/\/beytepeenerji.com\/wp-content\/uploads\/2024\/04\/2-8-520x293.jpeg 520w, https:\/\/beytepeenerji.com\/wp-content\/uploads\/2024\/04\/2-8-650x366.jpeg 650w, https:\/\/beytepeenerji.com\/wp-content\/uploads\/2024\/04\/2-8.jpeg 1920w\" sizes=\"(max-width: 300px) 100vw, 300px\" data-id=\"612\" \/><\/a>\n\t\t\t<\/div><\/figure><figure class='gallery-item'>\n\t\t\t<div class='gallery-icon landscape'>\n\t\t\t\t<a data-elementor-open-lightbox=\"yes\" data-elementor-lightbox-slideshow=\"173b7e3\" data-e-action-hash=\"#elementor-action%3Aaction%3Dlightbox%26settings%3DeyJpZCI6NjEzLCJ1cmwiOiJodHRwczpcL1wvYmV5dGVwZWVuZXJqaS5jb21cL3dwLWNvbnRlbnRcL3VwbG9hZHNcLzIwMjRcLzA0XC8zLTguanBlZyIsInNsaWRlc2hvdyI6IjE3M2I3ZTMifQ%3D%3D\" href='https:\/\/beytepeenerji.com\/wp-content\/uploads\/2024\/04\/3-8.jpeg'><img decoding=\"async\" width=\"300\" height=\"169\" src=\"https:\/\/beytepeenerji.com\/wp-content\/uploads\/2024\/04\/3-8-300x169.jpeg\" class=\"attachment-medium size-medium\" alt=\"\" srcset=\"https:\/\/beytepeenerji.com\/wp-content\/uploads\/2024\/04\/3-8-300x169.jpeg 300w, https:\/\/beytepeenerji.com\/wp-content\/uploads\/2024\/04\/3-8-1024x576.jpeg 1024w, https:\/\/beytepeenerji.com\/wp-content\/uploads\/2024\/04\/3-8-768x432.jpeg 768w, https:\/\/beytepeenerji.com\/wp-content\/uploads\/2024\/04\/3-8-1536x864.jpeg 1536w, https:\/\/beytepeenerji.com\/wp-content\/uploads\/2024\/04\/3-8-520x293.jpeg 520w, https:\/\/beytepeenerji.com\/wp-content\/uploads\/2024\/04\/3-8-650x366.jpeg 650w, https:\/\/beytepeenerji.com\/wp-content\/uploads\/2024\/04\/3-8.jpeg 1920w\" sizes=\"(max-width: 300px) 100vw, 300px\" data-id=\"613\" \/><\/a>\n\t\t\t<\/div><\/figure><figure class='gallery-item'>\n\t\t\t<div class='gallery-icon landscape'>\n\t\t\t\t<a data-elementor-open-lightbox=\"yes\" data-elementor-lightbox-slideshow=\"173b7e3\" data-e-action-hash=\"#elementor-action%3Aaction%3Dlightbox%26settings%3DeyJpZCI6NjE0LCJ1cmwiOiJodHRwczpcL1wvYmV5dGVwZWVuZXJqaS5jb21cL3dwLWNvbnRlbnRcL3VwbG9hZHNcLzIwMjRcLzA0XC80LTguanBlZyIsInNsaWRlc2hvdyI6IjE3M2I3ZTMifQ%3D%3D\" href='https:\/\/beytepeenerji.com\/wp-content\/uploads\/2024\/04\/4-8.jpeg'><img loading=\"lazy\" decoding=\"async\" width=\"300\" height=\"169\" src=\"https:\/\/beytepeenerji.com\/wp-content\/uploads\/2024\/04\/4-8-300x169.jpeg\" class=\"attachment-medium size-medium\" alt=\"\" srcset=\"https:\/\/beytepeenerji.com\/wp-content\/uploads\/2024\/04\/4-8-300x169.jpeg 300w, https:\/\/beytepeenerji.com\/wp-content\/uploads\/2024\/04\/4-8-1024x576.jpeg 1024w, https:\/\/beytepeenerji.com\/wp-content\/uploads\/2024\/04\/4-8-768x432.jpeg 768w, https:\/\/beytepeenerji.com\/wp-content\/uploads\/2024\/04\/4-8-1536x864.jpeg 1536w, https:\/\/beytepeenerji.com\/wp-content\/uploads\/2024\/04\/4-8-520x293.jpeg 520w, https:\/\/beytepeenerji.com\/wp-content\/uploads\/2024\/04\/4-8-650x366.jpeg 650w, https:\/\/beytepeenerji.com\/wp-content\/uploads\/2024\/04\/4-8.jpeg 1920w\" sizes=\"(max-width: 300px) 100vw, 300px\" data-id=\"614\" \/><\/a>\n\t\t\t<\/div><\/figure><figure class='gallery-item'>\n\t\t\t<div class='gallery-icon landscape'>\n\t\t\t\t<a data-elementor-open-lightbox=\"yes\" data-elementor-lightbox-slideshow=\"173b7e3\" data-e-action-hash=\"#elementor-action%3Aaction%3Dlightbox%26settings%3DeyJpZCI6NjE1LCJ1cmwiOiJodHRwczpcL1wvYmV5dGVwZWVuZXJqaS5jb21cL3dwLWNvbnRlbnRcL3VwbG9hZHNcLzIwMjRcLzA0XC81LTcuanBlZyIsInNsaWRlc2hvdyI6IjE3M2I3ZTMifQ%3D%3D\" href='https:\/\/beytepeenerji.com\/wp-content\/uploads\/2024\/04\/5-7.jpeg'><img loading=\"lazy\" decoding=\"async\" width=\"300\" height=\"169\" src=\"https:\/\/beytepeenerji.com\/wp-content\/uploads\/2024\/04\/5-7-300x169.jpeg\" class=\"attachment-medium size-medium\" alt=\"\" srcset=\"https:\/\/beytepeenerji.com\/wp-content\/uploads\/2024\/04\/5-7-300x169.jpeg 300w, https:\/\/beytepeenerji.com\/wp-content\/uploads\/2024\/04\/5-7-1024x576.jpeg 1024w, https:\/\/beytepeenerji.com\/wp-content\/uploads\/2024\/04\/5-7-768x432.jpeg 768w, https:\/\/beytepeenerji.com\/wp-content\/uploads\/2024\/04\/5-7-1536x864.jpeg 1536w, https:\/\/beytepeenerji.com\/wp-content\/uploads\/2024\/04\/5-7-520x293.jpeg 520w, https:\/\/beytepeenerji.com\/wp-content\/uploads\/2024\/04\/5-7-650x366.jpeg 650w, https:\/\/beytepeenerji.com\/wp-content\/uploads\/2024\/04\/5-7.jpeg 1920w\" sizes=\"(max-width: 300px) 100vw, 300px\" data-id=\"615\" \/><\/a>\n\t\t\t<\/div><\/figure><figure class='gallery-item'>\n\t\t\t<div class='gallery-icon landscape'>\n\t\t\t\t<a data-elementor-open-lightbox=\"yes\" data-elementor-lightbox-slideshow=\"173b7e3\" data-e-action-hash=\"#elementor-action%3Aaction%3Dlightbox%26settings%3DeyJpZCI6NjE2LCJ1cmwiOiJodHRwczpcL1wvYmV5dGVwZWVuZXJqaS5jb21cL3dwLWNvbnRlbnRcL3VwbG9hZHNcLzIwMjRcLzA0XC82LTcuanBlZyIsInNsaWRlc2hvdyI6IjE3M2I3ZTMifQ%3D%3D\" href='https:\/\/beytepeenerji.com\/wp-content\/uploads\/2024\/04\/6-7.jpeg'><img loading=\"lazy\" decoding=\"async\" width=\"300\" height=\"169\" src=\"https:\/\/beytepeenerji.com\/wp-content\/uploads\/2024\/04\/6-7-300x169.jpeg\" class=\"attachment-medium size-medium\" alt=\"\" srcset=\"https:\/\/beytepeenerji.com\/wp-content\/uploads\/2024\/04\/6-7-300x169.jpeg 300w, https:\/\/beytepeenerji.com\/wp-content\/uploads\/2024\/04\/6-7-1024x576.jpeg 1024w, https:\/\/beytepeenerji.com\/wp-content\/uploads\/2024\/04\/6-7-768x432.jpeg 768w, https:\/\/beytepeenerji.com\/wp-content\/uploads\/2024\/04\/6-7-1536x864.jpeg 1536w, https:\/\/beytepeenerji.com\/wp-content\/uploads\/2024\/04\/6-7-520x293.jpeg 520w, https:\/\/beytepeenerji.com\/wp-content\/uploads\/2024\/04\/6-7-650x366.jpeg 650w, https:\/\/beytepeenerji.com\/wp-content\/uploads\/2024\/04\/6-7.jpeg 1920w\" sizes=\"(max-width: 300px) 100vw, 300px\" data-id=\"616\" \/><\/a>\n\t\t\t<\/div><\/figure><figure class='gallery-item'>\n\t\t\t<div class='gallery-icon landscape'>\n\t\t\t\t<a data-elementor-open-lightbox=\"yes\" data-elementor-lightbox-slideshow=\"173b7e3\" data-e-action-hash=\"#elementor-action%3Aaction%3Dlightbox%26settings%3DeyJpZCI6NjE3LCJ1cmwiOiJodHRwczpcL1wvYmV5dGVwZWVuZXJqaS5jb21cL3dwLWNvbnRlbnRcL3VwbG9hZHNcLzIwMjRcLzA0XC83LTYuanBlZyIsInNsaWRlc2hvdyI6IjE3M2I3ZTMifQ%3D%3D\" href='https:\/\/beytepeenerji.com\/wp-content\/uploads\/2024\/04\/7-6.jpeg'><img loading=\"lazy\" decoding=\"async\" width=\"300\" height=\"169\" src=\"https:\/\/beytepeenerji.com\/wp-content\/uploads\/2024\/04\/7-6-300x169.jpeg\" class=\"attachment-medium size-medium\" alt=\"\" srcset=\"https:\/\/beytepeenerji.com\/wp-content\/uploads\/2024\/04\/7-6-300x169.jpeg 300w, https:\/\/beytepeenerji.com\/wp-content\/uploads\/2024\/04\/7-6-1024x576.jpeg 1024w, https:\/\/beytepeenerji.com\/wp-content\/uploads\/2024\/04\/7-6-768x432.jpeg 768w, https:\/\/beytepeenerji.com\/wp-content\/uploads\/2024\/04\/7-6-1536x864.jpeg 1536w, https:\/\/beytepeenerji.com\/wp-content\/uploads\/2024\/04\/7-6-520x293.jpeg 520w, https:\/\/beytepeenerji.com\/wp-content\/uploads\/2024\/04\/7-6-650x366.jpeg 650w, https:\/\/beytepeenerji.com\/wp-content\/uploads\/2024\/04\/7-6.jpeg 1920w\" sizes=\"(max-width: 300px) 100vw, 300px\" data-id=\"617\" \/><\/a>\n\t\t\t<\/div><\/figure>\n\t\t<\/div>\n\t\t<\/div>\n\t\t\t\t<\/div>\n\t\t\t\t<\/div>\n\t\t\t\t\t<\/div>\n\t\t\t\t<\/div>\n\t\t\t\t<\/div>","protected":false},"excerpt":{"rendered":"<p>Y\u0131ll\u0131k \u00fcretimi 1.067 kWh \/ y\u0131l\u00a0 ve tamamlanma tarihi N\u0130SAN 2023 olan projede \u00a01687 adet a\u011fac kurtar\u0131lm\u0131\u015ft\u0131r. Projenin engelledi\u011fi y\u0131ll\u0131k korbon emisyon miktar\u0131 709 ton&#8217;dur. Y\u0131ll\u0131k hane t\u00fcketim kar\u015f\u0131l\u0131\u011f\u0131 ise 378 adettir. Proje G\u00fcc\u00fc: 762,3\u00a0kWP Y\u0131ll\u0131k \u00dcretim: 1.067\u00a0kWh \/ y\u0131l Tamamlanma Tarihi: Nisan 2023 Kurtar\u0131lan A\u011fa\u00e7 Say\u0131s\u0131: 1687 Adet\u00a0 Engellenen Y\u0131ll\u0131k Karbon Emisyonu: 709 ton &hellip; <a href=\"https:\/\/beytepeenerji.com\/en\/guven-makina-ges\/\" class=\"more-link\">Continue reading <span class=\"screen-reader-text\">G\u00fcven Makina GES<\/span><\/a><\/p>","protected":false},"author":1,"featured_media":0,"parent":0,"menu_order":0,"comment_status":"closed","ping_status":"closed","template":"elementor_header_footer","meta":{"footnotes":""},"_links":{"self":[{"href":"https:\/\/beytepeenerji.com\/en\/wp-json\/wp\/v2\/pages\/608"}],"collection":[{"href":"https:\/\/beytepeenerji.com\/en\/wp-json\/wp\/v2\/pages"}],"about":[{"href":"https:\/\/beytepeenerji.com\/en\/wp-json\/wp\/v2\/types\/page"}],"author":[{"embeddable":true,"href":"https:\/\/beytepeenerji.com\/en\/wp-json\/wp\/v2\/users\/1"}],"replies":[{"embeddable":true,"href":"https:\/\/beytepeenerji.com\/en\/wp-json\/wp\/v2\/comments?post=608"}],"version-history":[{"count":4,"href":"https:\/\/beytepeenerji.com\/en\/wp-json\/wp\/v2\/pages\/608\/revisions"}],"predecessor-version":[{"id":620,"href":"https:\/\/beytepeenerji.com\/en\/wp-json\/wp\/v2\/pages\/608\/revisions\/620"}],"wp:attachment":[{"href":"https:\/\/beytepeenerji.com\/en\/wp-json\/wp\/v2\/media?parent=608"}],"curies":[{"name":"wp","href":"https:\/\/api.w.org\/{rel}","templated":true}]}}