{"id":569,"date":"2024-04-22T17:41:27","date_gmt":"2024-04-22T14:41:27","guid":{"rendered":"https:\/\/epoxdemo.com.tr\/beytepeenerji\/?page_id=569"},"modified":"2024-04-22T17:44:05","modified_gmt":"2024-04-22T14:44:05","slug":"elf-ges","status":"publish","type":"page","link":"https:\/\/beytepeenerji.com\/en\/elf-ges\/","title":{"rendered":"Elf Ges"},"content":{"rendered":"<div data-elementor-type=\"wp-page\" data-elementor-id=\"569\" class=\"elementor elementor-569\">\n\t\t\t\t<div class=\"elementor-element elementor-element-dcbf580 e-flex e-con-boxed e-con e-parent\" data-id=\"dcbf580\" data-element_type=\"container\">\n\t\t\t\t\t<div class=\"e-con-inner\">\n\t\t<div class=\"elementor-element elementor-element-be082ec e-con-full e-flex e-con e-child\" data-id=\"be082ec\" data-element_type=\"container\">\n\t\t\t\t<div class=\"elementor-element elementor-element-14353ce elementor-widget elementor-widget-text-editor\" data-id=\"14353ce\" data-element_type=\"widget\" data-widget_type=\"text-editor.default\">\n\t\t\t\t<div class=\"elementor-widget-container\">\n\t\t\t<style>\/*! elementor - v3.21.0 - 18-04-2024 *\/\n.elementor-widget-text-editor.elementor-drop-cap-view-stacked .elementor-drop-cap{background-color:#69727d;color:#fff}.elementor-widget-text-editor.elementor-drop-cap-view-framed .elementor-drop-cap{color:#69727d;border:3px solid;background-color:transparent}.elementor-widget-text-editor:not(.elementor-drop-cap-view-default) .elementor-drop-cap{margin-top:8px}.elementor-widget-text-editor:not(.elementor-drop-cap-view-default) .elementor-drop-cap-letter{width:1em;height:1em}.elementor-widget-text-editor .elementor-drop-cap{float:left;text-align:center;line-height:1;font-size:50px}.elementor-widget-text-editor .elementor-drop-cap-letter{display:inline-block}<\/style>\t\t\t\t<p>598 trees were saved as part of the project, which has an annual production of 1682715.78 kWh\/year and is due to be completed in August 2022.\nThe annual amount of carbon emissions avoided by the project is 1124 tons. The annual household consumption equivalent is 598 units.<\/p>\t\t\t\t\t\t<\/div>\n\t\t\t\t<\/div>\n\t\t\t\t<\/div>\n\t\t<div class=\"elementor-element elementor-element-7c81cba e-con-full e-flex e-con e-child\" data-id=\"7c81cba\" data-element_type=\"container\">\n\t\t\t\t<div class=\"elementor-element elementor-element-17b10cf elementor-widget elementor-widget-text-editor\" data-id=\"17b10cf\" data-element_type=\"widget\" data-widget_type=\"text-editor.default\">\n\t\t\t\t<div class=\"elementor-widget-container\">\n\t\t\t\t\t\t\t<table width=\"579\"><tbody><tr><td>Project Power:<\/td><td>1158,79 kWP<\/td><\/tr><tr><td>Annual Generation:<\/td><td>1682715,78 kWh \/ year<\/td><\/tr><tr class=\"bg-white\"><td>Completion Date:<\/td><td>August 2022<\/td><\/tr><tr><td>Number of Trees Saved:<\/td><td colspan=\"2\">2676 units\u00a0<\/td><\/tr><tr class=\"bg-white\"><td>Avoided Annual Carbon Emissions:<\/td><td colspan=\"2\">1124 tons<\/td><\/tr><tr><td>Annual Household Consumption Equivalent:<\/td><td colspan=\"2\">598 units<\/td><\/tr><\/tbody><\/table>\t\t\t\t\t\t<\/div>\n\t\t\t\t<\/div>\n\t\t\t\t<\/div>\n\t\t<div class=\"elementor-element elementor-element-aa48238 e-con-full e-flex e-con e-child\" data-id=\"aa48238\" data-element_type=\"container\">\n\t\t\t\t<div class=\"elementor-element elementor-element-5132c1d elementor-widget elementor-widget-video\" data-id=\"5132c1d\" data-element_type=\"widget\" data-settings=\"{&quot;youtube_url&quot;:&quot;https:\\\/\\\/youtu.be\\\/3_UjXqR98zY&quot;,&quot;video_type&quot;:&quot;youtube&quot;,&quot;controls&quot;:&quot;yes&quot;}\" data-widget_type=\"video.default\">\n\t\t\t\t<div class=\"elementor-widget-container\">\n\t\t\t<style>\/*! elementor - v3.21.0 - 18-04-2024 *\/\n.elementor-widget-video .elementor-widget-container{overflow:hidden;transform:translateZ(0)}.elementor-widget-video .elementor-wrapper{aspect-ratio:var(--video-aspect-ratio)}.elementor-widget-video .elementor-wrapper iframe,.elementor-widget-video .elementor-wrapper video{height:100%;width:100%;display:flex;border:none;background-color:#000}@supports not (aspect-ratio:1\/1){.elementor-widget-video .elementor-wrapper{position:relative;overflow:hidden;height:0;padding-bottom:calc(100% \/ var(--video-aspect-ratio))}.elementor-widget-video .elementor-wrapper iframe,.elementor-widget-video .elementor-wrapper video{position:absolute;top:0;right:0;bottom:0;left:0}}.elementor-widget-video .elementor-open-inline .elementor-custom-embed-image-overlay{position:absolute;top:0;right:0;bottom:0;left:0;background-size:cover;background-position:50%}.elementor-widget-video .elementor-custom-embed-image-overlay{cursor:pointer;text-align:center}.elementor-widget-video .elementor-custom-embed-image-overlay:hover .elementor-custom-embed-play i{opacity:1}.elementor-widget-video .elementor-custom-embed-image-overlay img{display:block;width:100%;aspect-ratio:var(--video-aspect-ratio);-o-object-fit:cover;object-fit:cover;-o-object-position:center center;object-position:center center}@supports not (aspect-ratio:1\/1){.elementor-widget-video .elementor-custom-embed-image-overlay{position:relative;overflow:hidden;height:0;padding-bottom:calc(100% \/ var(--video-aspect-ratio))}.elementor-widget-video .elementor-custom-embed-image-overlay img{position:absolute;top:0;right:0;bottom:0;left:0}}.elementor-widget-video .e-hosted-video .elementor-video{-o-object-fit:cover;object-fit:cover}.e-con-inner>.elementor-widget-video,.e-con>.elementor-widget-video{width:var(--container-widget-width);--flex-grow:var(--container-widget-flex-grow)}<\/style>\t\t<div class=\"elementor-wrapper elementor-open-inline\">\n\t\t\t<div class=\"elementor-video\"><\/div>\t\t<\/div>\n\t\t\t\t<\/div>\n\t\t\t\t<\/div>\n\t\t\t\t<\/div>\n\t\t\t\t\t<\/div>\n\t\t\t\t<\/div>\n\t\t<div class=\"elementor-element elementor-element-6934ade e-flex e-con-boxed e-con e-parent\" data-id=\"6934ade\" data-element_type=\"container\">\n\t\t\t\t\t<div class=\"e-con-inner\">\n\t\t\t\t<div class=\"elementor-element elementor-element-1cd1557 elementor-widget elementor-widget-image-gallery\" data-id=\"1cd1557\" data-element_type=\"widget\" data-widget_type=\"image-gallery.default\">\n\t\t\t\t<div class=\"elementor-widget-container\">\n\t\t\t<style>\/*! elementor - v3.21.0 - 18-04-2024 *\/\n.elementor-image-gallery .gallery-item{display:inline-block;text-align:center;vertical-align:top;width:100%;max-width:100%;margin:0 auto}.elementor-image-gallery .gallery-item img{margin:0 auto}.elementor-image-gallery .gallery-item .gallery-caption{margin:0}.elementor-image-gallery figure img{display:block}.elementor-image-gallery figure figcaption{width:100%}.gallery-spacing-custom .elementor-image-gallery .gallery-icon{padding:0}@media (min-width:768px){.elementor-image-gallery .gallery-columns-2 .gallery-item{max-width:50%}.elementor-image-gallery .gallery-columns-3 .gallery-item{max-width:33.33%}.elementor-image-gallery .gallery-columns-4 .gallery-item{max-width:25%}.elementor-image-gallery .gallery-columns-5 .gallery-item{max-width:20%}.elementor-image-gallery .gallery-columns-6 .gallery-item{max-width:16.666%}.elementor-image-gallery .gallery-columns-7 .gallery-item{max-width:14.28%}.elementor-image-gallery .gallery-columns-8 .gallery-item{max-width:12.5%}.elementor-image-gallery .gallery-columns-9 .gallery-item{max-width:11.11%}.elementor-image-gallery .gallery-columns-10 .gallery-item{max-width:10%}}@media (min-width:480px) and (max-width:767px){.elementor-image-gallery .gallery.gallery-columns-2 .gallery-item,.elementor-image-gallery .gallery.gallery-columns-3 .gallery-item,.elementor-image-gallery .gallery.gallery-columns-4 .gallery-item,.elementor-image-gallery .gallery.gallery-columns-5 .gallery-item,.elementor-image-gallery .gallery.gallery-columns-6 .gallery-item,.elementor-image-gallery .gallery.gallery-columns-7 .gallery-item,.elementor-image-gallery .gallery.gallery-columns-8 .gallery-item,.elementor-image-gallery .gallery.gallery-columns-9 .gallery-item,.elementor-image-gallery .gallery.gallery-columns-10 .gallery-item{max-width:50%}}@media (max-width:479px){.elementor-image-gallery .gallery.gallery-columns-2 .gallery-item,.elementor-image-gallery .gallery.gallery-columns-3 .gallery-item,.elementor-image-gallery .gallery.gallery-columns-4 .gallery-item,.elementor-image-gallery .gallery.gallery-columns-5 .gallery-item,.elementor-image-gallery .gallery.gallery-columns-6 .gallery-item,.elementor-image-gallery .gallery.gallery-columns-7 .gallery-item,.elementor-image-gallery .gallery.gallery-columns-8 .gallery-item,.elementor-image-gallery .gallery.gallery-columns-9 .gallery-item,.elementor-image-gallery .gallery.gallery-columns-10 .gallery-item{max-width:100%}}<\/style>\t\t<div class=\"elementor-image-gallery\">\n\t\t\t<div id='gallery-1' class='gallery galleryid-569 gallery-columns-4 gallery-size-medium'><figure class='gallery-item'>\n\t\t\t<div class='gallery-icon landscape'>\n\t\t\t\t<a data-elementor-open-lightbox=\"yes\" data-elementor-lightbox-slideshow=\"1cd1557\" data-elementor-lightbox-title=\"1\" data-e-action-hash=\"#elementor-action%3Aaction%3Dlightbox%26settings%3DeyJpZCI6NTcyLCJ1cmwiOiJodHRwczpcL1wvYmV5dGVwZWVuZXJqaS5jb21cL3dwLWNvbnRlbnRcL3VwbG9hZHNcLzIwMjRcLzA0XC8xLTIucG5nIiwic2xpZGVzaG93IjoiMWNkMTU1NyJ9\" href='https:\/\/beytepeenerji.com\/wp-content\/uploads\/2024\/04\/1-2.png'><img fetchpriority=\"high\" decoding=\"async\" width=\"300\" height=\"225\" src=\"https:\/\/beytepeenerji.com\/wp-content\/uploads\/2024\/04\/1-2-300x225.png\" class=\"attachment-medium size-medium\" alt=\"\" srcset=\"https:\/\/beytepeenerji.com\/wp-content\/uploads\/2024\/04\/1-2-300x225.png 300w, https:\/\/beytepeenerji.com\/wp-content\/uploads\/2024\/04\/1-2-1024x768.png 1024w, https:\/\/beytepeenerji.com\/wp-content\/uploads\/2024\/04\/1-2-768x576.png 768w, https:\/\/beytepeenerji.com\/wp-content\/uploads\/2024\/04\/1-2-400x300.png 400w, https:\/\/beytepeenerji.com\/wp-content\/uploads\/2024\/04\/1-2-650x488.png 650w, https:\/\/beytepeenerji.com\/wp-content\/uploads\/2024\/04\/1-2.png 1440w\" sizes=\"(max-width: 300px) 100vw, 300px\" data-id=\"572\" \/><\/a>\n\t\t\t<\/div><\/figure><figure class='gallery-item'>\n\t\t\t<div class='gallery-icon landscape'>\n\t\t\t\t<a data-elementor-open-lightbox=\"yes\" data-elementor-lightbox-slideshow=\"1cd1557\" data-elementor-lightbox-title=\"2\" data-e-action-hash=\"#elementor-action%3Aaction%3Dlightbox%26settings%3DeyJpZCI6NTczLCJ1cmwiOiJodHRwczpcL1wvYmV5dGVwZWVuZXJqaS5jb21cL3dwLWNvbnRlbnRcL3VwbG9hZHNcLzIwMjRcLzA0XC8yLTEucG5nIiwic2xpZGVzaG93IjoiMWNkMTU1NyJ9\" href='https:\/\/beytepeenerji.com\/wp-content\/uploads\/2024\/04\/2-1.png'><img decoding=\"async\" width=\"300\" height=\"225\" src=\"https:\/\/beytepeenerji.com\/wp-content\/uploads\/2024\/04\/2-1-300x225.png\" class=\"attachment-medium size-medium\" alt=\"\" srcset=\"https:\/\/beytepeenerji.com\/wp-content\/uploads\/2024\/04\/2-1-300x225.png 300w, https:\/\/beytepeenerji.com\/wp-content\/uploads\/2024\/04\/2-1-1024x768.png 1024w, https:\/\/beytepeenerji.com\/wp-content\/uploads\/2024\/04\/2-1-768x576.png 768w, https:\/\/beytepeenerji.com\/wp-content\/uploads\/2024\/04\/2-1-400x300.png 400w, https:\/\/beytepeenerji.com\/wp-content\/uploads\/2024\/04\/2-1-650x488.png 650w, https:\/\/beytepeenerji.com\/wp-content\/uploads\/2024\/04\/2-1.png 1440w\" sizes=\"(max-width: 300px) 100vw, 300px\" data-id=\"573\" \/><\/a>\n\t\t\t<\/div><\/figure><figure class='gallery-item'>\n\t\t\t<div class='gallery-icon landscape'>\n\t\t\t\t<a data-elementor-open-lightbox=\"yes\" data-elementor-lightbox-slideshow=\"1cd1557\" data-elementor-lightbox-title=\"3\" data-e-action-hash=\"#elementor-action%3Aaction%3Dlightbox%26settings%3DeyJpZCI6NTc0LCJ1cmwiOiJodHRwczpcL1wvYmV5dGVwZWVuZXJqaS5jb21cL3dwLWNvbnRlbnRcL3VwbG9hZHNcLzIwMjRcLzA0XC8zLTEucG5nIiwic2xpZGVzaG93IjoiMWNkMTU1NyJ9\" href='https:\/\/beytepeenerji.com\/wp-content\/uploads\/2024\/04\/3-1.png'><img decoding=\"async\" width=\"300\" height=\"225\" src=\"https:\/\/beytepeenerji.com\/wp-content\/uploads\/2024\/04\/3-1-300x225.png\" class=\"attachment-medium size-medium\" alt=\"\" srcset=\"https:\/\/beytepeenerji.com\/wp-content\/uploads\/2024\/04\/3-1-300x225.png 300w, https:\/\/beytepeenerji.com\/wp-content\/uploads\/2024\/04\/3-1-1024x768.png 1024w, https:\/\/beytepeenerji.com\/wp-content\/uploads\/2024\/04\/3-1-768x576.png 768w, https:\/\/beytepeenerji.com\/wp-content\/uploads\/2024\/04\/3-1-400x300.png 400w, https:\/\/beytepeenerji.com\/wp-content\/uploads\/2024\/04\/3-1-650x488.png 650w, https:\/\/beytepeenerji.com\/wp-content\/uploads\/2024\/04\/3-1.png 1440w\" sizes=\"(max-width: 300px) 100vw, 300px\" data-id=\"574\" \/><\/a>\n\t\t\t<\/div><\/figure><figure class='gallery-item'>\n\t\t\t<div class='gallery-icon landscape'>\n\t\t\t\t<a data-elementor-open-lightbox=\"yes\" data-elementor-lightbox-slideshow=\"1cd1557\" data-elementor-lightbox-title=\"4\" data-e-action-hash=\"#elementor-action%3Aaction%3Dlightbox%26settings%3DeyJpZCI6NTc1LCJ1cmwiOiJodHRwczpcL1wvYmV5dGVwZWVuZXJqaS5jb21cL3dwLWNvbnRlbnRcL3VwbG9hZHNcLzIwMjRcLzA0XC80LTEucG5nIiwic2xpZGVzaG93IjoiMWNkMTU1NyJ9\" href='https:\/\/beytepeenerji.com\/wp-content\/uploads\/2024\/04\/4-1.png'><img loading=\"lazy\" decoding=\"async\" width=\"300\" height=\"225\" src=\"https:\/\/beytepeenerji.com\/wp-content\/uploads\/2024\/04\/4-1-300x225.png\" class=\"attachment-medium size-medium\" alt=\"\" srcset=\"https:\/\/beytepeenerji.com\/wp-content\/uploads\/2024\/04\/4-1-300x225.png 300w, https:\/\/beytepeenerji.com\/wp-content\/uploads\/2024\/04\/4-1-1024x768.png 1024w, https:\/\/beytepeenerji.com\/wp-content\/uploads\/2024\/04\/4-1-768x576.png 768w, https:\/\/beytepeenerji.com\/wp-content\/uploads\/2024\/04\/4-1-400x300.png 400w, https:\/\/beytepeenerji.com\/wp-content\/uploads\/2024\/04\/4-1-650x488.png 650w, https:\/\/beytepeenerji.com\/wp-content\/uploads\/2024\/04\/4-1.png 1440w\" sizes=\"(max-width: 300px) 100vw, 300px\" data-id=\"575\" \/><\/a>\n\t\t\t<\/div><\/figure><figure class='gallery-item'>\n\t\t\t<div class='gallery-icon landscape'>\n\t\t\t\t<a data-elementor-open-lightbox=\"yes\" data-elementor-lightbox-slideshow=\"1cd1557\" data-elementor-lightbox-title=\"5\" data-e-action-hash=\"#elementor-action%3Aaction%3Dlightbox%26settings%3DeyJpZCI6NTc2LCJ1cmwiOiJodHRwczpcL1wvYmV5dGVwZWVuZXJqaS5jb21cL3dwLWNvbnRlbnRcL3VwbG9hZHNcLzIwMjRcLzA0XC81LTEucG5nIiwic2xpZGVzaG93IjoiMWNkMTU1NyJ9\" href='https:\/\/beytepeenerji.com\/wp-content\/uploads\/2024\/04\/5-1.png'><img loading=\"lazy\" decoding=\"async\" width=\"300\" height=\"225\" src=\"https:\/\/beytepeenerji.com\/wp-content\/uploads\/2024\/04\/5-1-300x225.png\" class=\"attachment-medium size-medium\" alt=\"\" srcset=\"https:\/\/beytepeenerji.com\/wp-content\/uploads\/2024\/04\/5-1-300x225.png 300w, https:\/\/beytepeenerji.com\/wp-content\/uploads\/2024\/04\/5-1-1024x768.png 1024w, https:\/\/beytepeenerji.com\/wp-content\/uploads\/2024\/04\/5-1-768x576.png 768w, https:\/\/beytepeenerji.com\/wp-content\/uploads\/2024\/04\/5-1-400x300.png 400w, https:\/\/beytepeenerji.com\/wp-content\/uploads\/2024\/04\/5-1-650x488.png 650w, https:\/\/beytepeenerji.com\/wp-content\/uploads\/2024\/04\/5-1.png 1440w\" sizes=\"(max-width: 300px) 100vw, 300px\" data-id=\"576\" \/><\/a>\n\t\t\t<\/div><\/figure><figure class='gallery-item'>\n\t\t\t<div class='gallery-icon landscape'>\n\t\t\t\t<a data-elementor-open-lightbox=\"yes\" data-elementor-lightbox-slideshow=\"1cd1557\" data-elementor-lightbox-title=\"6\" data-e-action-hash=\"#elementor-action%3Aaction%3Dlightbox%26settings%3DeyJpZCI6NTc3LCJ1cmwiOiJodHRwczpcL1wvYmV5dGVwZWVuZXJqaS5jb21cL3dwLWNvbnRlbnRcL3VwbG9hZHNcLzIwMjRcLzA0XC82LTEucG5nIiwic2xpZGVzaG93IjoiMWNkMTU1NyJ9\" href='https:\/\/beytepeenerji.com\/wp-content\/uploads\/2024\/04\/6-1.png'><img loading=\"lazy\" decoding=\"async\" width=\"300\" height=\"225\" src=\"https:\/\/beytepeenerji.com\/wp-content\/uploads\/2024\/04\/6-1-300x225.png\" class=\"attachment-medium size-medium\" alt=\"\" srcset=\"https:\/\/beytepeenerji.com\/wp-content\/uploads\/2024\/04\/6-1-300x225.png 300w, https:\/\/beytepeenerji.com\/wp-content\/uploads\/2024\/04\/6-1-1024x768.png 1024w, https:\/\/beytepeenerji.com\/wp-content\/uploads\/2024\/04\/6-1-768x576.png 768w, https:\/\/beytepeenerji.com\/wp-content\/uploads\/2024\/04\/6-1-400x300.png 400w, https:\/\/beytepeenerji.com\/wp-content\/uploads\/2024\/04\/6-1-650x488.png 650w, https:\/\/beytepeenerji.com\/wp-content\/uploads\/2024\/04\/6-1.png 1440w\" sizes=\"(max-width: 300px) 100vw, 300px\" data-id=\"577\" \/><\/a>\n\t\t\t<\/div><\/figure><figure class='gallery-item'>\n\t\t\t<div class='gallery-icon landscape'>\n\t\t\t\t<a data-elementor-open-lightbox=\"yes\" data-elementor-lightbox-slideshow=\"1cd1557\" data-elementor-lightbox-title=\"7\" data-e-action-hash=\"#elementor-action%3Aaction%3Dlightbox%26settings%3DeyJpZCI6NTc4LCJ1cmwiOiJodHRwczpcL1wvYmV5dGVwZWVuZXJqaS5jb21cL3dwLWNvbnRlbnRcL3VwbG9hZHNcLzIwMjRcLzA0XC83LTEucG5nIiwic2xpZGVzaG93IjoiMWNkMTU1NyJ9\" href='https:\/\/beytepeenerji.com\/wp-content\/uploads\/2024\/04\/7-1.png'><img loading=\"lazy\" decoding=\"async\" width=\"300\" height=\"225\" src=\"https:\/\/beytepeenerji.com\/wp-content\/uploads\/2024\/04\/7-1-300x225.png\" class=\"attachment-medium size-medium\" alt=\"\" srcset=\"https:\/\/beytepeenerji.com\/wp-content\/uploads\/2024\/04\/7-1-300x225.png 300w, https:\/\/beytepeenerji.com\/wp-content\/uploads\/2024\/04\/7-1-1024x768.png 1024w, https:\/\/beytepeenerji.com\/wp-content\/uploads\/2024\/04\/7-1-768x576.png 768w, https:\/\/beytepeenerji.com\/wp-content\/uploads\/2024\/04\/7-1-400x300.png 400w, https:\/\/beytepeenerji.com\/wp-content\/uploads\/2024\/04\/7-1-650x488.png 650w, https:\/\/beytepeenerji.com\/wp-content\/uploads\/2024\/04\/7-1.png 1440w\" sizes=\"(max-width: 300px) 100vw, 300px\" data-id=\"578\" \/><\/a>\n\t\t\t<\/div><\/figure><figure class='gallery-item'>\n\t\t\t<div class='gallery-icon landscape'>\n\t\t\t\t<a data-elementor-open-lightbox=\"yes\" data-elementor-lightbox-slideshow=\"1cd1557\" data-elementor-lightbox-title=\"8\" data-e-action-hash=\"#elementor-action%3Aaction%3Dlightbox%26settings%3DeyJpZCI6NTc5LCJ1cmwiOiJodHRwczpcL1wvYmV5dGVwZWVuZXJqaS5jb21cL3dwLWNvbnRlbnRcL3VwbG9hZHNcLzIwMjRcLzA0XC84LTEucG5nIiwic2xpZGVzaG93IjoiMWNkMTU1NyJ9\" href='https:\/\/beytepeenerji.com\/wp-content\/uploads\/2024\/04\/8-1.png'><img loading=\"lazy\" decoding=\"async\" width=\"300\" height=\"225\" src=\"https:\/\/beytepeenerji.com\/wp-content\/uploads\/2024\/04\/8-1-300x225.png\" class=\"attachment-medium size-medium\" alt=\"\" srcset=\"https:\/\/beytepeenerji.com\/wp-content\/uploads\/2024\/04\/8-1-300x225.png 300w, https:\/\/beytepeenerji.com\/wp-content\/uploads\/2024\/04\/8-1-1024x768.png 1024w, https:\/\/beytepeenerji.com\/wp-content\/uploads\/2024\/04\/8-1-768x576.png 768w, https:\/\/beytepeenerji.com\/wp-content\/uploads\/2024\/04\/8-1-400x300.png 400w, https:\/\/beytepeenerji.com\/wp-content\/uploads\/2024\/04\/8-1-650x488.png 650w, https:\/\/beytepeenerji.com\/wp-content\/uploads\/2024\/04\/8-1.png 1440w\" sizes=\"(max-width: 300px) 100vw, 300px\" data-id=\"579\" \/><\/a>\n\t\t\t<\/div><\/figure>\n\t\t<\/div>\n\t\t<\/div>\n\t\t\t\t<\/div>\n\t\t\t\t<\/div>\n\t\t\t\t\t<\/div>\n\t\t\t\t<\/div>\n\t\t\t\t<\/div>","protected":false},"excerpt":{"rendered":"<p>Y\u0131ll\u0131k \u00fcretimi 1682715,78 kWh\/ y\u0131l\u00a0 ve tamamlanma tarihi Agustos 2022 olan projede 598 adet a\u011fac kurtar\u0131lm\u0131\u015ft\u0131r. Projenin engelledi\u011fi y\u0131ll\u0131k korbon emisyon miktar\u0131 1124&#8217;tondur. Y\u0131ll\u0131k hane t\u00fcketim kar\u015f\u0131l\u0131\u011f\u0131 ise 598 adettir. Proje G\u00fcc\u00fc: 1158,79 kWP Y\u0131ll\u0131k \u00dcretim: 1682715,78 kWh \/ y\u0131l Tamamlanma Tarihi: A\u011fustos 2022 Kurtar\u0131lan A\u011fa\u00e7 Say\u0131s\u0131: 2676 Adet\u00a0 Engellenen Y\u0131ll\u0131k Karbon Emisyonu: 1124 ton &hellip; <a href=\"https:\/\/beytepeenerji.com\/en\/elf-ges\/\" class=\"more-link\">Continue reading <span class=\"screen-reader-text\">Elf Ges<\/span><\/a><\/p>","protected":false},"author":1,"featured_media":0,"parent":0,"menu_order":0,"comment_status":"closed","ping_status":"closed","template":"elementor_header_footer","meta":{"footnotes":""},"_links":{"self":[{"href":"https:\/\/beytepeenerji.com\/en\/wp-json\/wp\/v2\/pages\/569"}],"collection":[{"href":"https:\/\/beytepeenerji.com\/en\/wp-json\/wp\/v2\/pages"}],"about":[{"href":"https:\/\/beytepeenerji.com\/en\/wp-json\/wp\/v2\/types\/page"}],"author":[{"embeddable":true,"href":"https:\/\/beytepeenerji.com\/en\/wp-json\/wp\/v2\/users\/1"}],"replies":[{"embeddable":true,"href":"https:\/\/beytepeenerji.com\/en\/wp-json\/wp\/v2\/comments?post=569"}],"version-history":[{"count":4,"href":"https:\/\/beytepeenerji.com\/en\/wp-json\/wp\/v2\/pages\/569\/revisions"}],"predecessor-version":[{"id":582,"href":"https:\/\/beytepeenerji.com\/en\/wp-json\/wp\/v2\/pages\/569\/revisions\/582"}],"wp:attachment":[{"href":"https:\/\/beytepeenerji.com\/en\/wp-json\/wp\/v2\/media?parent=569"}],"curies":[{"name":"wp","href":"https:\/\/api.w.org\/{rel}","templated":true}]}}