{"id":538,"date":"2024-04-22T17:35:44","date_gmt":"2024-04-22T14:35:44","guid":{"rendered":"https:\/\/epoxdemo.com.tr\/beytepeenerji\/?page_id=538"},"modified":"2024-04-22T17:38:00","modified_gmt":"2024-04-22T14:38:00","slug":"cinar-biyomedikal","status":"publish","type":"page","link":"https:\/\/beytepeenerji.com\/en\/cinar-biyomedikal\/","title":{"rendered":"\u00c7\u0131nar Biyomedikal"},"content":{"rendered":"<div data-elementor-type=\"wp-page\" data-elementor-id=\"538\" class=\"elementor elementor-538\">\n\t\t\t\t<div class=\"elementor-element elementor-element-d918251 e-flex e-con-boxed e-con e-parent\" data-id=\"d918251\" data-element_type=\"container\">\n\t\t\t\t\t<div class=\"e-con-inner\">\n\t\t<div class=\"elementor-element elementor-element-d63d71d e-con-full e-flex e-con e-child\" data-id=\"d63d71d\" data-element_type=\"container\">\n\t\t\t\t<div class=\"elementor-element elementor-element-21cdfc5 elementor-widget elementor-widget-text-editor\" data-id=\"21cdfc5\" data-element_type=\"widget\" data-widget_type=\"text-editor.default\">\n\t\t\t\t<div class=\"elementor-widget-container\">\n\t\t\t<style>\/*! elementor - v3.21.0 - 18-04-2024 *\/\n.elementor-widget-text-editor.elementor-drop-cap-view-stacked .elementor-drop-cap{background-color:#69727d;color:#fff}.elementor-widget-text-editor.elementor-drop-cap-view-framed .elementor-drop-cap{color:#69727d;border:3px solid;background-color:transparent}.elementor-widget-text-editor:not(.elementor-drop-cap-view-default) .elementor-drop-cap{margin-top:8px}.elementor-widget-text-editor:not(.elementor-drop-cap-view-default) .elementor-drop-cap-letter{width:1em;height:1em}.elementor-widget-text-editor .elementor-drop-cap{float:left;text-align:center;line-height:1;font-size:50px}.elementor-widget-text-editor .elementor-drop-cap-letter{display:inline-block}<\/style>\t\t\t\t<p>663 trees were saved as part of the project, which has an annual production of 416,907.033 kWh\/year and is due to be completed in December 2022. The annual amount of carbon emissions avoided by the project is 278.47 tons. The annual household consumption equivalent is 148 units.<\/p>\t\t\t\t\t\t<\/div>\n\t\t\t\t<\/div>\n\t\t\t\t<\/div>\n\t\t<div class=\"elementor-element elementor-element-400dd56 e-con-full e-flex e-con e-child\" data-id=\"400dd56\" data-element_type=\"container\">\n\t\t\t\t<div class=\"elementor-element elementor-element-86da5fc elementor-widget elementor-widget-text-editor\" data-id=\"86da5fc\" data-element_type=\"widget\" data-widget_type=\"text-editor.default\">\n\t\t\t\t<div class=\"elementor-widget-container\">\n\t\t\t\t\t\t\t<table width=\"579\"><thead><\/thead><tbody><tr><td>Project Power:<\/td><td>287,1 kWP<\/td><\/tr><tr><td>Annual Generation:<\/td><td>416,907,033 kWh \/ year<\/td><\/tr><tr class=\"bg-white\"><td>Completion Date:<\/td><td>December 2022<\/td><\/tr><tr><td>Number of Trees Saved:<\/td><td colspan=\"2\">663 units\u00a0<\/td><\/tr><tr class=\"bg-white\"><td>Avoided Annual Carbon Emissions:<\/td><td colspan=\"2\">278,47 tons<\/td><\/tr><tr><td>Annual Household Consumption Equivalent:<\/td><td colspan=\"2\">148 units<\/td><\/tr><\/tbody><\/table><p>\u00a0<\/p>\t\t\t\t\t\t<\/div>\n\t\t\t\t<\/div>\n\t\t\t\t<\/div>\n\t\t<div class=\"elementor-element elementor-element-3452fde e-con-full e-flex e-con e-child\" data-id=\"3452fde\" data-element_type=\"container\">\n\t\t\t\t<div class=\"elementor-element elementor-element-964dae4 elementor-widget elementor-widget-video\" data-id=\"964dae4\" data-element_type=\"widget\" data-settings=\"{&quot;youtube_url&quot;:&quot;https:\\\/\\\/youtu.be\\\/3ujyswqCUgc&quot;,&quot;video_type&quot;:&quot;youtube&quot;,&quot;controls&quot;:&quot;yes&quot;}\" data-widget_type=\"video.default\">\n\t\t\t\t<div class=\"elementor-widget-container\">\n\t\t\t<style>\/*! elementor - v3.21.0 - 18-04-2024 *\/\n.elementor-widget-video .elementor-widget-container{overflow:hidden;transform:translateZ(0)}.elementor-widget-video .elementor-wrapper{aspect-ratio:var(--video-aspect-ratio)}.elementor-widget-video .elementor-wrapper iframe,.elementor-widget-video .elementor-wrapper video{height:100%;width:100%;display:flex;border:none;background-color:#000}@supports not (aspect-ratio:1\/1){.elementor-widget-video .elementor-wrapper{position:relative;overflow:hidden;height:0;padding-bottom:calc(100% \/ var(--video-aspect-ratio))}.elementor-widget-video .elementor-wrapper iframe,.elementor-widget-video .elementor-wrapper video{position:absolute;top:0;right:0;bottom:0;left:0}}.elementor-widget-video .elementor-open-inline .elementor-custom-embed-image-overlay{position:absolute;top:0;right:0;bottom:0;left:0;background-size:cover;background-position:50%}.elementor-widget-video .elementor-custom-embed-image-overlay{cursor:pointer;text-align:center}.elementor-widget-video .elementor-custom-embed-image-overlay:hover .elementor-custom-embed-play i{opacity:1}.elementor-widget-video .elementor-custom-embed-image-overlay img{display:block;width:100%;aspect-ratio:var(--video-aspect-ratio);-o-object-fit:cover;object-fit:cover;-o-object-position:center center;object-position:center center}@supports not (aspect-ratio:1\/1){.elementor-widget-video .elementor-custom-embed-image-overlay{position:relative;overflow:hidden;height:0;padding-bottom:calc(100% \/ var(--video-aspect-ratio))}.elementor-widget-video .elementor-custom-embed-image-overlay img{position:absolute;top:0;right:0;bottom:0;left:0}}.elementor-widget-video .e-hosted-video .elementor-video{-o-object-fit:cover;object-fit:cover}.e-con-inner>.elementor-widget-video,.e-con>.elementor-widget-video{width:var(--container-widget-width);--flex-grow:var(--container-widget-flex-grow)}<\/style>\t\t<div class=\"elementor-wrapper elementor-open-inline\">\n\t\t\t<div class=\"elementor-video\"><\/div>\t\t<\/div>\n\t\t\t\t<\/div>\n\t\t\t\t<\/div>\n\t\t\t\t<\/div>\n\t\t\t\t\t<\/div>\n\t\t\t\t<\/div>\n\t\t<div class=\"elementor-element elementor-element-cad3bdc e-flex e-con-boxed e-con e-parent\" data-id=\"cad3bdc\" data-element_type=\"container\">\n\t\t\t\t\t<div class=\"e-con-inner\">\n\t\t\t\t<div class=\"elementor-element elementor-element-b31d9e8 elementor-widget elementor-widget-image-gallery\" data-id=\"b31d9e8\" data-element_type=\"widget\" data-widget_type=\"image-gallery.default\">\n\t\t\t\t<div class=\"elementor-widget-container\">\n\t\t\t<style>\/*! elementor - v3.21.0 - 18-04-2024 *\/\n.elementor-image-gallery .gallery-item{display:inline-block;text-align:center;vertical-align:top;width:100%;max-width:100%;margin:0 auto}.elementor-image-gallery .gallery-item img{margin:0 auto}.elementor-image-gallery .gallery-item .gallery-caption{margin:0}.elementor-image-gallery figure img{display:block}.elementor-image-gallery figure figcaption{width:100%}.gallery-spacing-custom .elementor-image-gallery .gallery-icon{padding:0}@media (min-width:768px){.elementor-image-gallery .gallery-columns-2 .gallery-item{max-width:50%}.elementor-image-gallery .gallery-columns-3 .gallery-item{max-width:33.33%}.elementor-image-gallery .gallery-columns-4 .gallery-item{max-width:25%}.elementor-image-gallery .gallery-columns-5 .gallery-item{max-width:20%}.elementor-image-gallery .gallery-columns-6 .gallery-item{max-width:16.666%}.elementor-image-gallery .gallery-columns-7 .gallery-item{max-width:14.28%}.elementor-image-gallery .gallery-columns-8 .gallery-item{max-width:12.5%}.elementor-image-gallery .gallery-columns-9 .gallery-item{max-width:11.11%}.elementor-image-gallery .gallery-columns-10 .gallery-item{max-width:10%}}@media (min-width:480px) and (max-width:767px){.elementor-image-gallery .gallery.gallery-columns-2 .gallery-item,.elementor-image-gallery .gallery.gallery-columns-3 .gallery-item,.elementor-image-gallery .gallery.gallery-columns-4 .gallery-item,.elementor-image-gallery .gallery.gallery-columns-5 .gallery-item,.elementor-image-gallery .gallery.gallery-columns-6 .gallery-item,.elementor-image-gallery .gallery.gallery-columns-7 .gallery-item,.elementor-image-gallery .gallery.gallery-columns-8 .gallery-item,.elementor-image-gallery .gallery.gallery-columns-9 .gallery-item,.elementor-image-gallery .gallery.gallery-columns-10 .gallery-item{max-width:50%}}@media (max-width:479px){.elementor-image-gallery .gallery.gallery-columns-2 .gallery-item,.elementor-image-gallery .gallery.gallery-columns-3 .gallery-item,.elementor-image-gallery .gallery.gallery-columns-4 .gallery-item,.elementor-image-gallery .gallery.gallery-columns-5 .gallery-item,.elementor-image-gallery .gallery.gallery-columns-6 .gallery-item,.elementor-image-gallery .gallery.gallery-columns-7 .gallery-item,.elementor-image-gallery .gallery.gallery-columns-8 .gallery-item,.elementor-image-gallery .gallery.gallery-columns-9 .gallery-item,.elementor-image-gallery .gallery.gallery-columns-10 .gallery-item{max-width:100%}}<\/style>\t\t<div class=\"elementor-image-gallery\">\n\t\t\t<div id='gallery-1' class='gallery galleryid-538 gallery-columns-4 gallery-size-medium'><figure class='gallery-item'>\n\t\t\t<div class='gallery-icon landscape'>\n\t\t\t\t<a data-elementor-open-lightbox=\"yes\" data-elementor-lightbox-slideshow=\"b31d9e8\" data-elementor-lightbox-title=\"1\" data-e-action-hash=\"#elementor-action%3Aaction%3Dlightbox%26settings%3DeyJpZCI6NTQyLCJ1cmwiOiJodHRwczpcL1wvYmV5dGVwZWVuZXJqaS5jb21cL3dwLWNvbnRlbnRcL3VwbG9hZHNcLzIwMjRcLzA0XC8xLTQuanBlZyIsInNsaWRlc2hvdyI6ImIzMWQ5ZTgifQ%3D%3D\" href='https:\/\/beytepeenerji.com\/wp-content\/uploads\/2024\/04\/1-4.jpeg'><img fetchpriority=\"high\" decoding=\"async\" width=\"300\" height=\"225\" src=\"https:\/\/beytepeenerji.com\/wp-content\/uploads\/2024\/04\/1-4-300x225.jpeg\" class=\"attachment-medium size-medium\" alt=\"\" srcset=\"https:\/\/beytepeenerji.com\/wp-content\/uploads\/2024\/04\/1-4-300x225.jpeg 300w, https:\/\/beytepeenerji.com\/wp-content\/uploads\/2024\/04\/1-4-1024x768.jpeg 1024w, https:\/\/beytepeenerji.com\/wp-content\/uploads\/2024\/04\/1-4-768x576.jpeg 768w, https:\/\/beytepeenerji.com\/wp-content\/uploads\/2024\/04\/1-4-400x300.jpeg 400w, https:\/\/beytepeenerji.com\/wp-content\/uploads\/2024\/04\/1-4-650x488.jpeg 650w, https:\/\/beytepeenerji.com\/wp-content\/uploads\/2024\/04\/1-4.jpeg 1440w\" sizes=\"(max-width: 300px) 100vw, 300px\" data-id=\"542\" \/><\/a>\n\t\t\t<\/div><\/figure><figure class='gallery-item'>\n\t\t\t<div class='gallery-icon landscape'>\n\t\t\t\t<a data-elementor-open-lightbox=\"yes\" data-elementor-lightbox-slideshow=\"b31d9e8\" data-elementor-lightbox-title=\"2\" data-e-action-hash=\"#elementor-action%3Aaction%3Dlightbox%26settings%3DeyJpZCI6NTQzLCJ1cmwiOiJodHRwczpcL1wvYmV5dGVwZWVuZXJqaS5jb21cL3dwLWNvbnRlbnRcL3VwbG9hZHNcLzIwMjRcLzA0XC8yLTQuanBlZyIsInNsaWRlc2hvdyI6ImIzMWQ5ZTgifQ%3D%3D\" href='https:\/\/beytepeenerji.com\/wp-content\/uploads\/2024\/04\/2-4.jpeg'><img decoding=\"async\" width=\"300\" height=\"225\" src=\"https:\/\/beytepeenerji.com\/wp-content\/uploads\/2024\/04\/2-4-300x225.jpeg\" class=\"attachment-medium size-medium\" alt=\"\" srcset=\"https:\/\/beytepeenerji.com\/wp-content\/uploads\/2024\/04\/2-4-300x225.jpeg 300w, https:\/\/beytepeenerji.com\/wp-content\/uploads\/2024\/04\/2-4-1024x768.jpeg 1024w, https:\/\/beytepeenerji.com\/wp-content\/uploads\/2024\/04\/2-4-768x576.jpeg 768w, https:\/\/beytepeenerji.com\/wp-content\/uploads\/2024\/04\/2-4-400x300.jpeg 400w, https:\/\/beytepeenerji.com\/wp-content\/uploads\/2024\/04\/2-4-650x488.jpeg 650w, https:\/\/beytepeenerji.com\/wp-content\/uploads\/2024\/04\/2-4.jpeg 1440w\" sizes=\"(max-width: 300px) 100vw, 300px\" data-id=\"543\" \/><\/a>\n\t\t\t<\/div><\/figure><figure class='gallery-item'>\n\t\t\t<div class='gallery-icon landscape'>\n\t\t\t\t<a data-elementor-open-lightbox=\"yes\" data-elementor-lightbox-slideshow=\"b31d9e8\" data-elementor-lightbox-title=\"3\" data-e-action-hash=\"#elementor-action%3Aaction%3Dlightbox%26settings%3DeyJpZCI6NTQ0LCJ1cmwiOiJodHRwczpcL1wvYmV5dGVwZWVuZXJqaS5jb21cL3dwLWNvbnRlbnRcL3VwbG9hZHNcLzIwMjRcLzA0XC8zLTQuanBlZyIsInNsaWRlc2hvdyI6ImIzMWQ5ZTgifQ%3D%3D\" href='https:\/\/beytepeenerji.com\/wp-content\/uploads\/2024\/04\/3-4.jpeg'><img decoding=\"async\" width=\"300\" height=\"225\" src=\"https:\/\/beytepeenerji.com\/wp-content\/uploads\/2024\/04\/3-4-300x225.jpeg\" class=\"attachment-medium size-medium\" alt=\"\" srcset=\"https:\/\/beytepeenerji.com\/wp-content\/uploads\/2024\/04\/3-4-300x225.jpeg 300w, https:\/\/beytepeenerji.com\/wp-content\/uploads\/2024\/04\/3-4-1024x768.jpeg 1024w, https:\/\/beytepeenerji.com\/wp-content\/uploads\/2024\/04\/3-4-768x576.jpeg 768w, https:\/\/beytepeenerji.com\/wp-content\/uploads\/2024\/04\/3-4-400x300.jpeg 400w, https:\/\/beytepeenerji.com\/wp-content\/uploads\/2024\/04\/3-4-650x488.jpeg 650w, https:\/\/beytepeenerji.com\/wp-content\/uploads\/2024\/04\/3-4.jpeg 1440w\" sizes=\"(max-width: 300px) 100vw, 300px\" data-id=\"544\" \/><\/a>\n\t\t\t<\/div><\/figure><figure class='gallery-item'>\n\t\t\t<div class='gallery-icon landscape'>\n\t\t\t\t<a data-elementor-open-lightbox=\"yes\" data-elementor-lightbox-slideshow=\"b31d9e8\" data-elementor-lightbox-title=\"4,1\" data-e-action-hash=\"#elementor-action%3Aaction%3Dlightbox%26settings%3DeyJpZCI6NTQ1LCJ1cmwiOiJodHRwczpcL1wvYmV5dGVwZWVuZXJqaS5jb21cL3dwLWNvbnRlbnRcL3VwbG9hZHNcLzIwMjRcLzA0XC80MS5qcGVnIiwic2xpZGVzaG93IjoiYjMxZDllOCJ9\" href='https:\/\/beytepeenerji.com\/wp-content\/uploads\/2024\/04\/41.jpeg'><img loading=\"lazy\" decoding=\"async\" width=\"300\" height=\"225\" src=\"https:\/\/beytepeenerji.com\/wp-content\/uploads\/2024\/04\/41-300x225.jpeg\" class=\"attachment-medium size-medium\" alt=\"\" srcset=\"https:\/\/beytepeenerji.com\/wp-content\/uploads\/2024\/04\/41-300x225.jpeg 300w, https:\/\/beytepeenerji.com\/wp-content\/uploads\/2024\/04\/41-1024x768.jpeg 1024w, https:\/\/beytepeenerji.com\/wp-content\/uploads\/2024\/04\/41-768x576.jpeg 768w, https:\/\/beytepeenerji.com\/wp-content\/uploads\/2024\/04\/41-400x300.jpeg 400w, https:\/\/beytepeenerji.com\/wp-content\/uploads\/2024\/04\/41-650x488.jpeg 650w, https:\/\/beytepeenerji.com\/wp-content\/uploads\/2024\/04\/41.jpeg 1440w\" sizes=\"(max-width: 300px) 100vw, 300px\" data-id=\"545\" \/><\/a>\n\t\t\t<\/div><\/figure><figure class='gallery-item'>\n\t\t\t<div class='gallery-icon landscape'>\n\t\t\t\t<a data-elementor-open-lightbox=\"yes\" data-elementor-lightbox-slideshow=\"b31d9e8\" data-elementor-lightbox-title=\"4\" data-e-action-hash=\"#elementor-action%3Aaction%3Dlightbox%26settings%3DeyJpZCI6NTQ3LCJ1cmwiOiJodHRwczpcL1wvYmV5dGVwZWVuZXJqaS5jb21cL3dwLWNvbnRlbnRcL3VwbG9hZHNcLzIwMjRcLzA0XC80LTQuanBlZyIsInNsaWRlc2hvdyI6ImIzMWQ5ZTgifQ%3D%3D\" href='https:\/\/beytepeenerji.com\/wp-content\/uploads\/2024\/04\/4-4.jpeg'><img loading=\"lazy\" decoding=\"async\" width=\"300\" height=\"225\" src=\"https:\/\/beytepeenerji.com\/wp-content\/uploads\/2024\/04\/4-4-300x225.jpeg\" class=\"attachment-medium size-medium\" alt=\"\" srcset=\"https:\/\/beytepeenerji.com\/wp-content\/uploads\/2024\/04\/4-4-300x225.jpeg 300w, https:\/\/beytepeenerji.com\/wp-content\/uploads\/2024\/04\/4-4-1024x768.jpeg 1024w, https:\/\/beytepeenerji.com\/wp-content\/uploads\/2024\/04\/4-4-768x576.jpeg 768w, https:\/\/beytepeenerji.com\/wp-content\/uploads\/2024\/04\/4-4-400x300.jpeg 400w, https:\/\/beytepeenerji.com\/wp-content\/uploads\/2024\/04\/4-4-650x488.jpeg 650w, https:\/\/beytepeenerji.com\/wp-content\/uploads\/2024\/04\/4-4.jpeg 1440w\" sizes=\"(max-width: 300px) 100vw, 300px\" data-id=\"547\" \/><\/a>\n\t\t\t<\/div><\/figure><figure class='gallery-item'>\n\t\t\t<div class='gallery-icon landscape'>\n\t\t\t\t<a data-elementor-open-lightbox=\"yes\" data-elementor-lightbox-slideshow=\"b31d9e8\" data-elementor-lightbox-title=\"4\" data-e-action-hash=\"#elementor-action%3Aaction%3Dlightbox%26settings%3DeyJpZCI6NTQ4LCJ1cmwiOiJodHRwczpcL1wvYmV5dGVwZWVuZXJqaS5jb21cL3dwLWNvbnRlbnRcL3VwbG9hZHNcLzIwMjRcLzA0XC81LTQuanBlZyIsInNsaWRlc2hvdyI6ImIzMWQ5ZTgifQ%3D%3D\" href='https:\/\/beytepeenerji.com\/wp-content\/uploads\/2024\/04\/5-4.jpeg'><img loading=\"lazy\" decoding=\"async\" width=\"300\" height=\"225\" src=\"https:\/\/beytepeenerji.com\/wp-content\/uploads\/2024\/04\/5-4-300x225.jpeg\" class=\"attachment-medium size-medium\" alt=\"\" srcset=\"https:\/\/beytepeenerji.com\/wp-content\/uploads\/2024\/04\/5-4-300x225.jpeg 300w, https:\/\/beytepeenerji.com\/wp-content\/uploads\/2024\/04\/5-4-1024x768.jpeg 1024w, https:\/\/beytepeenerji.com\/wp-content\/uploads\/2024\/04\/5-4-768x576.jpeg 768w, https:\/\/beytepeenerji.com\/wp-content\/uploads\/2024\/04\/5-4-400x300.jpeg 400w, https:\/\/beytepeenerji.com\/wp-content\/uploads\/2024\/04\/5-4-650x488.jpeg 650w, https:\/\/beytepeenerji.com\/wp-content\/uploads\/2024\/04\/5-4.jpeg 1440w\" sizes=\"(max-width: 300px) 100vw, 300px\" data-id=\"548\" \/><\/a>\n\t\t\t<\/div><\/figure><figure class='gallery-item'>\n\t\t\t<div class='gallery-icon landscape'>\n\t\t\t\t<a data-elementor-open-lightbox=\"yes\" data-elementor-lightbox-slideshow=\"b31d9e8\" data-elementor-lightbox-title=\"4\" data-e-action-hash=\"#elementor-action%3Aaction%3Dlightbox%26settings%3DeyJpZCI6NTQ5LCJ1cmwiOiJodHRwczpcL1wvYmV5dGVwZWVuZXJqaS5jb21cL3dwLWNvbnRlbnRcL3VwbG9hZHNcLzIwMjRcLzA0XC82LTQuanBlZyIsInNsaWRlc2hvdyI6ImIzMWQ5ZTgifQ%3D%3D\" href='https:\/\/beytepeenerji.com\/wp-content\/uploads\/2024\/04\/6-4.jpeg'><img loading=\"lazy\" decoding=\"async\" width=\"300\" height=\"225\" src=\"https:\/\/beytepeenerji.com\/wp-content\/uploads\/2024\/04\/6-4-300x225.jpeg\" class=\"attachment-medium size-medium\" alt=\"\" srcset=\"https:\/\/beytepeenerji.com\/wp-content\/uploads\/2024\/04\/6-4-300x225.jpeg 300w, https:\/\/beytepeenerji.com\/wp-content\/uploads\/2024\/04\/6-4-1024x768.jpeg 1024w, https:\/\/beytepeenerji.com\/wp-content\/uploads\/2024\/04\/6-4-768x576.jpeg 768w, https:\/\/beytepeenerji.com\/wp-content\/uploads\/2024\/04\/6-4-400x300.jpeg 400w, https:\/\/beytepeenerji.com\/wp-content\/uploads\/2024\/04\/6-4-650x488.jpeg 650w, https:\/\/beytepeenerji.com\/wp-content\/uploads\/2024\/04\/6-4.jpeg 1440w\" sizes=\"(max-width: 300px) 100vw, 300px\" data-id=\"549\" \/><\/a>\n\t\t\t<\/div><\/figure><figure class='gallery-item'>\n\t\t\t<div class='gallery-icon landscape'>\n\t\t\t\t<a data-elementor-open-lightbox=\"yes\" data-elementor-lightbox-slideshow=\"b31d9e8\" data-elementor-lightbox-title=\"4\" data-e-action-hash=\"#elementor-action%3Aaction%3Dlightbox%26settings%3DeyJpZCI6NTUwLCJ1cmwiOiJodHRwczpcL1wvYmV5dGVwZWVuZXJqaS5jb21cL3dwLWNvbnRlbnRcL3VwbG9hZHNcLzIwMjRcLzA0XC83LTQuanBlZyIsInNsaWRlc2hvdyI6ImIzMWQ5ZTgifQ%3D%3D\" href='https:\/\/beytepeenerji.com\/wp-content\/uploads\/2024\/04\/7-4.jpeg'><img loading=\"lazy\" decoding=\"async\" width=\"300\" height=\"225\" src=\"https:\/\/beytepeenerji.com\/wp-content\/uploads\/2024\/04\/7-4-300x225.jpeg\" class=\"attachment-medium size-medium\" alt=\"\" srcset=\"https:\/\/beytepeenerji.com\/wp-content\/uploads\/2024\/04\/7-4-300x225.jpeg 300w, https:\/\/beytepeenerji.com\/wp-content\/uploads\/2024\/04\/7-4-1024x768.jpeg 1024w, https:\/\/beytepeenerji.com\/wp-content\/uploads\/2024\/04\/7-4-768x576.jpeg 768w, https:\/\/beytepeenerji.com\/wp-content\/uploads\/2024\/04\/7-4-400x300.jpeg 400w, https:\/\/beytepeenerji.com\/wp-content\/uploads\/2024\/04\/7-4-650x488.jpeg 650w, https:\/\/beytepeenerji.com\/wp-content\/uploads\/2024\/04\/7-4.jpeg 1440w\" sizes=\"(max-width: 300px) 100vw, 300px\" data-id=\"550\" \/><\/a>\n\t\t\t<\/div><\/figure>\n\t\t<\/div>\n\t\t<\/div>\n\t\t\t\t<\/div>\n\t\t\t\t<\/div>\n\t\t\t\t\t<\/div>\n\t\t\t\t<\/div>\n\t\t\t\t<\/div>","protected":false},"excerpt":{"rendered":"<p>Y\u0131ll\u0131k \u00fcretimi 416.907,033 kWh\/ y\u0131l\u00a0 ve tamamlanma tarihi Aral\u0131k 2022 olan projede 663 adet a\u011fac kurtar\u0131lm\u0131\u015ft\u0131r. Projenin engelledi\u011fi y\u0131ll\u0131k korbon emisyon miktar\u0131 278,47&#8217;tondur. Y\u0131ll\u0131k hane t\u00fcketim kar\u015f\u0131l\u0131\u011f\u0131 ise 148 adettir. Proje G\u00fcc\u00fc: 287,1 kWP Y\u0131ll\u0131k \u00dcretim: 416,907,033 kWh \/ y\u0131l Tamamlanma Tarihi: Aral\u0131k 2022 Kurtar\u0131lan A\u011fa\u00e7 Say\u0131s\u0131: 663 Adet\u00a0 Engellenen Y\u0131ll\u0131k Karbon Emisyonu: 278,47 ton &hellip; <a href=\"https:\/\/beytepeenerji.com\/en\/cinar-biyomedikal\/\" class=\"more-link\">Continue reading <span class=\"screen-reader-text\">\u00c7\u0131nar Biyomedikal<\/span><\/a><\/p>","protected":false},"author":1,"featured_media":0,"parent":0,"menu_order":0,"comment_status":"closed","ping_status":"closed","template":"elementor_header_footer","meta":{"footnotes":""},"_links":{"self":[{"href":"https:\/\/beytepeenerji.com\/en\/wp-json\/wp\/v2\/pages\/538"}],"collection":[{"href":"https:\/\/beytepeenerji.com\/en\/wp-json\/wp\/v2\/pages"}],"about":[{"href":"https:\/\/beytepeenerji.com\/en\/wp-json\/wp\/v2\/types\/page"}],"author":[{"embeddable":true,"href":"https:\/\/beytepeenerji.com\/en\/wp-json\/wp\/v2\/users\/1"}],"replies":[{"embeddable":true,"href":"https:\/\/beytepeenerji.com\/en\/wp-json\/wp\/v2\/comments?post=538"}],"version-history":[{"count":5,"href":"https:\/\/beytepeenerji.com\/en\/wp-json\/wp\/v2\/pages\/538\/revisions"}],"predecessor-version":[{"id":553,"href":"https:\/\/beytepeenerji.com\/en\/wp-json\/wp\/v2\/pages\/538\/revisions\/553"}],"wp:attachment":[{"href":"https:\/\/beytepeenerji.com\/en\/wp-json\/wp\/v2\/media?parent=538"}],"curies":[{"name":"wp","href":"https:\/\/api.w.org\/{rel}","templated":true}]}}