{"id":465,"date":"2024-04-22T17:21:40","date_gmt":"2024-04-22T14:21:40","guid":{"rendered":"https:\/\/epoxdemo.com.tr\/beytepeenerji\/?page_id=465"},"modified":"2024-04-22T17:56:03","modified_gmt":"2024-04-22T14:56:03","slug":"okursoy-1-ges","status":"publish","type":"page","link":"https:\/\/beytepeenerji.com\/en\/okursoy-1-ges\/","title":{"rendered":"Okursoy 1 Ges"},"content":{"rendered":"<div data-elementor-type=\"wp-page\" data-elementor-id=\"465\" class=\"elementor elementor-465\">\n\t\t\t\t<div class=\"elementor-element elementor-element-1f6b6ae e-flex e-con-boxed e-con e-parent\" data-id=\"1f6b6ae\" data-element_type=\"container\">\n\t\t\t\t\t<div class=\"e-con-inner\">\n\t\t<div class=\"elementor-element elementor-element-d274a99 e-con-full e-flex e-con e-child\" data-id=\"d274a99\" data-element_type=\"container\">\n\t\t\t\t<div class=\"elementor-element elementor-element-c6c6961 elementor-widget elementor-widget-text-editor\" data-id=\"c6c6961\" data-element_type=\"widget\" data-widget_type=\"text-editor.default\">\n\t\t\t\t<div class=\"elementor-widget-container\">\n\t\t\t<style>\/*! elementor - v3.21.0 - 18-04-2024 *\/\n.elementor-widget-text-editor.elementor-drop-cap-view-stacked .elementor-drop-cap{background-color:#69727d;color:#fff}.elementor-widget-text-editor.elementor-drop-cap-view-framed .elementor-drop-cap{color:#69727d;border:3px solid;background-color:transparent}.elementor-widget-text-editor:not(.elementor-drop-cap-view-default) .elementor-drop-cap{margin-top:8px}.elementor-widget-text-editor:not(.elementor-drop-cap-view-default) .elementor-drop-cap-letter{width:1em;height:1em}.elementor-widget-text-editor .elementor-drop-cap{float:left;text-align:center;line-height:1;font-size:50px}.elementor-widget-text-editor .elementor-drop-cap-letter{display:inline-block}<\/style>\t\t\t\t<p>1803 trees were saved as part of the project, which has an annual production of 1,139,880 kWh\/year and is due to be completed in December 2022. The annual amount of carbon emissions avoided by the project is 757 tons. The annual household consumption equivalent is 403 units.<\/p>\t\t\t\t\t\t<\/div>\n\t\t\t\t<\/div>\n\t\t\t\t<\/div>\n\t\t<div class=\"elementor-element elementor-element-b54b5d4 e-con-full e-flex e-con e-child\" data-id=\"b54b5d4\" data-element_type=\"container\">\n\t\t\t\t<div class=\"elementor-element elementor-element-bfd8ad9 elementor-widget elementor-widget-text-editor\" data-id=\"bfd8ad9\" data-element_type=\"widget\" data-widget_type=\"text-editor.default\">\n\t\t\t\t<div class=\"elementor-widget-container\">\n\t\t\t\t\t\t\t<table width=\"579\"><tbody><tr><td>Project Power:<\/td><td>814,2 kWP<\/td><\/tr><tr><td>Annual Generation:<\/td><td>1,139,880\u00a0 kWh \/ year<\/td><\/tr><tr class=\"bg-white\"><td>Completion Date:<\/td><td>December 2022<\/td><\/tr><tr><td>Number of Trees Saved:<\/td><td colspan=\"2\">1803 units\u00a0<\/td><\/tr><tr class=\"bg-white\"><td>Avoided Annual Carbon Emissions:<\/td><td colspan=\"2\">757 tons<\/td><\/tr><tr><td>Annual Household Consumption Equivalent:<\/td><td colspan=\"2\">403 Adet<\/td><\/tr><\/tbody><\/table>\t\t\t\t\t\t<\/div>\n\t\t\t\t<\/div>\n\t\t\t\t<\/div>\n\t\t<div class=\"elementor-element elementor-element-659a78d e-con-full e-flex e-con e-child\" data-id=\"659a78d\" data-element_type=\"container\">\n\t\t\t\t<div class=\"elementor-element elementor-element-9a81ba8 elementor-widget elementor-widget-video\" data-id=\"9a81ba8\" data-element_type=\"widget\" data-settings=\"{&quot;youtube_url&quot;:&quot;https:\\\/\\\/www.youtube.com\\\/watch?v=M0YGjbK-UOs&quot;,&quot;video_type&quot;:&quot;youtube&quot;,&quot;controls&quot;:&quot;yes&quot;}\" data-widget_type=\"video.default\">\n\t\t\t\t<div class=\"elementor-widget-container\">\n\t\t\t<style>\/*! elementor - v3.21.0 - 18-04-2024 *\/\n.elementor-widget-video .elementor-widget-container{overflow:hidden;transform:translateZ(0)}.elementor-widget-video .elementor-wrapper{aspect-ratio:var(--video-aspect-ratio)}.elementor-widget-video .elementor-wrapper iframe,.elementor-widget-video .elementor-wrapper video{height:100%;width:100%;display:flex;border:none;background-color:#000}@supports not (aspect-ratio:1\/1){.elementor-widget-video .elementor-wrapper{position:relative;overflow:hidden;height:0;padding-bottom:calc(100% \/ var(--video-aspect-ratio))}.elementor-widget-video .elementor-wrapper iframe,.elementor-widget-video .elementor-wrapper video{position:absolute;top:0;right:0;bottom:0;left:0}}.elementor-widget-video .elementor-open-inline .elementor-custom-embed-image-overlay{position:absolute;top:0;right:0;bottom:0;left:0;background-size:cover;background-position:50%}.elementor-widget-video .elementor-custom-embed-image-overlay{cursor:pointer;text-align:center}.elementor-widget-video .elementor-custom-embed-image-overlay:hover .elementor-custom-embed-play i{opacity:1}.elementor-widget-video .elementor-custom-embed-image-overlay img{display:block;width:100%;aspect-ratio:var(--video-aspect-ratio);-o-object-fit:cover;object-fit:cover;-o-object-position:center center;object-position:center center}@supports not (aspect-ratio:1\/1){.elementor-widget-video .elementor-custom-embed-image-overlay{position:relative;overflow:hidden;height:0;padding-bottom:calc(100% \/ var(--video-aspect-ratio))}.elementor-widget-video .elementor-custom-embed-image-overlay img{position:absolute;top:0;right:0;bottom:0;left:0}}.elementor-widget-video .e-hosted-video .elementor-video{-o-object-fit:cover;object-fit:cover}.e-con-inner>.elementor-widget-video,.e-con>.elementor-widget-video{width:var(--container-widget-width);--flex-grow:var(--container-widget-flex-grow)}<\/style>\t\t<div class=\"elementor-wrapper elementor-open-inline\">\n\t\t\t<div class=\"elementor-video\"><\/div>\t\t<\/div>\n\t\t\t\t<\/div>\n\t\t\t\t<\/div>\n\t\t\t\t<\/div>\n\t\t\t\t\t<\/div>\n\t\t\t\t<\/div>\n\t\t<div class=\"elementor-element elementor-element-df2b6aa e-flex e-con-boxed e-con e-parent\" data-id=\"df2b6aa\" data-element_type=\"container\">\n\t\t\t\t\t<div class=\"e-con-inner\">\n\t\t\t\t<div class=\"elementor-element elementor-element-af192a9 elementor-widget elementor-widget-image-gallery\" data-id=\"af192a9\" data-element_type=\"widget\" data-widget_type=\"image-gallery.default\">\n\t\t\t\t<div class=\"elementor-widget-container\">\n\t\t\t<style>\/*! elementor - v3.21.0 - 18-04-2024 *\/\n.elementor-image-gallery .gallery-item{display:inline-block;text-align:center;vertical-align:top;width:100%;max-width:100%;margin:0 auto}.elementor-image-gallery .gallery-item img{margin:0 auto}.elementor-image-gallery .gallery-item .gallery-caption{margin:0}.elementor-image-gallery figure img{display:block}.elementor-image-gallery figure figcaption{width:100%}.gallery-spacing-custom .elementor-image-gallery .gallery-icon{padding:0}@media (min-width:768px){.elementor-image-gallery .gallery-columns-2 .gallery-item{max-width:50%}.elementor-image-gallery .gallery-columns-3 .gallery-item{max-width:33.33%}.elementor-image-gallery .gallery-columns-4 .gallery-item{max-width:25%}.elementor-image-gallery .gallery-columns-5 .gallery-item{max-width:20%}.elementor-image-gallery .gallery-columns-6 .gallery-item{max-width:16.666%}.elementor-image-gallery .gallery-columns-7 .gallery-item{max-width:14.28%}.elementor-image-gallery .gallery-columns-8 .gallery-item{max-width:12.5%}.elementor-image-gallery .gallery-columns-9 .gallery-item{max-width:11.11%}.elementor-image-gallery .gallery-columns-10 .gallery-item{max-width:10%}}@media (min-width:480px) and (max-width:767px){.elementor-image-gallery .gallery.gallery-columns-2 .gallery-item,.elementor-image-gallery .gallery.gallery-columns-3 .gallery-item,.elementor-image-gallery .gallery.gallery-columns-4 .gallery-item,.elementor-image-gallery .gallery.gallery-columns-5 .gallery-item,.elementor-image-gallery .gallery.gallery-columns-6 .gallery-item,.elementor-image-gallery .gallery.gallery-columns-7 .gallery-item,.elementor-image-gallery .gallery.gallery-columns-8 .gallery-item,.elementor-image-gallery .gallery.gallery-columns-9 .gallery-item,.elementor-image-gallery .gallery.gallery-columns-10 .gallery-item{max-width:50%}}@media (max-width:479px){.elementor-image-gallery .gallery.gallery-columns-2 .gallery-item,.elementor-image-gallery .gallery.gallery-columns-3 .gallery-item,.elementor-image-gallery .gallery.gallery-columns-4 .gallery-item,.elementor-image-gallery .gallery.gallery-columns-5 .gallery-item,.elementor-image-gallery .gallery.gallery-columns-6 .gallery-item,.elementor-image-gallery .gallery.gallery-columns-7 .gallery-item,.elementor-image-gallery .gallery.gallery-columns-8 .gallery-item,.elementor-image-gallery .gallery.gallery-columns-9 .gallery-item,.elementor-image-gallery .gallery.gallery-columns-10 .gallery-item{max-width:100%}}<\/style>\t\t<div class=\"elementor-image-gallery\">\n\t\t\t<div id='gallery-1' class='gallery galleryid-465 gallery-columns-4 gallery-size-medium'><figure class='gallery-item'>\n\t\t\t<div class='gallery-icon landscape'>\n\t\t\t\t<a data-elementor-open-lightbox=\"yes\" data-elementor-lightbox-slideshow=\"af192a9\" data-elementor-lightbox-title=\"1\" data-e-action-hash=\"#elementor-action%3Aaction%3Dlightbox%26settings%3DeyJpZCI6NDY5LCJ1cmwiOiJodHRwczpcL1wvYmV5dGVwZWVuZXJqaS5jb21cL3dwLWNvbnRlbnRcL3VwbG9hZHNcLzIwMjRcLzA0XC8xLTEuanBlZyIsInNsaWRlc2hvdyI6ImFmMTkyYTkifQ%3D%3D\" href='https:\/\/beytepeenerji.com\/wp-content\/uploads\/2024\/04\/1-1.jpeg'><img fetchpriority=\"high\" decoding=\"async\" width=\"300\" height=\"225\" src=\"https:\/\/beytepeenerji.com\/wp-content\/uploads\/2024\/04\/1-1-300x225.jpeg\" class=\"attachment-medium size-medium\" alt=\"\" srcset=\"https:\/\/beytepeenerji.com\/wp-content\/uploads\/2024\/04\/1-1-300x225.jpeg 300w, https:\/\/beytepeenerji.com\/wp-content\/uploads\/2024\/04\/1-1-1024x768.jpeg 1024w, https:\/\/beytepeenerji.com\/wp-content\/uploads\/2024\/04\/1-1-768x576.jpeg 768w, https:\/\/beytepeenerji.com\/wp-content\/uploads\/2024\/04\/1-1-400x300.jpeg 400w, https:\/\/beytepeenerji.com\/wp-content\/uploads\/2024\/04\/1-1-650x488.jpeg 650w, https:\/\/beytepeenerji.com\/wp-content\/uploads\/2024\/04\/1-1.jpeg 1440w\" sizes=\"(max-width: 300px) 100vw, 300px\" data-id=\"469\" \/><\/a>\n\t\t\t<\/div><\/figure><figure class='gallery-item'>\n\t\t\t<div class='gallery-icon landscape'>\n\t\t\t\t<a data-elementor-open-lightbox=\"yes\" data-elementor-lightbox-slideshow=\"af192a9\" data-elementor-lightbox-title=\"2\" data-e-action-hash=\"#elementor-action%3Aaction%3Dlightbox%26settings%3DeyJpZCI6NDcwLCJ1cmwiOiJodHRwczpcL1wvYmV5dGVwZWVuZXJqaS5jb21cL3dwLWNvbnRlbnRcL3VwbG9hZHNcLzIwMjRcLzA0XC8yLTEuanBlZyIsInNsaWRlc2hvdyI6ImFmMTkyYTkifQ%3D%3D\" href='https:\/\/beytepeenerji.com\/wp-content\/uploads\/2024\/04\/2-1.jpeg'><img decoding=\"async\" width=\"300\" height=\"225\" src=\"https:\/\/beytepeenerji.com\/wp-content\/uploads\/2024\/04\/2-1-300x225.jpeg\" class=\"attachment-medium size-medium\" alt=\"\" srcset=\"https:\/\/beytepeenerji.com\/wp-content\/uploads\/2024\/04\/2-1-300x225.jpeg 300w, https:\/\/beytepeenerji.com\/wp-content\/uploads\/2024\/04\/2-1-1024x768.jpeg 1024w, https:\/\/beytepeenerji.com\/wp-content\/uploads\/2024\/04\/2-1-768x576.jpeg 768w, https:\/\/beytepeenerji.com\/wp-content\/uploads\/2024\/04\/2-1-400x300.jpeg 400w, https:\/\/beytepeenerji.com\/wp-content\/uploads\/2024\/04\/2-1-650x488.jpeg 650w, https:\/\/beytepeenerji.com\/wp-content\/uploads\/2024\/04\/2-1.jpeg 1440w\" sizes=\"(max-width: 300px) 100vw, 300px\" data-id=\"470\" \/><\/a>\n\t\t\t<\/div><\/figure><figure class='gallery-item'>\n\t\t\t<div class='gallery-icon landscape'>\n\t\t\t\t<a data-elementor-open-lightbox=\"yes\" data-elementor-lightbox-slideshow=\"af192a9\" data-elementor-lightbox-title=\"3\" data-e-action-hash=\"#elementor-action%3Aaction%3Dlightbox%26settings%3DeyJpZCI6NDcxLCJ1cmwiOiJodHRwczpcL1wvYmV5dGVwZWVuZXJqaS5jb21cL3dwLWNvbnRlbnRcL3VwbG9hZHNcLzIwMjRcLzA0XC8zLTEuanBlZyIsInNsaWRlc2hvdyI6ImFmMTkyYTkifQ%3D%3D\" href='https:\/\/beytepeenerji.com\/wp-content\/uploads\/2024\/04\/3-1.jpeg'><img decoding=\"async\" width=\"300\" height=\"225\" src=\"https:\/\/beytepeenerji.com\/wp-content\/uploads\/2024\/04\/3-1-300x225.jpeg\" class=\"attachment-medium size-medium\" alt=\"\" srcset=\"https:\/\/beytepeenerji.com\/wp-content\/uploads\/2024\/04\/3-1-300x225.jpeg 300w, https:\/\/beytepeenerji.com\/wp-content\/uploads\/2024\/04\/3-1-1024x768.jpeg 1024w, https:\/\/beytepeenerji.com\/wp-content\/uploads\/2024\/04\/3-1-768x576.jpeg 768w, https:\/\/beytepeenerji.com\/wp-content\/uploads\/2024\/04\/3-1-400x300.jpeg 400w, https:\/\/beytepeenerji.com\/wp-content\/uploads\/2024\/04\/3-1-650x488.jpeg 650w, https:\/\/beytepeenerji.com\/wp-content\/uploads\/2024\/04\/3-1.jpeg 1440w\" sizes=\"(max-width: 300px) 100vw, 300px\" data-id=\"471\" \/><\/a>\n\t\t\t<\/div><\/figure><figure class='gallery-item'>\n\t\t\t<div class='gallery-icon landscape'>\n\t\t\t\t<a data-elementor-open-lightbox=\"yes\" data-elementor-lightbox-slideshow=\"af192a9\" data-elementor-lightbox-title=\"4\" data-e-action-hash=\"#elementor-action%3Aaction%3Dlightbox%26settings%3DeyJpZCI6NDcyLCJ1cmwiOiJodHRwczpcL1wvYmV5dGVwZWVuZXJqaS5jb21cL3dwLWNvbnRlbnRcL3VwbG9hZHNcLzIwMjRcLzA0XC80LTEuanBlZyIsInNsaWRlc2hvdyI6ImFmMTkyYTkifQ%3D%3D\" href='https:\/\/beytepeenerji.com\/wp-content\/uploads\/2024\/04\/4-1.jpeg'><img loading=\"lazy\" decoding=\"async\" width=\"300\" height=\"225\" src=\"https:\/\/beytepeenerji.com\/wp-content\/uploads\/2024\/04\/4-1-300x225.jpeg\" class=\"attachment-medium size-medium\" alt=\"\" srcset=\"https:\/\/beytepeenerji.com\/wp-content\/uploads\/2024\/04\/4-1-300x225.jpeg 300w, https:\/\/beytepeenerji.com\/wp-content\/uploads\/2024\/04\/4-1-1024x768.jpeg 1024w, https:\/\/beytepeenerji.com\/wp-content\/uploads\/2024\/04\/4-1-768x576.jpeg 768w, https:\/\/beytepeenerji.com\/wp-content\/uploads\/2024\/04\/4-1-400x300.jpeg 400w, https:\/\/beytepeenerji.com\/wp-content\/uploads\/2024\/04\/4-1-650x488.jpeg 650w, https:\/\/beytepeenerji.com\/wp-content\/uploads\/2024\/04\/4-1.jpeg 1440w\" sizes=\"(max-width: 300px) 100vw, 300px\" data-id=\"472\" \/><\/a>\n\t\t\t<\/div><\/figure><figure class='gallery-item'>\n\t\t\t<div class='gallery-icon landscape'>\n\t\t\t\t<a data-elementor-open-lightbox=\"yes\" data-elementor-lightbox-slideshow=\"af192a9\" data-elementor-lightbox-title=\"5\" data-e-action-hash=\"#elementor-action%3Aaction%3Dlightbox%26settings%3DeyJpZCI6NDczLCJ1cmwiOiJodHRwczpcL1wvYmV5dGVwZWVuZXJqaS5jb21cL3dwLWNvbnRlbnRcL3VwbG9hZHNcLzIwMjRcLzA0XC81LTEuanBlZyIsInNsaWRlc2hvdyI6ImFmMTkyYTkifQ%3D%3D\" href='https:\/\/beytepeenerji.com\/wp-content\/uploads\/2024\/04\/5-1.jpeg'><img loading=\"lazy\" decoding=\"async\" width=\"300\" height=\"225\" src=\"https:\/\/beytepeenerji.com\/wp-content\/uploads\/2024\/04\/5-1-300x225.jpeg\" class=\"attachment-medium size-medium\" alt=\"\" srcset=\"https:\/\/beytepeenerji.com\/wp-content\/uploads\/2024\/04\/5-1-300x225.jpeg 300w, https:\/\/beytepeenerji.com\/wp-content\/uploads\/2024\/04\/5-1-1024x768.jpeg 1024w, https:\/\/beytepeenerji.com\/wp-content\/uploads\/2024\/04\/5-1-768x576.jpeg 768w, https:\/\/beytepeenerji.com\/wp-content\/uploads\/2024\/04\/5-1-400x300.jpeg 400w, https:\/\/beytepeenerji.com\/wp-content\/uploads\/2024\/04\/5-1-650x488.jpeg 650w, https:\/\/beytepeenerji.com\/wp-content\/uploads\/2024\/04\/5-1.jpeg 1440w\" sizes=\"(max-width: 300px) 100vw, 300px\" data-id=\"473\" \/><\/a>\n\t\t\t<\/div><\/figure><figure class='gallery-item'>\n\t\t\t<div class='gallery-icon landscape'>\n\t\t\t\t<a data-elementor-open-lightbox=\"yes\" data-elementor-lightbox-slideshow=\"af192a9\" data-elementor-lightbox-title=\"6\" data-e-action-hash=\"#elementor-action%3Aaction%3Dlightbox%26settings%3DeyJpZCI6NDc0LCJ1cmwiOiJodHRwczpcL1wvYmV5dGVwZWVuZXJqaS5jb21cL3dwLWNvbnRlbnRcL3VwbG9hZHNcLzIwMjRcLzA0XC82LTEuanBlZyIsInNsaWRlc2hvdyI6ImFmMTkyYTkifQ%3D%3D\" href='https:\/\/beytepeenerji.com\/wp-content\/uploads\/2024\/04\/6-1.jpeg'><img loading=\"lazy\" decoding=\"async\" width=\"300\" height=\"225\" src=\"https:\/\/beytepeenerji.com\/wp-content\/uploads\/2024\/04\/6-1-300x225.jpeg\" class=\"attachment-medium size-medium\" alt=\"\" srcset=\"https:\/\/beytepeenerji.com\/wp-content\/uploads\/2024\/04\/6-1-300x225.jpeg 300w, https:\/\/beytepeenerji.com\/wp-content\/uploads\/2024\/04\/6-1-1024x768.jpeg 1024w, https:\/\/beytepeenerji.com\/wp-content\/uploads\/2024\/04\/6-1-768x576.jpeg 768w, https:\/\/beytepeenerji.com\/wp-content\/uploads\/2024\/04\/6-1-400x300.jpeg 400w, https:\/\/beytepeenerji.com\/wp-content\/uploads\/2024\/04\/6-1-650x488.jpeg 650w, https:\/\/beytepeenerji.com\/wp-content\/uploads\/2024\/04\/6-1.jpeg 1440w\" sizes=\"(max-width: 300px) 100vw, 300px\" data-id=\"474\" \/><\/a>\n\t\t\t<\/div><\/figure><figure class='gallery-item'>\n\t\t\t<div class='gallery-icon landscape'>\n\t\t\t\t<a data-elementor-open-lightbox=\"yes\" data-elementor-lightbox-slideshow=\"af192a9\" data-elementor-lightbox-title=\"7\" data-e-action-hash=\"#elementor-action%3Aaction%3Dlightbox%26settings%3DeyJpZCI6NDc1LCJ1cmwiOiJodHRwczpcL1wvYmV5dGVwZWVuZXJqaS5jb21cL3dwLWNvbnRlbnRcL3VwbG9hZHNcLzIwMjRcLzA0XC83LTEuanBlZyIsInNsaWRlc2hvdyI6ImFmMTkyYTkifQ%3D%3D\" href='https:\/\/beytepeenerji.com\/wp-content\/uploads\/2024\/04\/7-1.jpeg'><img loading=\"lazy\" decoding=\"async\" width=\"300\" height=\"225\" src=\"https:\/\/beytepeenerji.com\/wp-content\/uploads\/2024\/04\/7-1-300x225.jpeg\" class=\"attachment-medium size-medium\" alt=\"\" srcset=\"https:\/\/beytepeenerji.com\/wp-content\/uploads\/2024\/04\/7-1-300x225.jpeg 300w, https:\/\/beytepeenerji.com\/wp-content\/uploads\/2024\/04\/7-1-1024x768.jpeg 1024w, https:\/\/beytepeenerji.com\/wp-content\/uploads\/2024\/04\/7-1-768x576.jpeg 768w, https:\/\/beytepeenerji.com\/wp-content\/uploads\/2024\/04\/7-1-400x300.jpeg 400w, https:\/\/beytepeenerji.com\/wp-content\/uploads\/2024\/04\/7-1-650x488.jpeg 650w, https:\/\/beytepeenerji.com\/wp-content\/uploads\/2024\/04\/7-1.jpeg 1440w\" sizes=\"(max-width: 300px) 100vw, 300px\" data-id=\"475\" \/><\/a>\n\t\t\t<\/div><\/figure><figure class='gallery-item'>\n\t\t\t<div class='gallery-icon landscape'>\n\t\t\t\t<a data-elementor-open-lightbox=\"yes\" data-elementor-lightbox-slideshow=\"af192a9\" data-elementor-lightbox-title=\"7\" data-e-action-hash=\"#elementor-action%3Aaction%3Dlightbox%26settings%3DeyJpZCI6NDc2LCJ1cmwiOiJodHRwczpcL1wvYmV5dGVwZWVuZXJqaS5jb21cL3dwLWNvbnRlbnRcL3VwbG9hZHNcLzIwMjRcLzA0XC84LTEuanBlZyIsInNsaWRlc2hvdyI6ImFmMTkyYTkifQ%3D%3D\" href='https:\/\/beytepeenerji.com\/wp-content\/uploads\/2024\/04\/8-1.jpeg'><img loading=\"lazy\" decoding=\"async\" width=\"300\" height=\"225\" src=\"https:\/\/beytepeenerji.com\/wp-content\/uploads\/2024\/04\/8-1-300x225.jpeg\" class=\"attachment-medium size-medium\" alt=\"\" srcset=\"https:\/\/beytepeenerji.com\/wp-content\/uploads\/2024\/04\/8-1-300x225.jpeg 300w, https:\/\/beytepeenerji.com\/wp-content\/uploads\/2024\/04\/8-1-1024x768.jpeg 1024w, https:\/\/beytepeenerji.com\/wp-content\/uploads\/2024\/04\/8-1-768x576.jpeg 768w, https:\/\/beytepeenerji.com\/wp-content\/uploads\/2024\/04\/8-1-400x300.jpeg 400w, https:\/\/beytepeenerji.com\/wp-content\/uploads\/2024\/04\/8-1-650x488.jpeg 650w, https:\/\/beytepeenerji.com\/wp-content\/uploads\/2024\/04\/8-1.jpeg 1440w\" sizes=\"(max-width: 300px) 100vw, 300px\" data-id=\"476\" \/><\/a>\n\t\t\t<\/div><\/figure>\n\t\t<\/div>\n\t\t<\/div>\n\t\t\t\t<\/div>\n\t\t\t\t<\/div>\n\t\t\t\t\t<\/div>\n\t\t\t\t<\/div>\n\t\t\t\t<\/div>","protected":false},"excerpt":{"rendered":"<p>Y\u0131ll\u0131k \u00fcretimi 1,139,880\u00a0 \u00a0kWh \/ y\u0131l\u00a0 ve tamamlanma tarihi Aral\u0131k 2022 olan projede 1803 adet a\u011fac kurtar\u0131lm\u0131\u015ft\u0131r. Projenin engelledi\u011fi y\u0131ll\u0131k korbon emisyon miktar\u0131 757&#8217;tondur. Y\u0131ll\u0131k hane t\u00fcketim kar\u015f\u0131l\u0131\u011f\u0131 ise 403 adettir. Proje G\u00fcc\u00fc: 814,2 kWP Y\u0131ll\u0131k \u00dcretim: 1,139,880\u00a0 kWh \/ y\u0131l Tamamlanma Tarihi: Aral\u0131k 2022 Kurtar\u0131lan A\u011fa\u00e7 Say\u0131s\u0131: 1803 Adet\u00a0 Engellenen Y\u0131ll\u0131k Karbon Emisyonu: 757 &hellip; <a href=\"https:\/\/beytepeenerji.com\/en\/okursoy-1-ges\/\" class=\"more-link\">Continue reading <span class=\"screen-reader-text\">Okursoy 1 Ges<\/span><\/a><\/p>","protected":false},"author":1,"featured_media":0,"parent":0,"menu_order":0,"comment_status":"closed","ping_status":"closed","template":"elementor_header_footer","meta":{"footnotes":""},"_links":{"self":[{"href":"https:\/\/beytepeenerji.com\/en\/wp-json\/wp\/v2\/pages\/465"}],"collection":[{"href":"https:\/\/beytepeenerji.com\/en\/wp-json\/wp\/v2\/pages"}],"about":[{"href":"https:\/\/beytepeenerji.com\/en\/wp-json\/wp\/v2\/types\/page"}],"author":[{"embeddable":true,"href":"https:\/\/beytepeenerji.com\/en\/wp-json\/wp\/v2\/users\/1"}],"replies":[{"embeddable":true,"href":"https:\/\/beytepeenerji.com\/en\/wp-json\/wp\/v2\/comments?post=465"}],"version-history":[{"count":7,"href":"https:\/\/beytepeenerji.com\/en\/wp-json\/wp\/v2\/pages\/465\/revisions"}],"predecessor-version":[{"id":650,"href":"https:\/\/beytepeenerji.com\/en\/wp-json\/wp\/v2\/pages\/465\/revisions\/650"}],"wp:attachment":[{"href":"https:\/\/beytepeenerji.com\/en\/wp-json\/wp\/v2\/media?parent=465"}],"curies":[{"name":"wp","href":"https:\/\/api.w.org\/{rel}","templated":true}]}}