{"id":309,"date":"2024-04-22T13:51:27","date_gmt":"2024-04-22T10:51:27","guid":{"rendered":"https:\/\/epoxdemo.com.tr\/beytepeenerji\/?page_id=309"},"modified":"2025-09-22T15:30:45","modified_gmt":"2025-09-22T12:30:45","slug":"tamamlanan-projeler","status":"publish","type":"page","link":"https:\/\/beytepeenerji.com\/en\/tamamlanan-projeler\/","title":{"rendered":"Completed Projects"},"content":{"rendered":"<div data-elementor-type=\"wp-page\" data-elementor-id=\"309\" class=\"elementor elementor-309\">\n\t\t\t\t<div class=\"elementor-element elementor-element-9d03285 e-flex e-con-boxed e-con e-parent\" data-id=\"9d03285\" data-element_type=\"container\">\n\t\t\t\t\t<div class=\"e-con-inner\">\n\t\t<div class=\"elementor-element elementor-element-33a886a e-con-full e-flex e-con e-child\" data-id=\"33a886a\" data-element_type=\"container\">\n\t\t\t\t<div class=\"elementor-element elementor-element-2406a2d elementor-position-top elementor-widget elementor-widget-image-box\" data-id=\"2406a2d\" data-element_type=\"widget\" data-widget_type=\"image-box.default\">\n\t\t\t\t<div class=\"elementor-widget-container\">\n\t\t\t<style>\/*! elementor - v3.21.0 - 18-04-2024 *\/\n.elementor-widget-image-box .elementor-image-box-content{width:100%}@media (min-width:768px){.elementor-widget-image-box.elementor-position-left .elementor-image-box-wrapper,.elementor-widget-image-box.elementor-position-right .elementor-image-box-wrapper{display:flex}.elementor-widget-image-box.elementor-position-right .elementor-image-box-wrapper{text-align:end;flex-direction:row-reverse}.elementor-widget-image-box.elementor-position-left .elementor-image-box-wrapper{text-align:start;flex-direction:row}.elementor-widget-image-box.elementor-position-top .elementor-image-box-img{margin:auto}.elementor-widget-image-box.elementor-vertical-align-top .elementor-image-box-wrapper{align-items:flex-start}.elementor-widget-image-box.elementor-vertical-align-middle .elementor-image-box-wrapper{align-items:center}.elementor-widget-image-box.elementor-vertical-align-bottom .elementor-image-box-wrapper{align-items:flex-end}}@media (max-width:767px){.elementor-widget-image-box .elementor-image-box-img{margin-left:auto!important;margin-right:auto!important;margin-bottom:15px}}.elementor-widget-image-box .elementor-image-box-img{display:inline-block}.elementor-widget-image-box .elementor-image-box-title a{color:inherit}.elementor-widget-image-box .elementor-image-box-wrapper{text-align:center}.elementor-widget-image-box .elementor-image-box-description{margin:0}<\/style><div class=\"elementor-image-box-wrapper\"><figure class=\"elementor-image-box-img\"><a href=\"https:\/\/beytepeenerji.com\/en\/dora-makina\/\" tabindex=\"-1\"><img fetchpriority=\"high\" decoding=\"async\" width=\"1600\" height=\"900\" src=\"https:\/\/beytepeenerji.com\/wp-content\/uploads\/2025\/09\/Dora-Makina-3.jpg\" class=\"attachment-full size-full wp-image-963\" alt=\"\" data-id=\"963\" srcset=\"https:\/\/beytepeenerji.com\/wp-content\/uploads\/2025\/09\/Dora-Makina-3.jpg 1600w, https:\/\/beytepeenerji.com\/wp-content\/uploads\/2025\/09\/Dora-Makina-3-300x169.jpg 300w, https:\/\/beytepeenerji.com\/wp-content\/uploads\/2025\/09\/Dora-Makina-3-1024x576.jpg 1024w, https:\/\/beytepeenerji.com\/wp-content\/uploads\/2025\/09\/Dora-Makina-3-768x432.jpg 768w, https:\/\/beytepeenerji.com\/wp-content\/uploads\/2025\/09\/Dora-Makina-3-1536x864.jpg 1536w, https:\/\/beytepeenerji.com\/wp-content\/uploads\/2025\/09\/Dora-Makina-3-18x10.jpg 18w, https:\/\/beytepeenerji.com\/wp-content\/uploads\/2025\/09\/Dora-Makina-3-520x293.jpg 520w, https:\/\/beytepeenerji.com\/wp-content\/uploads\/2025\/09\/Dora-Makina-3-650x366.jpg 650w\" sizes=\"(max-width: 1600px) 100vw, 1600px\" \/><\/a><\/figure><div class=\"elementor-image-box-content\"><h3 class=\"elementor-image-box-title\"><a href=\"https:\/\/beytepeenerji.com\/en\/dora-makina\/\">Dora Makina projesi<\/a><\/h3><p class=\"elementor-image-box-description\">Read More<\/p><\/div><\/div>\t\t<\/div>\n\t\t\t\t<\/div>\n\t\t\t\t<\/div>\n\t\t<div class=\"elementor-element elementor-element-4a319aa e-con-full e-flex e-con e-child\" data-id=\"4a319aa\" data-element_type=\"container\">\n\t\t\t\t<div class=\"elementor-element elementor-element-1da2f1f elementor-position-top elementor-widget elementor-widget-image-box\" data-id=\"1da2f1f\" data-element_type=\"widget\" data-widget_type=\"image-box.default\">\n\t\t\t\t<div class=\"elementor-widget-container\">\n\t\t\t<div class=\"elementor-image-box-wrapper\"><figure class=\"elementor-image-box-img\"><a href=\"https:\/\/beytepeenerji.com\/en\/gunil-ges\/\" tabindex=\"-1\"><img decoding=\"async\" width=\"500\" height=\"290\" src=\"https:\/\/beytepeenerji.com\/wp-content\/uploads\/2024\/11\/gunil-ges.jpg\" class=\"attachment-full size-full wp-image-928\" alt=\"\" data-id=\"928\" srcset=\"https:\/\/beytepeenerji.com\/wp-content\/uploads\/2024\/11\/gunil-ges.jpg 500w, https:\/\/beytepeenerji.com\/wp-content\/uploads\/2024\/11\/gunil-ges-300x174.jpg 300w, https:\/\/beytepeenerji.com\/wp-content\/uploads\/2024\/11\/gunil-ges-18x10.jpg 18w\" sizes=\"(max-width: 500px) 100vw, 500px\" \/><\/a><\/figure><div class=\"elementor-image-box-content\"><h3 class=\"elementor-image-box-title\"><a href=\"https:\/\/beytepeenerji.com\/en\/gunil-ges\/\">G\u00fcnil Ges Projesi<\/a><\/h3><p class=\"elementor-image-box-description\">Read More<\/p><\/div><\/div>\t\t<\/div>\n\t\t\t\t<\/div>\n\t\t\t\t<\/div>\n\t\t<div class=\"elementor-element elementor-element-38376bf e-con-full e-flex e-con e-child\" data-id=\"38376bf\" data-element_type=\"container\">\n\t\t\t\t<div class=\"elementor-element elementor-element-8343b85 elementor-position-top elementor-widget elementor-widget-image-box\" data-id=\"8343b85\" data-element_type=\"widget\" data-widget_type=\"image-box.default\">\n\t\t\t\t<div class=\"elementor-widget-container\">\n\t\t\t<div class=\"elementor-image-box-wrapper\"><figure class=\"elementor-image-box-img\"><a href=\"https:\/\/beytepeenerji.com\/en\/alcap-2-ges-projesi\/\" tabindex=\"-1\"><img decoding=\"async\" width=\"500\" height=\"290\" src=\"https:\/\/beytepeenerji.com\/wp-content\/uploads\/2024\/04\/alcap-kapka.png\" class=\"attachment-full size-full wp-image-416\" alt=\"\" data-id=\"416\" srcset=\"https:\/\/beytepeenerji.com\/wp-content\/uploads\/2024\/04\/alcap-kapka.png 500w, https:\/\/beytepeenerji.com\/wp-content\/uploads\/2024\/04\/alcap-kapka-300x174.png 300w\" sizes=\"(max-width: 500px) 100vw, 500px\" \/><\/a><\/figure><div class=\"elementor-image-box-content\"><h3 class=\"elementor-image-box-title\"><a href=\"https:\/\/beytepeenerji.com\/en\/alcap-2-ges-projesi\/\">Alcap 2 Ges Projesi<\/a><\/h3><p class=\"elementor-image-box-description\">Read More<\/p><\/div><\/div>\t\t<\/div>\n\t\t\t\t<\/div>\n\t\t\t\t<\/div>\n\t\t\t\t\t<\/div>\n\t\t\t\t<\/div>\n\t\t<div class=\"elementor-element elementor-element-b72a332 e-flex e-con-boxed e-con e-parent\" data-id=\"b72a332\" data-element_type=\"container\">\n\t\t\t\t\t<div class=\"e-con-inner\">\n\t\t<div class=\"elementor-element elementor-element-54379f5 e-con-full e-flex e-con e-child\" data-id=\"54379f5\" data-element_type=\"container\">\n\t\t\t\t<div class=\"elementor-element elementor-element-32e181f elementor-position-top elementor-widget elementor-widget-image-box\" data-id=\"32e181f\" data-element_type=\"widget\" data-widget_type=\"image-box.default\">\n\t\t\t\t<div class=\"elementor-widget-container\">\n\t\t\t<div class=\"elementor-image-box-wrapper\"><figure class=\"elementor-image-box-img\"><a href=\"https:\/\/beytepeenerji.com\/en\/okursoy-1-ges\/\" tabindex=\"-1\"><img loading=\"lazy\" decoding=\"async\" width=\"500\" height=\"290\" src=\"https:\/\/beytepeenerji.com\/wp-content\/uploads\/2024\/04\/okursoy-1.jpeg\" class=\"attachment-full size-full wp-image-421\" alt=\"\" data-id=\"421\" srcset=\"https:\/\/beytepeenerji.com\/wp-content\/uploads\/2024\/04\/okursoy-1.jpeg 500w, https:\/\/beytepeenerji.com\/wp-content\/uploads\/2024\/04\/okursoy-1-300x174.jpeg 300w\" sizes=\"(max-width: 500px) 100vw, 500px\" \/><\/a><\/figure><div class=\"elementor-image-box-content\"><h3 class=\"elementor-image-box-title\"><a href=\"https:\/\/beytepeenerji.com\/en\/okursoy-1-ges\/\">Okursoy 1 Ges<\/a><\/h3><p class=\"elementor-image-box-description\">Read More<\/p><\/div><\/div>\t\t<\/div>\n\t\t\t\t<\/div>\n\t\t\t\t<\/div>\n\t\t<div class=\"elementor-element elementor-element-4e62a24 e-con-full e-flex e-con e-child\" data-id=\"4e62a24\" data-element_type=\"container\">\n\t\t\t\t<div class=\"elementor-element elementor-element-63b2129 elementor-position-top elementor-widget elementor-widget-image-box\" data-id=\"63b2129\" data-element_type=\"widget\" data-widget_type=\"image-box.default\">\n\t\t\t\t<div class=\"elementor-widget-container\">\n\t\t\t<div class=\"elementor-image-box-wrapper\"><figure class=\"elementor-image-box-img\"><a href=\"https:\/\/beytepeenerji.com\/en\/okursoy-2-ges\/\" tabindex=\"-1\"><img loading=\"lazy\" decoding=\"async\" width=\"500\" height=\"290\" src=\"https:\/\/beytepeenerji.com\/wp-content\/uploads\/2024\/04\/okursoy-2.png\" class=\"attachment-full size-full wp-image-422\" alt=\"\" data-id=\"422\" srcset=\"https:\/\/beytepeenerji.com\/wp-content\/uploads\/2024\/04\/okursoy-2.png 500w, https:\/\/beytepeenerji.com\/wp-content\/uploads\/2024\/04\/okursoy-2-300x174.png 300w\" sizes=\"(max-width: 500px) 100vw, 500px\" \/><\/a><\/figure><div class=\"elementor-image-box-content\"><h3 class=\"elementor-image-box-title\"><a href=\"https:\/\/beytepeenerji.com\/en\/okursoy-2-ges\/\">Okursoy 2 Ges<\/a><\/h3><p class=\"elementor-image-box-description\">Read More<\/p><\/div><\/div>\t\t<\/div>\n\t\t\t\t<\/div>\n\t\t\t\t<\/div>\n\t\t<div class=\"elementor-element elementor-element-21c7557 e-con-full e-flex e-con e-child\" data-id=\"21c7557\" data-element_type=\"container\">\n\t\t\t\t<div class=\"elementor-element elementor-element-687103e elementor-position-top elementor-widget elementor-widget-image-box\" data-id=\"687103e\" data-element_type=\"widget\" data-widget_type=\"image-box.default\">\n\t\t\t\t<div class=\"elementor-widget-container\">\n\t\t\t<div class=\"elementor-image-box-wrapper\"><figure class=\"elementor-image-box-img\"><a href=\"https:\/\/beytepeenerji.com\/en\/topuz-ges\/\" tabindex=\"-1\"><img loading=\"lazy\" decoding=\"async\" width=\"500\" height=\"290\" src=\"https:\/\/beytepeenerji.com\/wp-content\/uploads\/2024\/04\/topuz-min.jpg\" class=\"attachment-full size-full wp-image-425\" alt=\"\" data-id=\"425\" srcset=\"https:\/\/beytepeenerji.com\/wp-content\/uploads\/2024\/04\/topuz-min.jpg 500w, https:\/\/beytepeenerji.com\/wp-content\/uploads\/2024\/04\/topuz-min-300x174.jpg 300w\" sizes=\"(max-width: 500px) 100vw, 500px\" \/><\/a><\/figure><div class=\"elementor-image-box-content\"><h3 class=\"elementor-image-box-title\"><a href=\"https:\/\/beytepeenerji.com\/en\/topuz-ges\/\">Topuz Ges<\/a><\/h3><p class=\"elementor-image-box-description\">Read More<\/p><\/div><\/div>\t\t<\/div>\n\t\t\t\t<\/div>\n\t\t\t\t<\/div>\n\t\t\t\t\t<\/div>\n\t\t\t\t<\/div>\n\t\t<div class=\"elementor-element elementor-element-c95700e e-flex e-con-boxed e-con e-parent\" data-id=\"c95700e\" data-element_type=\"container\">\n\t\t\t\t\t<div class=\"e-con-inner\">\n\t\t<div class=\"elementor-element elementor-element-b53ae07 e-con-full e-flex e-con e-child\" data-id=\"b53ae07\" data-element_type=\"container\">\n\t\t\t\t<div class=\"elementor-element elementor-element-95b16af elementor-position-top elementor-widget elementor-widget-image-box\" data-id=\"95b16af\" data-element_type=\"widget\" data-widget_type=\"image-box.default\">\n\t\t\t\t<div class=\"elementor-widget-container\">\n\t\t\t<div class=\"elementor-image-box-wrapper\"><figure class=\"elementor-image-box-img\"><a href=\"https:\/\/beytepeenerji.com\/en\/elf-ges\/\" tabindex=\"-1\"><img loading=\"lazy\" decoding=\"async\" width=\"500\" height=\"290\" src=\"https:\/\/beytepeenerji.com\/wp-content\/uploads\/2024\/04\/elf-1.png\" class=\"attachment-full size-full wp-image-426\" alt=\"\" data-id=\"426\" srcset=\"https:\/\/beytepeenerji.com\/wp-content\/uploads\/2024\/04\/elf-1.png 500w, https:\/\/beytepeenerji.com\/wp-content\/uploads\/2024\/04\/elf-1-300x174.png 300w\" sizes=\"(max-width: 500px) 100vw, 500px\" \/><\/a><\/figure><div class=\"elementor-image-box-content\"><h3 class=\"elementor-image-box-title\"><a href=\"https:\/\/beytepeenerji.com\/en\/elf-ges\/\">Elf Ges<\/a><\/h3><p class=\"elementor-image-box-description\">Read More<\/p><\/div><\/div>\t\t<\/div>\n\t\t\t\t<\/div>\n\t\t\t\t<\/div>\n\t\t<div class=\"elementor-element elementor-element-ae8e22d e-con-full e-flex e-con e-child\" data-id=\"ae8e22d\" data-element_type=\"container\">\n\t\t\t\t<div class=\"elementor-element elementor-element-0c90fe6 elementor-position-top elementor-widget elementor-widget-image-box\" data-id=\"0c90fe6\" data-element_type=\"widget\" data-widget_type=\"image-box.default\">\n\t\t\t\t<div class=\"elementor-widget-container\">\n\t\t\t<div class=\"elementor-image-box-wrapper\"><figure class=\"elementor-image-box-img\"><a href=\"https:\/\/beytepeenerji.com\/en\/sevinc-makina-ges-1\/\" tabindex=\"-1\"><img loading=\"lazy\" decoding=\"async\" width=\"500\" height=\"290\" src=\"https:\/\/beytepeenerji.com\/wp-content\/uploads\/2024\/04\/sevinc-makina-1.jpeg\" class=\"attachment-full size-full wp-image-427\" alt=\"\" data-id=\"427\" srcset=\"https:\/\/beytepeenerji.com\/wp-content\/uploads\/2024\/04\/sevinc-makina-1.jpeg 500w, https:\/\/beytepeenerji.com\/wp-content\/uploads\/2024\/04\/sevinc-makina-1-300x174.jpeg 300w\" sizes=\"(max-width: 500px) 100vw, 500px\" \/><\/a><\/figure><div class=\"elementor-image-box-content\"><h3 class=\"elementor-image-box-title\"><a href=\"https:\/\/beytepeenerji.com\/en\/sevinc-makina-ges-1\/\">Sevin\u00e7 Makina GES-1<\/a><\/h3><p class=\"elementor-image-box-description\">Read More<\/p><\/div><\/div>\t\t<\/div>\n\t\t\t\t<\/div>\n\t\t\t\t<\/div>\n\t\t<div class=\"elementor-element elementor-element-1bec017 e-con-full e-flex e-con e-child\" data-id=\"1bec017\" data-element_type=\"container\">\n\t\t\t\t<div class=\"elementor-element elementor-element-1dba9d9 elementor-position-top elementor-widget elementor-widget-image-box\" data-id=\"1dba9d9\" data-element_type=\"widget\" data-widget_type=\"image-box.default\">\n\t\t\t\t<div class=\"elementor-widget-container\">\n\t\t\t<div class=\"elementor-image-box-wrapper\"><figure class=\"elementor-image-box-img\"><a href=\"https:\/\/beytepeenerji.com\/en\/birikim-muhendislik\/\" tabindex=\"-1\"><img loading=\"lazy\" decoding=\"async\" width=\"500\" height=\"290\" src=\"https:\/\/beytepeenerji.com\/wp-content\/uploads\/2024\/04\/birikim-1.png\" class=\"attachment-full size-full wp-image-423\" alt=\"\" data-id=\"423\" srcset=\"https:\/\/beytepeenerji.com\/wp-content\/uploads\/2024\/04\/birikim-1.png 500w, https:\/\/beytepeenerji.com\/wp-content\/uploads\/2024\/04\/birikim-1-300x174.png 300w\" sizes=\"(max-width: 500px) 100vw, 500px\" \/><\/a><\/figure><div class=\"elementor-image-box-content\"><h3 class=\"elementor-image-box-title\"><a href=\"https:\/\/beytepeenerji.com\/en\/birikim-muhendislik\/\">Birikim M\u00fchendislik<\/a><\/h3><p class=\"elementor-image-box-description\">Read More<\/p><\/div><\/div>\t\t<\/div>\n\t\t\t\t<\/div>\n\t\t\t\t<\/div>\n\t\t\t\t\t<\/div>\n\t\t\t\t<\/div>\n\t\t<div class=\"elementor-element elementor-element-117ec07 e-flex e-con-boxed e-con e-parent\" data-id=\"117ec07\" data-element_type=\"container\">\n\t\t\t\t\t<div class=\"e-con-inner\">\n\t\t<div class=\"elementor-element elementor-element-da923cd e-con-full e-flex e-con e-child\" data-id=\"da923cd\" data-element_type=\"container\">\n\t\t\t\t<div class=\"elementor-element elementor-element-196eb3f elementor-position-top elementor-widget elementor-widget-image-box\" data-id=\"196eb3f\" data-element_type=\"widget\" data-widget_type=\"image-box.default\">\n\t\t\t\t<div class=\"elementor-widget-container\">\n\t\t\t<div class=\"elementor-image-box-wrapper\"><figure class=\"elementor-image-box-img\"><a href=\"https:\/\/beytepeenerji.com\/en\/sevinc-makina-ges-2\/\" tabindex=\"-1\"><img loading=\"lazy\" decoding=\"async\" width=\"500\" height=\"290\" src=\"https:\/\/beytepeenerji.com\/wp-content\/uploads\/2024\/04\/w500h290_DJI_0694.jpeg\" class=\"attachment-full size-full wp-image-428\" alt=\"\" data-id=\"428\" srcset=\"https:\/\/beytepeenerji.com\/wp-content\/uploads\/2024\/04\/w500h290_DJI_0694.jpeg 500w, https:\/\/beytepeenerji.com\/wp-content\/uploads\/2024\/04\/w500h290_DJI_0694-300x174.jpeg 300w\" sizes=\"(max-width: 500px) 100vw, 500px\" \/><\/a><\/figure><div class=\"elementor-image-box-content\"><h3 class=\"elementor-image-box-title\"><a href=\"https:\/\/beytepeenerji.com\/en\/sevinc-makina-ges-2\/\">Sevin\u00e7 Makina GES-2<\/a><\/h3><p class=\"elementor-image-box-description\">Read More<\/p><\/div><\/div>\t\t<\/div>\n\t\t\t\t<\/div>\n\t\t\t\t<\/div>\n\t\t<div class=\"elementor-element elementor-element-21e7725 e-con-full e-flex e-con e-child\" data-id=\"21e7725\" data-element_type=\"container\">\n\t\t\t\t<div class=\"elementor-element elementor-element-9d28079 elementor-position-top elementor-widget elementor-widget-image-box\" data-id=\"9d28079\" data-element_type=\"widget\" data-widget_type=\"image-box.default\">\n\t\t\t\t<div class=\"elementor-widget-container\">\n\t\t\t<div class=\"elementor-image-box-wrapper\"><figure class=\"elementor-image-box-img\"><a href=\"https:\/\/beytepeenerji.com\/en\/guven-makina-ges\/\" tabindex=\"-1\"><img loading=\"lazy\" decoding=\"async\" width=\"500\" height=\"290\" src=\"https:\/\/beytepeenerji.com\/wp-content\/uploads\/2024\/04\/w500h290_DJI_0773.jpeg\" class=\"attachment-full size-full wp-image-429\" alt=\"\" data-id=\"429\" srcset=\"https:\/\/beytepeenerji.com\/wp-content\/uploads\/2024\/04\/w500h290_DJI_0773.jpeg 500w, https:\/\/beytepeenerji.com\/wp-content\/uploads\/2024\/04\/w500h290_DJI_0773-300x174.jpeg 300w\" sizes=\"(max-width: 500px) 100vw, 500px\" \/><\/a><\/figure><div class=\"elementor-image-box-content\"><h3 class=\"elementor-image-box-title\"><a href=\"https:\/\/beytepeenerji.com\/en\/guven-makina-ges\/\">G\u00fcven Makina GES<\/a><\/h3><p class=\"elementor-image-box-description\">Read More<\/p><\/div><\/div>\t\t<\/div>\n\t\t\t\t<\/div>\n\t\t\t\t<\/div>\n\t\t<div class=\"elementor-element elementor-element-71b0789 e-con-full e-flex e-con e-child\" data-id=\"71b0789\" data-element_type=\"container\">\n\t\t\t\t<div class=\"elementor-element elementor-element-bb04e10 elementor-position-top elementor-widget elementor-widget-image-box\" data-id=\"bb04e10\" data-element_type=\"widget\" data-widget_type=\"image-box.default\">\n\t\t\t\t<div class=\"elementor-widget-container\">\n\t\t\t<div class=\"elementor-image-box-wrapper\"><figure class=\"elementor-image-box-img\"><a href=\"https:\/\/beytepeenerji.com\/en\/seral-makina\/\" tabindex=\"-1\"><img loading=\"lazy\" decoding=\"async\" width=\"500\" height=\"290\" src=\"https:\/\/beytepeenerji.com\/wp-content\/uploads\/2024\/12\/seral-makina.jpg\" class=\"attachment-full size-full wp-image-946\" alt=\"\" data-id=\"946\" srcset=\"https:\/\/beytepeenerji.com\/wp-content\/uploads\/2024\/12\/seral-makina.jpg 500w, https:\/\/beytepeenerji.com\/wp-content\/uploads\/2024\/12\/seral-makina-300x174.jpg 300w, https:\/\/beytepeenerji.com\/wp-content\/uploads\/2024\/12\/seral-makina-18x10.jpg 18w\" sizes=\"(max-width: 500px) 100vw, 500px\" \/><\/a><\/figure><div class=\"elementor-image-box-content\"><h3 class=\"elementor-image-box-title\"><a href=\"https:\/\/beytepeenerji.com\/en\/seral-makina\/\">SERAL Makina GES<\/a><\/h3><p class=\"elementor-image-box-description\">Read More<\/p><\/div><\/div>\t\t<\/div>\n\t\t\t\t<\/div>\n\t\t\t\t<\/div>\n\t\t\t\t\t<\/div>\n\t\t\t\t<\/div>\n\t\t<div class=\"elementor-element elementor-element-640bf84 e-flex e-con-boxed e-con e-parent\" data-id=\"640bf84\" data-element_type=\"container\">\n\t\t\t\t\t<div class=\"e-con-inner\">\n\t\t<div class=\"elementor-element elementor-element-fabc18f e-con-full e-flex e-con e-child\" data-id=\"fabc18f\" data-element_type=\"container\">\n\t\t\t\t<div class=\"elementor-element elementor-element-b65480f elementor-position-top elementor-widget elementor-widget-image-box\" data-id=\"b65480f\" data-element_type=\"widget\" data-widget_type=\"image-box.default\">\n\t\t\t\t<div class=\"elementor-widget-container\">\n\t\t\t<div class=\"elementor-image-box-wrapper\"><figure class=\"elementor-image-box-img\"><a href=\"https:\/\/beytepeenerji.com\/en\/cinar-biyomedikal\/\" tabindex=\"-1\"><img loading=\"lazy\" decoding=\"async\" width=\"500\" height=\"290\" src=\"https:\/\/beytepeenerji.com\/wp-content\/uploads\/2024\/04\/cinar.jpg\" class=\"attachment-full size-full wp-image-424\" alt=\"\" data-id=\"424\" srcset=\"https:\/\/beytepeenerji.com\/wp-content\/uploads\/2024\/04\/cinar.jpg 500w, https:\/\/beytepeenerji.com\/wp-content\/uploads\/2024\/04\/cinar-300x174.jpg 300w\" sizes=\"(max-width: 500px) 100vw, 500px\" \/><\/a><\/figure><div class=\"elementor-image-box-content\"><h3 class=\"elementor-image-box-title\"><a href=\"https:\/\/beytepeenerji.com\/en\/cinar-biyomedikal\/\">\u00c7\u0131nar Biyomedikal<\/a><\/h3><p class=\"elementor-image-box-description\">Read More<\/p><\/div><\/div>\t\t<\/div>\n\t\t\t\t<\/div>\n\t\t\t\t<\/div>\n\t\t<div class=\"elementor-element elementor-element-a79c646 e-con-full e-flex e-con e-child\" data-id=\"a79c646\" data-element_type=\"container\">\n\t\t\t\t<\/div>\n\t\t<div class=\"elementor-element elementor-element-678d1ee e-con-full e-flex e-con e-child\" data-id=\"678d1ee\" data-element_type=\"container\">\n\t\t\t\t<\/div>\n\t\t\t\t\t<\/div>\n\t\t\t\t<\/div>\n\t\t<div class=\"elementor-element elementor-element-1d0b029 e-flex e-con-boxed e-con e-parent\" data-id=\"1d0b029\" data-element_type=\"container\">\n\t\t\t\t\t<div class=\"e-con-inner\">\n\t\t<div class=\"elementor-element elementor-element-cab3f88 e-con-full e-flex e-con e-child\" data-id=\"cab3f88\" data-element_type=\"container\">\n\t\t\t\t<\/div>\n\t\t\t\t\t<\/div>\n\t\t\t\t<\/div>\n\t\t\t\t<\/div>","protected":false},"excerpt":{"rendered":"<p>Dora Makina projesi Detaylar\u0131 incele G\u00fcnil Ges Projesi Detaylar\u0131 incele Alcap 2 Ges Projesi Detaylar\u0131 incele Okursoy 1 Ges Detaylar\u0131 incele Okursoy 2 Ges Detaylar\u0131 incele Topuz Ges Detaylar\u0131 incele Elf Ges Detaylar\u0131 incele Sevin\u00e7 Makina GES-1 Detaylar\u0131 incele Birikim M\u00fchendislik Detaylar\u0131 incele Sevin\u00e7 Makina GES-2 Detaylar\u0131 incele G\u00fcven Makina GES Detaylar\u0131 incele SERAL Makina &hellip; <a href=\"https:\/\/beytepeenerji.com\/en\/tamamlanan-projeler\/\" class=\"more-link\">Continue reading <span class=\"screen-reader-text\">Completed Projects<\/span><\/a><\/p>","protected":false},"author":1,"featured_media":0,"parent":0,"menu_order":0,"comment_status":"closed","ping_status":"closed","template":"elementor_header_footer","meta":{"footnotes":""},"_links":{"self":[{"href":"https:\/\/beytepeenerji.com\/en\/wp-json\/wp\/v2\/pages\/309"}],"collection":[{"href":"https:\/\/beytepeenerji.com\/en\/wp-json\/wp\/v2\/pages"}],"about":[{"href":"https:\/\/beytepeenerji.com\/en\/wp-json\/wp\/v2\/types\/page"}],"author":[{"embeddable":true,"href":"https:\/\/beytepeenerji.com\/en\/wp-json\/wp\/v2\/users\/1"}],"replies":[{"embeddable":true,"href":"https:\/\/beytepeenerji.com\/en\/wp-json\/wp\/v2\/comments?post=309"}],"version-history":[{"count":88,"href":"https:\/\/beytepeenerji.com\/en\/wp-json\/wp\/v2\/pages\/309\/revisions"}],"predecessor-version":[{"id":977,"href":"https:\/\/beytepeenerji.com\/en\/wp-json\/wp\/v2\/pages\/309\/revisions\/977"}],"wp:attachment":[{"href":"https:\/\/beytepeenerji.com\/en\/wp-json\/wp\/v2\/media?parent=309"}],"curies":[{"name":"wp","href":"https:\/\/api.w.org\/{rel}","templated":true}]}}