{"id":272,"date":"2024-04-22T13:09:19","date_gmt":"2024-04-22T10:09:19","guid":{"rendered":"https:\/\/epoxdemo.com.tr\/beytepeenerji\/?page_id=272"},"modified":"2024-04-22T15:01:47","modified_gmt":"2024-04-22T12:01:47","slug":"isletme-bakim-om-hizmeti","status":"publish","type":"page","link":"https:\/\/beytepeenerji.com\/en\/isletme-bakim-om-hizmeti\/","title":{"rendered":"Operating &amp; Maintenance Service"},"content":{"rendered":"<div data-elementor-type=\"wp-page\" data-elementor-id=\"272\" class=\"elementor elementor-272\">\n\t\t\t\t<div class=\"elementor-element elementor-element-cec1ce7 e-flex e-con-boxed e-con e-parent\" data-id=\"cec1ce7\" data-element_type=\"container\">\n\t\t\t\t\t<div class=\"e-con-inner\">\n\t\t<div class=\"elementor-element elementor-element-55dc6a4 e-con-full e-flex e-con e-child\" data-id=\"55dc6a4\" data-element_type=\"container\" data-settings=\"{&quot;background_background&quot;:&quot;classic&quot;}\">\n\t\t\t\t<div class=\"elementor-element elementor-element-3d5c6df tm-align-left elementor-widget elementor-widget-tm_heading\" data-id=\"3d5c6df\" data-element_type=\"widget\" data-widget_type=\"tm_heading.default\">\n\t\t\t\t<div class=\"elementor-widget-container\">\n\t\t\t<div class=\"tm-element-heading-content-wrapper left-align tm-reverse-heading-yes tm-seperator-solid  tm-heading-style-vertical\"><div class=\"tm-content-header\"><h2 class=\"tm-element-content-heading\">\n\t\t\t\tOperating &amp; Maintenance Service\n\t\t\t<\/h2>\n\t\t<\/div><\/div>\t\t<\/div>\n\t\t\t\t<\/div>\n\t\t\t\t<div class=\"elementor-element elementor-element-1eb9a8f elementor-widget elementor-widget-text-editor\" data-id=\"1eb9a8f\" data-element_type=\"widget\" data-widget_type=\"text-editor.default\">\n\t\t\t\t<div class=\"elementor-widget-container\">\n\t\t\t<style>\/*! elementor - v3.21.0 - 18-04-2024 *\/\n.elementor-widget-text-editor.elementor-drop-cap-view-stacked .elementor-drop-cap{background-color:#69727d;color:#fff}.elementor-widget-text-editor.elementor-drop-cap-view-framed .elementor-drop-cap{color:#69727d;border:3px solid;background-color:transparent}.elementor-widget-text-editor:not(.elementor-drop-cap-view-default) .elementor-drop-cap{margin-top:8px}.elementor-widget-text-editor:not(.elementor-drop-cap-view-default) .elementor-drop-cap-letter{width:1em;height:1em}.elementor-widget-text-editor .elementor-drop-cap{float:left;text-align:center;line-height:1;font-size:50px}.elementor-widget-text-editor .elementor-drop-cap-letter{display:inline-block}<\/style>\t\t\t\t<ul><li>Beytepe Enerji is also available to you during the operating period of the solar power generation plants.<\/li><li>Regular maintenance of your systems and roofs is carried out by our teams of experts from the time of installation.<\/li><li>Any malfunction that occurs in your systems can be rectified on site by our technical team, which you can reach as quickly as possible.<\/li><li>All necessary solutions are covered by the Beytepe Enerji warranty to ensure that your systems and roofs continue to provide a durable and highly efficient service.<\/li><\/ul>\t\t\t\t\t\t<\/div>\n\t\t\t\t<\/div>\n\t\t\t\t<\/div>\n\t\t<div class=\"elementor-element elementor-element-7b6f05c e-con-full e-flex e-con e-child\" data-id=\"7b6f05c\" data-element_type=\"container\" data-settings=\"{&quot;background_background&quot;:&quot;classic&quot;}\">\n\t\t\t\t<div class=\"elementor-element elementor-element-c4f03bf elementor-widget elementor-widget-image\" data-id=\"c4f03bf\" data-element_type=\"widget\" data-widget_type=\"image.default\">\n\t\t\t\t<div class=\"elementor-widget-container\">\n\t\t\t<style>\/*! elementor - v3.21.0 - 18-04-2024 *\/\n.elementor-widget-image{text-align:center}.elementor-widget-image a{display:inline-block}.elementor-widget-image a img[src$=\".svg\"]{width:48px}.elementor-widget-image img{vertical-align:middle;display:inline-block}<\/style>\t\t\t\t\t\t\t\t\t\t<img fetchpriority=\"high\" decoding=\"async\" width=\"847\" height=\"564\" src=\"https:\/\/beytepeenerji.com\/wp-content\/uploads\/2024\/04\/15593-1024x682.jpg\" class=\"attachment-large size-large wp-image-276\" alt=\"\" srcset=\"https:\/\/beytepeenerji.com\/wp-content\/uploads\/2024\/04\/15593-1024x682.jpg 1024w, https:\/\/beytepeenerji.com\/wp-content\/uploads\/2024\/04\/15593-300x200.jpg 300w, https:\/\/beytepeenerji.com\/wp-content\/uploads\/2024\/04\/15593-768x512.jpg 768w, https:\/\/beytepeenerji.com\/wp-content\/uploads\/2024\/04\/15593-1536x1024.jpg 1536w, https:\/\/beytepeenerji.com\/wp-content\/uploads\/2024\/04\/15593-450x300.jpg 450w, https:\/\/beytepeenerji.com\/wp-content\/uploads\/2024\/04\/15593-650x433.jpg 650w, https:\/\/beytepeenerji.com\/wp-content\/uploads\/2024\/04\/15593.jpg 2000w\" sizes=\"(max-width: 847px) 100vw, 847px\" data-id=\"276\" \/>\t\t\t\t\t\t\t\t\t\t\t\t\t<\/div>\n\t\t\t\t<\/div>\n\t\t\t\t<\/div>\n\t\t\t\t\t<\/div>\n\t\t\t\t<\/div>\n\t\t\t\t<\/div>","protected":false},"excerpt":{"rendered":"<p>\u0130\u015fletme Bak\u0131m O&amp;M Hizmeti Beytepe Enerji, g\u00fcne\u015f enerjisi elektrik \u00fcretim tesislerinizin i\u015fletme d\u00f6neminde de size hizmet vermeye devam etmektedir. Kurulumundan itibaren tesislerinizin ve \u00e7at\u0131lar\u0131n\u0131z\u0131n periyodik bak\u0131mlar\u0131 uzman ekiplerimizce yap\u0131lmaktad\u0131r. Tesislerinizde olu\u015fabilecek her t\u00fcrl\u00fc ar\u0131za en k\u0131sa s\u00fcrede ula\u015fabilece\u011finiz teknik ekibimizce yerinde m\u00fcdahale ile giderilebilmektedir. Tesislerinizin ve \u00e7at\u0131lar\u0131n\u0131z\u0131n uzun \u00f6m\u00fcrl\u00fc ve y\u00fcksek verimli olarak hizmet vermeye &hellip; <a href=\"https:\/\/beytepeenerji.com\/en\/isletme-bakim-om-hizmeti\/\" class=\"more-link\">Continue reading <span class=\"screen-reader-text\">Operating &amp; Maintenance Service<\/span><\/a><\/p>","protected":false},"author":1,"featured_media":0,"parent":0,"menu_order":0,"comment_status":"closed","ping_status":"closed","template":"elementor_header_footer","meta":{"footnotes":""},"_links":{"self":[{"href":"https:\/\/beytepeenerji.com\/en\/wp-json\/wp\/v2\/pages\/272"}],"collection":[{"href":"https:\/\/beytepeenerji.com\/en\/wp-json\/wp\/v2\/pages"}],"about":[{"href":"https:\/\/beytepeenerji.com\/en\/wp-json\/wp\/v2\/types\/page"}],"author":[{"embeddable":true,"href":"https:\/\/beytepeenerji.com\/en\/wp-json\/wp\/v2\/users\/1"}],"replies":[{"embeddable":true,"href":"https:\/\/beytepeenerji.com\/en\/wp-json\/wp\/v2\/comments?post=272"}],"version-history":[{"count":7,"href":"https:\/\/beytepeenerji.com\/en\/wp-json\/wp\/v2\/pages\/272\/revisions"}],"predecessor-version":[{"id":368,"href":"https:\/\/beytepeenerji.com\/en\/wp-json\/wp\/v2\/pages\/272\/revisions\/368"}],"wp:attachment":[{"href":"https:\/\/beytepeenerji.com\/en\/wp-json\/wp\/v2\/media?parent=272"}],"curies":[{"name":"wp","href":"https:\/\/api.w.org\/{rel}","templated":true}]}}