{"id":252,"date":"2024-04-22T12:56:30","date_gmt":"2024-04-22T09:56:30","guid":{"rendered":"https:\/\/epoxdemo.com.tr\/beytepeenerji\/?page_id=252"},"modified":"2024-04-30T12:27:34","modified_gmt":"2024-04-30T09:27:34","slug":"saha-montaji","status":"publish","type":"page","link":"https:\/\/beytepeenerji.com\/en\/saha-montaji\/","title":{"rendered":"Field Installation"},"content":{"rendered":"<div data-elementor-type=\"wp-page\" data-elementor-id=\"252\" class=\"elementor elementor-252\">\n\t\t\t\t<div class=\"elementor-element elementor-element-ba291bf e-flex e-con-boxed e-con e-parent\" data-id=\"ba291bf\" data-element_type=\"container\">\n\t\t\t\t\t<div class=\"e-con-inner\">\n\t\t<div class=\"elementor-element elementor-element-0ca940e e-con-full e-flex e-con e-child\" data-id=\"0ca940e\" data-element_type=\"container\" data-settings=\"{&quot;background_background&quot;:&quot;classic&quot;}\">\n\t\t\t\t<div class=\"elementor-element elementor-element-56b2ce5 tm-align-center elementor-widget elementor-widget-tm_heading\" data-id=\"56b2ce5\" data-element_type=\"widget\" data-widget_type=\"tm_heading.default\">\n\t\t\t\t<div class=\"elementor-widget-container\">\n\t\t\t<div class=\"tm-element-heading-content-wrapper center-align  tm-seperator-solid  tm-heading-style-vertical\"><div class=\"tm-content-header\"><h2 class=\"tm-element-content-heading\">\n\t\t\t\tField Installation\n\t\t\t<\/h2>\n\t\t<\/div><\/div>\t\t<\/div>\n\t\t\t\t<\/div>\n\t\t\t\t<div class=\"elementor-element elementor-element-bbd339b elementor-widget elementor-widget-text-editor\" data-id=\"bbd339b\" data-element_type=\"widget\" data-widget_type=\"text-editor.default\">\n\t\t\t\t<div class=\"elementor-widget-container\">\n\t\t\t<style>\/*! elementor - v3.21.0 - 18-04-2024 *\/\n.elementor-widget-text-editor.elementor-drop-cap-view-stacked .elementor-drop-cap{background-color:#69727d;color:#fff}.elementor-widget-text-editor.elementor-drop-cap-view-framed .elementor-drop-cap{color:#69727d;border:3px solid;background-color:transparent}.elementor-widget-text-editor:not(.elementor-drop-cap-view-default) .elementor-drop-cap{margin-top:8px}.elementor-widget-text-editor:not(.elementor-drop-cap-view-default) .elementor-drop-cap-letter{width:1em;height:1em}.elementor-widget-text-editor .elementor-drop-cap{float:left;text-align:center;line-height:1;font-size:50px}.elementor-widget-text-editor .elementor-drop-cap-letter{display:inline-block}<\/style>\t\t\t\t<p>We offer our investors a field installation\/assembly service by combining an investment whose technical and design studies and procurement processes have been completed with a superior service policy and the experience of our expert teams in providing the best solution.<\/p><p>Industrial rooftop solar power plants<\/p><ul><li>With a solar power plant that we install on the roof of your workplace, you can use your roof in the most efficient way and reduce your electricity price per unit to the lowest possible level. In this way, you can keep your operating costs under control by fixing part or all of your electricity costs, which are increasing day by day.<\/li><li>Beytepe Enerji transforms your roof into an energy production area by implementing your solar energy project safely, with maximum efficiency and in accordance with the economic objectives with its expert engineering staff.<\/li><\/ul><p>Field\/terrain type solar power plants<\/p><ul><li>With the assurance of Beytepe Enerji, we design licensed and unlicensed solar power plants and rooftop projects in accordance with the legislation, and we perfectly implement our safe, maximum efficient, cost-effective, expert engineering projects and provide field\/terrain type solar power plant application services.<\/li><\/ul><p>Residential rooftop solar systems<\/p><ul><li>You can cover all or part of your electricity needs with the solar system we install on the roof of your home. If you wish, you can start generating electricity from the sun immediately with our turnkey solutions, which can be installed on all roofs.<\/li><\/ul>\t\t\t\t\t\t<\/div>\n\t\t\t\t<\/div>\n\t\t\t\t<\/div>\n\t\t<div class=\"elementor-element elementor-element-0aa8d17 e-con-full e-flex e-con e-child\" data-id=\"0aa8d17\" data-element_type=\"container\" data-settings=\"{&quot;background_background&quot;:&quot;classic&quot;}\">\n\t\t\t\t<div class=\"elementor-element elementor-element-d8d7294 elementor-widget elementor-widget-image\" data-id=\"d8d7294\" data-element_type=\"widget\" data-widget_type=\"image.default\">\n\t\t\t\t<div class=\"elementor-widget-container\">\n\t\t\t<style>\/*! elementor - v3.21.0 - 18-04-2024 *\/\n.elementor-widget-image{text-align:center}.elementor-widget-image a{display:inline-block}.elementor-widget-image a img[src$=\".svg\"]{width:48px}.elementor-widget-image img{vertical-align:middle;display:inline-block}<\/style>\t\t\t\t\t\t\t\t\t\t<img decoding=\"async\" src=\"https:\/\/beytepeenerji.com\/wp-content\/uploads\/elementor\/thumbs\/2149352267-qn2w5xy3y4m0qwa04voq0kkastdsn27wp8qb09k9jk.jpg\" title=\"\" alt=\"\" loading=\"lazy\" \/>\t\t\t\t\t\t\t\t\t\t\t\t\t<\/div>\n\t\t\t\t<\/div>\n\t\t\t\t<\/div>\n\t\t<div class=\"elementor-element elementor-element-31b93a6 e-con-full e-flex e-con e-child\" data-id=\"31b93a6\" data-element_type=\"container\" data-settings=\"{&quot;background_background&quot;:&quot;classic&quot;}\">\n\t\t\t\t<div class=\"elementor-element elementor-element-99cd1cb elementor-widget elementor-widget-text-editor\" data-id=\"99cd1cb\" data-element_type=\"widget\" data-widget_type=\"text-editor.default\">\n\t\t\t\t<div class=\"elementor-widget-container\">\n\t\t\t\t\t\t\t<p>Off-Grid &amp; Irrigation Systems<\/p><ul><li>Beytepe Enerji offers independent solutions tailored to your home, giving you the freedom to generate 100% green energy, store it when you want, and use the stored energy how you want.<\/li><li>Providing the electricity needed for agricultural irrigation through solar energy not only solves the problems that arise in areas without an electricity grid, but also balances your budget by reducing your costs.\u00a0<\/li><\/ul>\t\t\t\t\t\t<\/div>\n\t\t\t\t<\/div>\n\t\t\t\t<\/div>\n\t\t\t\t\t<\/div>\n\t\t\t\t<\/div>\n\t\t\t\t<\/div>","protected":false},"excerpt":{"rendered":"<p>Saha Montaj\u0131 M\u00fchendislik ve projelendirme \u00e7al\u0131\u015fmalar\u0131 ile tedarik s\u00fcre\u00e7leri tamamlanm\u0131\u015f yat\u0131r\u0131m\u0131, \u00fcst\u00fcn hizmet politikas\u0131yla alan\u0131nda uzman ekiplerimizin en iyi \u00e7\u00f6z\u00fcm\u00fc sunan tecr\u00fcbesini birle\u015ftirerek saha kurulum \/ montaj hizmetimizi yat\u0131r\u0131mc\u0131lar\u0131m\u0131za sunmaktay\u0131z. End\u00fcstriyel \u00c7at\u0131 G\u00fcne\u015f Enerjisi Santralleri \u0130\u015fletmenizin \u00e7at\u0131s\u0131na kuraca\u011f\u0131m\u0131z g\u00fcne\u015f enerjisi santrali ile \u00e7at\u0131n\u0131z\u0131 en verimli \u015fekilde kullanarak, birim elektrik fiyat\u0131n\u0131z\u0131 en d\u00fc\u015f\u00fck seviyeye \u00e7ekmeniz m\u00fcmk\u00fcn &hellip; <a href=\"https:\/\/beytepeenerji.com\/en\/saha-montaji\/\" class=\"more-link\">Continue reading <span class=\"screen-reader-text\">Field Installation<\/span><\/a><\/p>","protected":false},"author":1,"featured_media":0,"parent":0,"menu_order":0,"comment_status":"closed","ping_status":"closed","template":"elementor_header_footer","meta":{"footnotes":""},"_links":{"self":[{"href":"https:\/\/beytepeenerji.com\/en\/wp-json\/wp\/v2\/pages\/252"}],"collection":[{"href":"https:\/\/beytepeenerji.com\/en\/wp-json\/wp\/v2\/pages"}],"about":[{"href":"https:\/\/beytepeenerji.com\/en\/wp-json\/wp\/v2\/types\/page"}],"author":[{"embeddable":true,"href":"https:\/\/beytepeenerji.com\/en\/wp-json\/wp\/v2\/users\/1"}],"replies":[{"embeddable":true,"href":"https:\/\/beytepeenerji.com\/en\/wp-json\/wp\/v2\/comments?post=252"}],"version-history":[{"count":25,"href":"https:\/\/beytepeenerji.com\/en\/wp-json\/wp\/v2\/pages\/252\/revisions"}],"predecessor-version":[{"id":800,"href":"https:\/\/beytepeenerji.com\/en\/wp-json\/wp\/v2\/pages\/252\/revisions\/800"}],"wp:attachment":[{"href":"https:\/\/beytepeenerji.com\/en\/wp-json\/wp\/v2\/media?parent=252"}],"curies":[{"name":"wp","href":"https:\/\/api.w.org\/{rel}","templated":true}]}}