{"id":134,"date":"2024-04-22T10:26:37","date_gmt":"2024-04-22T07:26:37","guid":{"rendered":"https:\/\/epoxdemo.com.tr\/beytepeenerji\/?page_id=134"},"modified":"2024-04-22T10:31:53","modified_gmt":"2024-04-22T07:31:53","slug":"haberler-blog","status":"publish","type":"page","link":"https:\/\/beytepeenerji.com\/en\/haberler-blog\/","title":{"rendered":"Haberler &#038; Blog"},"content":{"rendered":"<div data-elementor-type=\"wp-page\" data-elementor-id=\"134\" class=\"elementor elementor-134\">\n\t\t\t\t<div class=\"elementor-element elementor-element-bdc7f13 e-flex e-con-boxed e-con e-parent\" data-id=\"bdc7f13\" data-element_type=\"container\">\n\t\t\t\t\t<div class=\"e-con-inner\">\n\t\t\t\t<div class=\"elementor-element elementor-element-8ff22c3 tm-align-left elementor-widget elementor-widget-tm_blog_element\" data-id=\"8ff22c3\" data-element_type=\"widget\" data-widget_type=\"tm_blog_element.default\">\n\t\t\t\t<div class=\"elementor-widget-container\">\n\t\t\t<div class=\"themetechmount-boxes themetechmount-boxes-blog themetechmount-element-blogbox-style13 themetechmount-boxes-view-default themetechmount-boxes-col-three themetechmount-boxes-gap-30px\" data-tm-show=\"4\" data-tm-loop=\"1\" data-tm-autoplay=\"0\" data-tm-centermode=\"0\" data-tm-nav=\"\" data-tm-dots=\"\" data-tm-slidestoscroll=\"\" data-tm-autoplayspeed=\"4500\" data-tm-margin=\"30px\"><div class=\"themetechmount-boxes-inner\">\n\t\t\t<div class=\"themetechmount-box-heading-wrapper tm-boxwithout-heading\">\n\t\t\t\t<div class=\"tm-element-heading-content-wrapper left-align  tm-seperator-none  tm-heading-style-vertical\"><div class=\"tm-content-header\"><\/div><\/div>\t\t\t\t\t\t\t<\/div>\n\t\t\t\t\t\t<div class=\"themetechmount-boxes-row-wrapper row multi-columns-row\">\n\n\t\t\t<div class=\"tm-box-col-wrapper  haberler col-lg-4 col-sm-6 col-md-4 col-xs-12\"><article class=\"themetechmount-box themetechmount-box-blog themetechmount-blogbox-style13 themetechmount-blogbox-format-\">\n\t<div class=\"post-item\">\n\t\t<div class=\"themetechmount-box-content\">\t\t\n\t\t\t<div class=\"tm-featured-outer-wrapper tm-post-featured-outer-wrapper\">\n\t\t\t\t<div class=\"tm-featured-wrapper tm-post-featured-wrapper tm-post-format-\"><a href=\"https:\/\/beytepeenerji.com\/en\/prosumer-expo-temiz-enerji-kongresi-ve-fuarinda-biz-de-variz\/\"><img fetchpriority=\"high\" decoding=\"async\" width=\"493\" height=\"510\" src=\"https:\/\/beytepeenerji.com\/wp-content\/uploads\/2024\/04\/prosumer-expo-493x510.jpg\" class=\"attachment-themetechmount-img-blog-top size-themetechmount-img-blog-top wp-post-image\" alt=\"\" srcset=\"https:\/\/beytepeenerji.com\/wp-content\/uploads\/2024\/04\/prosumer-expo-493x510.jpg 493w, https:\/\/beytepeenerji.com\/wp-content\/uploads\/2024\/04\/prosumer-expo-290x300.jpg 290w, https:\/\/beytepeenerji.com\/wp-content\/uploads\/2024\/04\/prosumer-expo-768x794.jpg 768w, https:\/\/beytepeenerji.com\/wp-content\/uploads\/2024\/04\/prosumer-expo.jpg 832w\" sizes=\"(max-width: 493px) 100vw, 493px\" data-id=\"121\" \/><\/a><\/div>\t\t\t\t<div class=\"tm-box-post-date\">\n\t\t\t\t\t22\t\t\t\t\t<span>Apr<\/span>\n\t\t\t\t<\/div>\t\n\t\t\t<\/div>\t\t\n\t\t\t<div class=\"themetechmount-box-desc\">\n\t\t\t\t<div class=\"entry-header\">\n\t\t\t\t\t\t\t\t\t\t<div class=\"themetechmount-box-title\"><h4><a href=\"https:\/\/beytepeenerji.com\/en\/prosumer-expo-temiz-enerji-kongresi-ve-fuarinda-biz-de-variz\/\">We are also at the PROSUMER EXPO CLEAN ENERGY CONGRESS AND FAIR.<\/a><\/h4><\/div>\t\t\t\t<\/div>\n\t\t\t\t<div class=\"themetechmount-blogbox-desc-footer\">\n\t\t\t\t\t\t\t\t\t<\/div>\t\t\t\t\n\t\t\t<\/div>\n        <\/div>\n\t<\/div>\n<\/article>\n<\/div><div class=\"tm-box-col-wrapper  haberler col-lg-4 col-sm-6 col-md-4 col-xs-12\"><article class=\"themetechmount-box themetechmount-box-blog themetechmount-blogbox-style13 themetechmount-blogbox-format-\">\n\t<div class=\"post-item\">\n\t\t<div class=\"themetechmount-box-content\">\t\t\n\t\t\t<div class=\"tm-featured-outer-wrapper tm-post-featured-outer-wrapper\">\n\t\t\t\t<div class=\"tm-featured-wrapper tm-post-featured-wrapper tm-post-format-\"><a href=\"https:\/\/beytepeenerji.com\/en\/eif-world-energy-congressexpo-enerji-fuarinda-bizde-variz\/\"><img decoding=\"async\" width=\"493\" height=\"510\" src=\"https:\/\/beytepeenerji.com\/wp-content\/uploads\/2024\/04\/haber-1-493x510.jpg\" class=\"attachment-themetechmount-img-blog-top size-themetechmount-img-blog-top wp-post-image\" alt=\"\" srcset=\"https:\/\/beytepeenerji.com\/wp-content\/uploads\/2024\/04\/haber-1-493x510.jpg 493w, https:\/\/beytepeenerji.com\/wp-content\/uploads\/2024\/04\/haber-1-290x300.jpg 290w, https:\/\/beytepeenerji.com\/wp-content\/uploads\/2024\/04\/haber-1-768x794.jpg 768w, https:\/\/beytepeenerji.com\/wp-content\/uploads\/2024\/04\/haber-1.jpg 832w\" sizes=\"(max-width: 493px) 100vw, 493px\" data-id=\"120\" \/><\/a><\/div>\t\t\t\t<div class=\"tm-box-post-date\">\n\t\t\t\t\t22\t\t\t\t\t<span>Apr<\/span>\n\t\t\t\t<\/div>\t\n\t\t\t<\/div>\t\t\n\t\t\t<div class=\"themetechmount-box-desc\">\n\t\t\t\t<div class=\"entry-header\">\n\t\t\t\t\t\t\t\t\t\t<div class=\"themetechmount-box-title\"><h4><a href=\"https:\/\/beytepeenerji.com\/en\/eif-world-energy-congressexpo-enerji-fuarinda-bizde-variz\/\">We are also at the EIF World Energy Congress&amp;Expo Energy Fair<\/a><\/h4><\/div>\t\t\t\t<\/div>\n\t\t\t\t<div class=\"themetechmount-blogbox-desc-footer\">\n\t\t\t\t\t\t\t\t\t<\/div>\t\t\t\t\n\t\t\t<\/div>\n        <\/div>\n\t<\/div>\n<\/article>\n<\/div><div class=\"tm-box-col-wrapper  haberler col-lg-4 col-sm-6 col-md-4 col-xs-12\"><article class=\"themetechmount-box themetechmount-box-blog themetechmount-blogbox-style13 themetechmount-blogbox-format-\">\n\t<div class=\"post-item\">\n\t\t<div class=\"themetechmount-box-content\">\t\t\n\t\t\t<div class=\"tm-featured-outer-wrapper tm-post-featured-outer-wrapper\">\n\t\t\t\t<div class=\"tm-featured-wrapper tm-post-featured-wrapper tm-post-format-\"><a href=\"https:\/\/beytepeenerji.com\/en\/her-seferinde-bir-gunes-paneli-ile-geleceginizi-aydinlatiyoruz\/\"><img decoding=\"async\" width=\"493\" height=\"510\" src=\"https:\/\/beytepeenerji.com\/wp-content\/uploads\/2024\/04\/haber-3-1-493x510.jpg\" class=\"attachment-themetechmount-img-blog-top size-themetechmount-img-blog-top wp-post-image\" alt=\"\" srcset=\"https:\/\/beytepeenerji.com\/wp-content\/uploads\/2024\/04\/haber-3-1-493x510.jpg 493w, https:\/\/beytepeenerji.com\/wp-content\/uploads\/2024\/04\/haber-3-1-290x300.jpg 290w, https:\/\/beytepeenerji.com\/wp-content\/uploads\/2024\/04\/haber-3-1-768x794.jpg 768w, https:\/\/beytepeenerji.com\/wp-content\/uploads\/2024\/04\/haber-3-1.jpg 832w\" sizes=\"(max-width: 493px) 100vw, 493px\" data-id=\"122\" \/><\/a><\/div>\t\t\t\t<div class=\"tm-box-post-date\">\n\t\t\t\t\t22\t\t\t\t\t<span>Apr<\/span>\n\t\t\t\t<\/div>\t\n\t\t\t<\/div>\t\t\n\t\t\t<div class=\"themetechmount-box-desc\">\n\t\t\t\t<div class=\"entry-header\">\n\t\t\t\t\t\t\t\t\t\t<div class=\"themetechmount-box-title\"><h4><a href=\"https:\/\/beytepeenerji.com\/en\/her-seferinde-bir-gunes-paneli-ile-geleceginizi-aydinlatiyoruz\/\">We light up your future one solar panel at a time<\/a><\/h4><\/div>\t\t\t\t<\/div>\n\t\t\t\t<div class=\"themetechmount-blogbox-desc-footer\">\n\t\t\t\t\t\t\t\t\t<\/div>\t\t\t\t\n\t\t\t<\/div>\n        <\/div>\n\t<\/div>\n<\/article>\n<\/div><div class=\"tm-box-col-wrapper  haberler col-lg-4 col-sm-6 col-md-4 col-xs-12\"><article class=\"themetechmount-box themetechmount-box-blog themetechmount-blogbox-style13 themetechmount-blogbox-format-\">\n\t<div class=\"post-item\">\n\t\t<div class=\"themetechmount-box-content\">\t\t\n\t\t\t<div class=\"tm-featured-outer-wrapper tm-post-featured-outer-wrapper\">\n\t\t\t\t<div class=\"tm-featured-wrapper tm-post-featured-wrapper tm-post-format-\"><a href=\"https:\/\/beytepeenerji.com\/en\/dunya-kadin-muhendisler-gunu-kutlu-olsun\/\"><img loading=\"lazy\" decoding=\"async\" width=\"493\" height=\"510\" src=\"https:\/\/beytepeenerji.com\/wp-content\/uploads\/2024\/04\/HABER-2-493x510.jpg\" class=\"attachment-themetechmount-img-blog-top size-themetechmount-img-blog-top wp-post-image\" alt=\"\" srcset=\"https:\/\/beytepeenerji.com\/wp-content\/uploads\/2024\/04\/HABER-2-493x510.jpg 493w, https:\/\/beytepeenerji.com\/wp-content\/uploads\/2024\/04\/HABER-2-290x300.jpg 290w, https:\/\/beytepeenerji.com\/wp-content\/uploads\/2024\/04\/HABER-2-768x794.jpg 768w, https:\/\/beytepeenerji.com\/wp-content\/uploads\/2024\/04\/HABER-2.jpg 832w\" sizes=\"(max-width: 493px) 100vw, 493px\" data-id=\"109\" \/><\/a><\/div>\t\t\t\t<div class=\"tm-box-post-date\">\n\t\t\t\t\t22\t\t\t\t\t<span>Apr<\/span>\n\t\t\t\t<\/div>\t\n\t\t\t<\/div>\t\t\n\t\t\t<div class=\"themetechmount-box-desc\">\n\t\t\t\t<div class=\"entry-header\">\n\t\t\t\t\t\t\t\t\t\t<div class=\"themetechmount-box-title\"><h4><a href=\"https:\/\/beytepeenerji.com\/en\/dunya-kadin-muhendisler-gunu-kutlu-olsun\/\">International Women in Engineering Day<\/a><\/h4><\/div>\t\t\t\t<\/div>\n\t\t\t\t<div class=\"themetechmount-blogbox-desc-footer\">\n\t\t\t\t\t\t\t\t\t<\/div>\t\t\t\t\n\t\t\t<\/div>\n        <\/div>\n\t<\/div>\n<\/article>\n<\/div>\n\t\t\t<\/div>\n\t\t\t<\/div><!-- .themetechmount-boxes-inner -->   <\/div><!-- .themetechmount-boxes -->  \t\t<\/div>\n\t\t\t\t<\/div>\n\t\t\t\t\t<\/div>\n\t\t\t\t<\/div>\n\t\t\t\t<\/div>","protected":false},"excerpt":{"rendered":"<p>22 Nis PROSUMER EXPO TEM\u0130Z ENERJ\u0130 KONGRES\u0130 VE FUARI\u2019nda, Biz de var\u0131z 22 Nis EIF World Energy Congress&#038;Expo Enerji Fuar\u0131nda, Bizde Var\u0131z 22 Nis Her Seferinde Bir G\u00fcne\u015f Paneli ile Gelece\u011finizi Ayd\u0131nlat\u0131yoruz 22 Nis D\u00fcnya Kad\u0131n M\u00fchendisler G\u00fcn\u00fc Kutlu Olsun<\/p>","protected":false},"author":1,"featured_media":0,"parent":0,"menu_order":0,"comment_status":"closed","ping_status":"closed","template":"","meta":{"footnotes":""},"_links":{"self":[{"href":"https:\/\/beytepeenerji.com\/en\/wp-json\/wp\/v2\/pages\/134"}],"collection":[{"href":"https:\/\/beytepeenerji.com\/en\/wp-json\/wp\/v2\/pages"}],"about":[{"href":"https:\/\/beytepeenerji.com\/en\/wp-json\/wp\/v2\/types\/page"}],"author":[{"embeddable":true,"href":"https:\/\/beytepeenerji.com\/en\/wp-json\/wp\/v2\/users\/1"}],"replies":[{"embeddable":true,"href":"https:\/\/beytepeenerji.com\/en\/wp-json\/wp\/v2\/comments?post=134"}],"version-history":[{"count":10,"href":"https:\/\/beytepeenerji.com\/en\/wp-json\/wp\/v2\/pages\/134\/revisions"}],"predecessor-version":[{"id":150,"href":"https:\/\/beytepeenerji.com\/en\/wp-json\/wp\/v2\/pages\/134\/revisions\/150"}],"wp:attachment":[{"href":"https:\/\/beytepeenerji.com\/en\/wp-json\/wp\/v2\/media?parent=134"}],"curies":[{"name":"wp","href":"https:\/\/api.w.org\/{rel}","templated":true}]}}