{"id":133,"date":"2024-04-22T10:26:49","date_gmt":"2024-04-22T07:26:49","guid":{"rendered":"https:\/\/epoxdemo.com.tr\/beytepeenerji\/?page_id=133"},"modified":"2024-04-27T11:38:42","modified_gmt":"2024-04-27T08:38:42","slug":"vizyon-misyon","status":"publish","type":"page","link":"https:\/\/beytepeenerji.com\/en\/vizyon-misyon\/","title":{"rendered":"Vision &amp; Mission"},"content":{"rendered":"<div data-elementor-type=\"wp-page\" data-elementor-id=\"133\" class=\"elementor elementor-133\">\n\t\t\t\t<div class=\"elementor-element elementor-element-e7c8225 e-flex e-con-boxed e-con e-parent\" data-id=\"e7c8225\" data-element_type=\"container\">\n\t\t\t\t\t<div class=\"e-con-inner\">\n\t\t<div class=\"elementor-element elementor-element-f689e6a e-con-full e-flex e-con e-child\" data-id=\"f689e6a\" data-element_type=\"container\" data-settings=\"{&quot;background_background&quot;:&quot;classic&quot;}\">\n\t\t\t\t<div class=\"elementor-element elementor-element-201c8cb tm-align-left elementor-widget elementor-widget-tm_heading\" data-id=\"201c8cb\" data-element_type=\"widget\" data-widget_type=\"tm_heading.default\">\n\t\t\t\t<div class=\"elementor-widget-container\">\n\t\t\t<div class=\"tm-element-heading-content-wrapper left-align  tm-seperator-solid tm-content-with-desc tm-heading-style-vertical\"><div class=\"tm-content-header\"><h2 class=\"tm-element-content-heading\">\n\t\t\t\tMission\n\t\t\t<\/h2>\n\t\t<\/div><div class=\"tm-element-content-desctxt\">We are constantly developing solutions for the effective and efficient use of renewable energy resources. Taking into account average and long-term sectoral development and growth trends, we want to leave a cleaner environment for future generations. We continue our research and development work in the field of solar energy in order to contribute to Turkey's development goals by providing environmentally friendly, sustainable and high quality energy. We continue to be a pioneer in the energy sector with our expert staff and our experience in the installation of power plants.<\/div><\/div>\t\t<\/div>\n\t\t\t\t<\/div>\n\t\t\t\t<\/div>\n\t\t<div class=\"elementor-element elementor-element-11525e0 e-con-full e-flex e-con e-child\" data-id=\"11525e0\" data-element_type=\"container\" data-settings=\"{&quot;background_background&quot;:&quot;classic&quot;}\">\n\t\t\t\t<div class=\"elementor-element elementor-element-20ac041 elementor-widget elementor-widget-image\" data-id=\"20ac041\" data-element_type=\"widget\" data-widget_type=\"image.default\">\n\t\t\t\t<div class=\"elementor-widget-container\">\n\t\t\t<style>\/*! elementor - v3.21.0 - 18-04-2024 *\/\n.elementor-widget-image{text-align:center}.elementor-widget-image a{display:inline-block}.elementor-widget-image a img[src$=\".svg\"]{width:48px}.elementor-widget-image img{vertical-align:middle;display:inline-block}<\/style>\t\t\t\t\t\t\t\t\t\t<img decoding=\"async\" src=\"https:\/\/beytepeenerji.com\/wp-content\/uploads\/elementor\/thumbs\/4868-qn30ma8ulrvuarxc80ewfh4086cj47my98aav9oujk.jpg\" title=\"4868\" alt=\"4868\" loading=\"lazy\" \/>\t\t\t\t\t\t\t\t\t\t\t\t\t<\/div>\n\t\t\t\t<\/div>\n\t\t\t\t<\/div>\n\t\t\t\t\t<\/div>\n\t\t\t\t<\/div>\n\t\t<div class=\"elementor-element elementor-element-3ad55bc e-flex e-con-boxed e-con e-parent\" data-id=\"3ad55bc\" data-element_type=\"container\">\n\t\t\t\t\t<div class=\"e-con-inner\">\n\t\t<div class=\"elementor-element elementor-element-b0736f1 e-con-full e-flex e-con e-child\" data-id=\"b0736f1\" data-element_type=\"container\" data-settings=\"{&quot;background_background&quot;:&quot;classic&quot;}\">\n\t\t\t\t<div class=\"elementor-element elementor-element-0a46f4d elementor-widget elementor-widget-image\" data-id=\"0a46f4d\" data-element_type=\"widget\" data-widget_type=\"image.default\">\n\t\t\t\t<div class=\"elementor-widget-container\">\n\t\t\t\t\t\t\t\t\t\t\t\t\t<img decoding=\"async\" src=\"https:\/\/beytepeenerji.com\/wp-content\/uploads\/elementor\/thumbs\/40981-qn30mfvvqs3k8fp5b2unuforshkqee9ca077qxghi8.jpg\" title=\"40981\" alt=\"40981\" loading=\"lazy\" \/>\t\t\t\t\t\t\t\t\t\t\t\t\t<\/div>\n\t\t\t\t<\/div>\n\t\t\t\t<\/div>\n\t\t<div class=\"elementor-element elementor-element-6c98afc e-con-full e-flex e-con e-child\" data-id=\"6c98afc\" data-element_type=\"container\" data-settings=\"{&quot;background_background&quot;:&quot;classic&quot;}\">\n\t\t\t\t<div class=\"elementor-element elementor-element-c64f4d4 tm-align-left elementor-widget elementor-widget-tm_heading\" data-id=\"c64f4d4\" data-element_type=\"widget\" data-widget_type=\"tm_heading.default\">\n\t\t\t\t<div class=\"elementor-widget-container\">\n\t\t\t<div class=\"tm-element-heading-content-wrapper left-align  tm-seperator-solid tm-content-with-desc tm-heading-style-vertical\"><div class=\"tm-content-header\"><h2 class=\"tm-element-content-heading\">\n\t\t\t\tVision\n\t\t\t<\/h2>\n\t\t<\/div><div class=\"tm-element-content-desctxt\">We combine advanced technology and sustainable practices to build an environmentally friendly future by meeting Turkey's energy needs from renewable sources. Our goal is to be a leading contributor to the country's sustainable development goals and to leave a clean environment for future generations. By developing innovative and expert solutions in the field of solar energy, we contribute to the transformation of Turkey's energy sector and aim to be a role model on an international level.<\/div><\/div>\t\t<\/div>\n\t\t\t\t<\/div>\n\t\t\t\t<\/div>\n\t\t\t\t\t<\/div>\n\t\t\t\t<\/div>\n\t\t\t\t<\/div>","protected":false},"excerpt":{"rendered":"<p>Misyonumuz Yenilenebilir enerji kaynaklar\u0131n\u0131n etkin ve verimli kullan\u0131m\u0131 i\u00e7in s\u00fcrekli \u00e7\u00f6z\u00fcmler \u00fcretiyoruz. Ortalama ve uzun vadeli sekt\u00f6rel geli\u015fme ve b\u00fcy\u00fcme trendlerini dikkate alarak, gelecek ku\u015faklara daha temiz bir \u00e7evre b\u0131rakmay\u0131 hedefliyoruz. T\u00fcrkiye&#8217;nin \u00e7evreye duyarl\u0131, s\u00fcrd\u00fcr\u00fclebilir ve kaliteli enerji teminiyle kalk\u0131nma hedeflerine ula\u015fmas\u0131na katk\u0131da bulunmak i\u00e7in, g\u00fcne\u015f enerjisi odakl\u0131 AR-GE \u00e7al\u0131\u015fmalar\u0131m\u0131z\u0131 s\u00fcrd\u00fcr\u00fcyoruz. Uzman personelimiz ve birlikte &hellip; <a href=\"https:\/\/beytepeenerji.com\/en\/vizyon-misyon\/\" class=\"more-link\">Continue reading <span class=\"screen-reader-text\">Vision &amp; Mission<\/span><\/a><\/p>","protected":false},"author":1,"featured_media":0,"parent":0,"menu_order":0,"comment_status":"closed","ping_status":"closed","template":"elementor_header_footer","meta":{"footnotes":""},"_links":{"self":[{"href":"https:\/\/beytepeenerji.com\/en\/wp-json\/wp\/v2\/pages\/133"}],"collection":[{"href":"https:\/\/beytepeenerji.com\/en\/wp-json\/wp\/v2\/pages"}],"about":[{"href":"https:\/\/beytepeenerji.com\/en\/wp-json\/wp\/v2\/types\/page"}],"author":[{"embeddable":true,"href":"https:\/\/beytepeenerji.com\/en\/wp-json\/wp\/v2\/users\/1"}],"replies":[{"embeddable":true,"href":"https:\/\/beytepeenerji.com\/en\/wp-json\/wp\/v2\/comments?post=133"}],"version-history":[{"count":31,"href":"https:\/\/beytepeenerji.com\/en\/wp-json\/wp\/v2\/pages\/133\/revisions"}],"predecessor-version":[{"id":791,"href":"https:\/\/beytepeenerji.com\/en\/wp-json\/wp\/v2\/pages\/133\/revisions\/791"}],"wp:attachment":[{"href":"https:\/\/beytepeenerji.com\/en\/wp-json\/wp\/v2\/media?parent=133"}],"curies":[{"name":"wp","href":"https:\/\/api.w.org\/{rel}","templated":true}]}}